{"id":1726,"date":"2022-02-21T16:47:44","date_gmt":"2022-02-21T14:47:44","guid":{"rendered":"https:\/\/www.shoerepair-online.com\/?post_type=product&#038;p=1726"},"modified":"2023-03-22T12:16:18","modified_gmt":"2023-03-22T10:16:18","slug":"suede-en-nubuck-borstel","status":"publish","type":"product","link":"https:\/\/www.shoerepair-online.com\/nl\/shop\/accessoires\/suede-en-nubuck-borstel\/","title":{"rendered":"Su\u00e8de en nubuck borstel"},"content":{"rendered":"","protected":false},"excerpt":{"rendered":"<p>Een su\u00e8de en nubuck borstel met aan de ene kant zachte nylon borstelharen en aan de andere kant messingdraad. Deze is bijzonder geschikt voor het reinigen van su\u00e8de en nubuck schoenen.<\/p>\n","protected":false},"featured_media":1641,"comment_status":"closed","ping_status":"closed","template":"","meta":{"_acf_changed":false,"inline_featured_image":false,"footnotes":""},"product_cat":[27],"product_tag":[],"products_material":[],"class_list":["post-1726","product","type-product","status-publish","has-post-thumbnail","hentry","product_cat-accessoires"],"acf":[],"yoast_head":"<!-- This site is optimized with the Yoast SEO plugin v27.0 - https:\/\/yoast.com\/product\/yoast-seo-wordpress\/ -->\n<title>Su\u00e8de en nubuck borstel - Shoe Repair Online<\/title>\n<meta name=\"description\" content=\"Su\u00e8de en nubuck schoenen zijn delicaat in onderhoud. Een su\u00e8de en nubuck borstel reinigt jouw schoenen van su\u00e8de en nubuck.\" \/>\n<meta name=\"robots\" content=\"noindex, follow, max-snippet:-1, max-image-preview:large, max-video-preview:-1\" \/>\n<meta property=\"og:locale\" content=\"nl_NL\" \/>\n<meta property=\"og:type\" content=\"article\" \/>\n<meta property=\"og:title\" content=\"Su\u00e8de en nubuck borstel - Shoe Repair Online\" \/>\n<meta property=\"og:description\" content=\"Su\u00e8de en nubuck schoenen zijn delicaat in onderhoud. Een su\u00e8de en nubuck borstel reinigt jouw schoenen van su\u00e8de en nubuck.\" \/>\n<meta property=\"og:url\" content=\"https:\/\/www.shoerepair-online.com\/nl\/shop\/accessoires\/suede-en-nubuck-borstel\/\" \/>\n<meta property=\"og:site_name\" content=\"Shoe Repair Online\" \/>\n<meta property=\"article:modified_time\" content=\"2023-03-22T10:16:18+00:00\" \/>\n<meta property=\"og:image\" content=\"https:\/\/www.shoerepair-online.com\/wp-content\/uploads\/2022\/02\/10520_suede-nubuck-borstel.png\" \/>\n\t<meta property=\"og:image:width\" content=\"436\" \/>\n\t<meta property=\"og:image:height\" content=\"415\" \/>\n\t<meta property=\"og:image:type\" content=\"image\/png\" \/>\n<meta name=\"twitter:card\" content=\"summary_large_image\" \/>\n<script type=\"application\/ld+json\" class=\"yoast-schema-graph\">{\"@context\":\"https:\/\/schema.org\",\"@graph\":[{\"@type\":\"WebPage\",\"@id\":\"https:\/\/www.shoerepair-online.com\/nl\/shop\/accessoires\/suede-en-nubuck-borstel\/\",\"url\":\"https:\/\/www.shoerepair-online.com\/nl\/shop\/accessoires\/suede-en-nubuck-borstel\/\",\"name\":\"Su\u00e8de en nubuck borstel - Shoe Repair Online\",\"isPartOf\":{\"@id\":\"https:\/\/www.shoerepair-online.com\/nl\/#website\"},\"primaryImageOfPage\":{\"@id\":\"https:\/\/www.shoerepair-online.com\/nl\/shop\/accessoires\/suede-en-nubuck-borstel\/#primaryimage\"},\"image\":{\"@id\":\"https:\/\/www.shoerepair-online.com\/nl\/shop\/accessoires\/suede-en-nubuck-borstel\/#primaryimage\"},\"thumbnailUrl\":\"https:\/\/www.shoerepair-online.com\/wp-content\/uploads\/2022\/02\/10520_suede-nubuck-borstel.png\",\"datePublished\":\"2022-02-21T14:47:44+00:00\",\"dateModified\":\"2023-03-22T10:16:18+00:00\",\"description\":\"Su\u00e8de en nubuck schoenen zijn delicaat in onderhoud. Een su\u00e8de en nubuck borstel reinigt jouw schoenen van su\u00e8de en nubuck.\",\"breadcrumb\":{\"@id\":\"https:\/\/www.shoerepair-online.com\/nl\/shop\/accessoires\/suede-en-nubuck-borstel\/#breadcrumb\"},\"inLanguage\":\"nl-NL\",\"potentialAction\":[{\"@type\":\"ReadAction\",\"target\":[\"https:\/\/www.shoerepair-online.com\/nl\/shop\/accessoires\/suede-en-nubuck-borstel\/\"]}]},{\"@type\":\"ImageObject\",\"inLanguage\":\"nl-NL\",\"@id\":\"https:\/\/www.shoerepair-online.com\/nl\/shop\/accessoires\/suede-en-nubuck-borstel\/#primaryimage\",\"url\":\"https:\/\/www.shoerepair-online.com\/wp-content\/uploads\/2022\/02\/10520_suede-nubuck-borstel.png\",\"contentUrl\":\"https:\/\/www.shoerepair-online.com\/wp-content\/uploads\/2022\/02\/10520_suede-nubuck-borstel.png\",\"width\":436,\"height\":415,\"caption\":\"Suede & Nubuck Borstel\"},{\"@type\":\"BreadcrumbList\",\"@id\":\"https:\/\/www.shoerepair-online.com\/nl\/shop\/accessoires\/suede-en-nubuck-borstel\/#breadcrumb\",\"itemListElement\":[{\"@type\":\"ListItem\",\"position\":1,\"name\":\"Home\",\"item\":\"https:\/\/www.shoerepair-online.com\/nl\/\"},{\"@type\":\"ListItem\",\"position\":2,\"name\":\"Shop\",\"item\":\"https:\/\/www.shoerepair-online.com\/nl\/shop\/\"},{\"@type\":\"ListItem\",\"position\":3,\"name\":\"Accessoires\",\"item\":\"https:\/\/www.shoerepair-online.com\/nl\/shop\/accessoires\/\"},{\"@type\":\"ListItem\",\"position\":4,\"name\":\"Su\u00e8de en nubuck borstel\"}]},{\"@type\":\"WebSite\",\"@id\":\"https:\/\/www.shoerepair-online.com\/nl\/#website\",\"url\":\"https:\/\/www.shoerepair-online.com\/nl\/\",\"name\":\"Shoe Repair Online\",\"description\":\"Powered by Mister Minit\",\"potentialAction\":[{\"@type\":\"SearchAction\",\"target\":{\"@type\":\"EntryPoint\",\"urlTemplate\":\"https:\/\/www.shoerepair-online.com\/nl\/?s={search_term_string}\"},\"query-input\":{\"@type\":\"PropertyValueSpecification\",\"valueRequired\":true,\"valueName\":\"search_term_string\"}}],\"inLanguage\":\"nl-NL\"}]}<\/script>\n<!-- \/ Yoast SEO plugin. -->","yoast_head_json":{"title":"Su\u00e8de en nubuck borstel - Shoe Repair Online","description":"Su\u00e8de en nubuck schoenen zijn delicaat in onderhoud. Een su\u00e8de en nubuck borstel reinigt jouw schoenen van su\u00e8de en nubuck.","robots":{"index":"noindex","follow":"follow","max-snippet":"max-snippet:-1","max-image-preview":"max-image-preview:large","max-video-preview":"max-video-preview:-1"},"og_locale":"nl_NL","og_type":"article","og_title":"Su\u00e8de en nubuck borstel - Shoe Repair Online","og_description":"Su\u00e8de en nubuck schoenen zijn delicaat in onderhoud. Een su\u00e8de en nubuck borstel reinigt jouw schoenen van su\u00e8de en nubuck.","og_url":"https:\/\/www.shoerepair-online.com\/nl\/shop\/accessoires\/suede-en-nubuck-borstel\/","og_site_name":"Shoe Repair Online","article_modified_time":"2023-03-22T10:16:18+00:00","og_image":[{"width":436,"height":415,"url":"https:\/\/www.shoerepair-online.com\/wp-content\/uploads\/2022\/02\/10520_suede-nubuck-borstel.png","type":"image\/png"}],"twitter_card":"summary_large_image","schema":{"@context":"https:\/\/schema.org","@graph":[{"@type":"WebPage","@id":"https:\/\/www.shoerepair-online.com\/nl\/shop\/accessoires\/suede-en-nubuck-borstel\/","url":"https:\/\/www.shoerepair-online.com\/nl\/shop\/accessoires\/suede-en-nubuck-borstel\/","name":"Su\u00e8de en nubuck borstel - Shoe Repair Online","isPartOf":{"@id":"https:\/\/www.shoerepair-online.com\/nl\/#website"},"primaryImageOfPage":{"@id":"https:\/\/www.shoerepair-online.com\/nl\/shop\/accessoires\/suede-en-nubuck-borstel\/#primaryimage"},"image":{"@id":"https:\/\/www.shoerepair-online.com\/nl\/shop\/accessoires\/suede-en-nubuck-borstel\/#primaryimage"},"thumbnailUrl":"https:\/\/www.shoerepair-online.com\/wp-content\/uploads\/2022\/02\/10520_suede-nubuck-borstel.png","datePublished":"2022-02-21T14:47:44+00:00","dateModified":"2023-03-22T10:16:18+00:00","description":"Su\u00e8de en nubuck schoenen zijn delicaat in onderhoud. Een su\u00e8de en nubuck borstel reinigt jouw schoenen van su\u00e8de en nubuck.","breadcrumb":{"@id":"https:\/\/www.shoerepair-online.com\/nl\/shop\/accessoires\/suede-en-nubuck-borstel\/#breadcrumb"},"inLanguage":"nl-NL","potentialAction":[{"@type":"ReadAction","target":["https:\/\/www.shoerepair-online.com\/nl\/shop\/accessoires\/suede-en-nubuck-borstel\/"]}]},{"@type":"ImageObject","inLanguage":"nl-NL","@id":"https:\/\/www.shoerepair-online.com\/nl\/shop\/accessoires\/suede-en-nubuck-borstel\/#primaryimage","url":"https:\/\/www.shoerepair-online.com\/wp-content\/uploads\/2022\/02\/10520_suede-nubuck-borstel.png","contentUrl":"https:\/\/www.shoerepair-online.com\/wp-content\/uploads\/2022\/02\/10520_suede-nubuck-borstel.png","width":436,"height":415,"caption":"Suede & Nubuck Borstel"},{"@type":"BreadcrumbList","@id":"https:\/\/www.shoerepair-online.com\/nl\/shop\/accessoires\/suede-en-nubuck-borstel\/#breadcrumb","itemListElement":[{"@type":"ListItem","position":1,"name":"Home","item":"https:\/\/www.shoerepair-online.com\/nl\/"},{"@type":"ListItem","position":2,"name":"Shop","item":"https:\/\/www.shoerepair-online.com\/nl\/shop\/"},{"@type":"ListItem","position":3,"name":"Accessoires","item":"https:\/\/www.shoerepair-online.com\/nl\/shop\/accessoires\/"},{"@type":"ListItem","position":4,"name":"Su\u00e8de en nubuck borstel"}]},{"@type":"WebSite","@id":"https:\/\/www.shoerepair-online.com\/nl\/#website","url":"https:\/\/www.shoerepair-online.com\/nl\/","name":"Shoe Repair Online","description":"Powered by Mister Minit","potentialAction":[{"@type":"SearchAction","target":{"@type":"EntryPoint","urlTemplate":"https:\/\/www.shoerepair-online.com\/nl\/?s={search_term_string}"},"query-input":{"@type":"PropertyValueSpecification","valueRequired":true,"valueName":"search_term_string"}}],"inLanguage":"nl-NL"}]}},"_links":{"self":[{"href":"https:\/\/www.shoerepair-online.com\/nl\/wp-json\/wp\/v2\/product\/1726","targetHints":{"allow":["GET"]}}],"collection":[{"href":"https:\/\/www.shoerepair-online.com\/nl\/wp-json\/wp\/v2\/product"}],"about":[{"href":"https:\/\/www.shoerepair-online.com\/nl\/wp-json\/wp\/v2\/types\/product"}],"replies":[{"embeddable":true,"href":"https:\/\/www.shoerepair-online.com\/nl\/wp-json\/wp\/v2\/comments?post=1726"}],"version-history":[{"count":3,"href":"https:\/\/www.shoerepair-online.com\/nl\/wp-json\/wp\/v2\/product\/1726\/revisions"}],"predecessor-version":[{"id":4057,"href":"https:\/\/www.shoerepair-online.com\/nl\/wp-json\/wp\/v2\/product\/1726\/revisions\/4057"}],"wp:featuredmedia":[{"embeddable":true,"href":"https:\/\/www.shoerepair-online.com\/nl\/wp-json\/wp\/v2\/media\/1641"}],"wp:attachment":[{"href":"https:\/\/www.shoerepair-online.com\/nl\/wp-json\/wp\/v2\/media?parent=1726"}],"wp:term":[{"taxonomy":"product_cat","embeddable":true,"href":"https:\/\/www.shoerepair-online.com\/nl\/wp-json\/wp\/v2\/product_cat?post=1726"},{"taxonomy":"product_tag","embeddable":true,"href":"https:\/\/www.shoerepair-online.com\/nl\/wp-json\/wp\/v2\/product_tag?post=1726"},{"taxonomy":"products_material","embeddable":true,"href":"https:\/\/www.shoerepair-online.com\/nl\/wp-json\/wp\/v2\/products_material?post=1726"}],"curies":[{"name":"wp","href":"https:\/\/api.w.org\/{rel}","templated":true}]}}