{"id":222,"date":"2021-12-29T17:05:00","date_gmt":"2021-12-29T15:05:00","guid":{"rendered":"https:\/\/www.shoerepair-online.com\/?page_id=222"},"modified":"2022-05-23T11:31:43","modified_gmt":"2022-05-23T09:31:43","slug":"algemene-voorwaarden","status":"publish","type":"page","link":"https:\/\/www.shoerepair-online.com\/nl\/algemene-voorwaarden\/","title":{"rendered":"Algemene voorwaarden"},"content":{"rendered":"<h1>Algemene voorwaarden<\/h1>\n<p>Klik <a href=\"https:\/\/www.shoerepair-online.com\/wp-content\/uploads\/2022\/05\/ShoeRepair-Online-Algemene-voorwaarden-service.pdf\" target=\"\" rel=\"noopener\">hier<\/a> om onze <a href=\"https:\/\/www.shoerepair-online.com\/wp-content\/uploads\/2022\/05\/ShoeRepair-Online-Algemene-voorwaarden-service.pdf\" target=\"\" rel=\"noopener\">algemene voorwaarden<\/a> te downloaden als PDF.<\/p>\n<p><strong>Preface for English and German-speaking customers<\/strong><br \/>\n<strong>Vorwort f\u00fcr deutsch- und englischsprachige Kunden<\/strong><\/p>\n<ol>\n<li>This document in Dutch sets out the general conditions that will govern the contractual relationship.Dieses niederl\u00e4ndischsprachige Dokument enth\u00e4lt die allgemeinen Bedingungen, die das Vertragsverh\u00e4ltnis regeln werden.<\/li>\n<li>To the extent that the customer does not understand Dutch, he is explicitly invited to provide a translation into a language he understands before accepting the general conditions.Sofern der Kunde der niederl\u00e4ndischen Sprache nicht m\u00e4chtig ist, wird er ausdr\u00fccklich aufgefordert, eine \u00dcbersetzung in eine ihm verst\u00e4ndliche Sprache vorzulegen, bevor er die allgemeinen Gesch\u00e4ftsbedingungen akzeptiert.<\/li>\n<li>The acceptance of these general conditions implies that the customer renounces any right to invoke an alleged lack of knowledge of the Dutch language to contest the opposability of the general conditions.Die Annahme dieser Allgemeinen Gesch\u00e4ftsbedingungen bedeutet, dass der Kunde auf das Recht verzichtet, sich auf eine angebliche Unkenntnis der niederl\u00e4ndischen Sprache zu berufen, um die Anfechtbarkeit der Allgemeinen Gesch\u00e4ftsbedingungen zu bestreiten.<\/li>\n<\/ol>\n<h2><strong>1. Algemeen<\/strong><\/h2>\n<p>Deze verkoopsvoorwaarden regelen het gebruik van de website van de NV MINIT Benelux, met ondernemingsnummer BE 0414.907.404 en maatschappelijke zetel te Erembodegem, Industrielaan 25 \u2013 Zuid 3, 9320 Erembodegem, Belgi\u00eb (hierna \u2018de verkoper\u2019 genoemd). De NV MINIT Benelux heeft als BTW nummer BE 0414.907.404 en als IBAN BE42 2100 1391 0054. De verkoopsvoorwaarden zijn ook van toepassing telkens wanneer een herstellingsopdracht of bestelling via de webshop van de NV MINIT Benelux wordt geplaatst via <a href=\"https:\/\/www.shoerepair-online.com\">shoerepair-online.com<\/a><br \/>\nDe website van de NV MINIT Benelux werd gecre\u00eberd in opdracht van en wordt beheerd door de verkoper. Gebruikers mogen de informatie op de site kosteloos bekijken en afdrukken voor persoonlijk gebruik, maar niet voor commerci\u00eble doeleinden. Eenieder die een bestelling plaatst op de website (hierna genoemd &#8216;de klant&#8217;), bevestigt door de bestelling een natuurlijk persoon en bovendien handelingsbekwaam te zijn.<\/p>\n<p>Handelingsonbekwamen dienen zich te laten vertegenwoordigen door hun wettelijke vertegenwoordiger die eveneens gebonden is door deze verkoopsvoorwaarden en het bestelformulier zelf moet invullen, dan wel de handelingsonbekwame hiertoe expliciete toestemming moet verlenen. Hierbij blijven de bepalingen uit het navolgend artikel \u2018bescherming van de privacy\u2019 omtrent de verwerking van persoonsgegevens onverkort gelden.<\/p>\n<p>Het plaatsen van een bestelling houdt een betalingsverplichting in. Het plaatsen van een bestelling op de website geldt als uitdrukkelijke aanvaarding van deze algemene verkoopsvoorwaarden die op de website worden gepubliceerd. Voor het plaatsen van een bestelling is het aanvaarden van de algemene voorwaarden noodzakelijk.<br \/>\nWie bestelt, verklaart de algemene voorwaarden van de verkoper te kennen en te aanvaarden. De algemene voorwaarden zijn steeds beschikbaar en consulteerbaar via de website. Bij elke bestelling zijn de algemene voorwaarden van toepassing die op dat ogenblik op de website en orderbevestiging werden opgenomen, met uitsluiting van alle eventuele oudere of nieuwere bepalingen. Indien \u00e9\u00e9n van deze voorwaarden om welke reden dan ook niet rechtsgeldig zou zijn, blijven de overige voorwaarden onverkort van toepassing.<\/p>\n<p>Wat niet uitdrukkelijk is bepaald in deze verkoopsvoorwaarden, wordt geregeld door de bepalingen van het Belgische recht. De voertaal van de afgesloten overeenkomsten is Nederlands. Er kan steeds contact worden opgenomen met de klantenservice ingeval van vragen. De online klantenservice is bereikbaar via het contactformulier onder de rubriek \u201c<a href=\"https:\/\/www.shoerepair-online.com\/contact\/\">contact<\/a>\u201d of via e-mail aan <a href=\"mailto:service@shoerepair-online.com\">service@shoerepair-online.com<\/a> of op het telefoonnummer +32 (0)53 85 15 26. Alle vragen worden zo snel als mogelijk beantwoord.<br \/>\nInlichtingen die niet in deze voorwaarden te vinden zijn, kunnen worden geconsulteerd op de website onder de rubriek veelgestelde vragen.<br \/>\nWijzigingen aan de tussen de NV MINIT Benelux en de klant gesloten overeenkomst, of aan deze algemene voorwaarden kunnen enkel tot stand komen middels een voorafgaand en door beide partijen ondertekend geschrift.<br \/>\nIn geval van tegenstrijdigheid tussen de huidige algemene voorwaarden en enige bijzondere of aanvullende contractvoorwaarden, zullen de bijzondere of aanvullende contract-voorwaarden primeren.<\/p>\n<h2><strong>2. Aanbod en bestelling<\/strong><\/h2>\n<p>Een bestelling kan enkel worden geplaatst via <a href=\"https:\/\/www.shoerepair-online.com\/\">shoerepair-online.com<\/a><br \/>\nDe verkoper verbindt er zich toe de op de site geplaatste bestellingen te verwerken zolang de voorraad strekt en binnen de in deze voorwaarden geformuleerde beperkingen. De online bestelling kan slechts verwerkt worden als de klant zich duidelijk heeft ge\u00efdentificeerd overeenkomstig art. 6 \u2018handtekening en bewijs\u2019.<br \/>\nDe verkoper behoudt zich het recht voor om bestellingen te weigeren ingeval van ernstig vermoeden van rechtsmisbruik of kwade trouw, ernstig vermoeden van voor de verkoper onaanvaardbare commerci\u00eble doeleinden of bij uitputting van de voorraad van een bepaald artikel.<br \/>\nEen bestelling is pas definitief na de aanvaarding van deze algemene verkoopsvoorwaarden, de prijzen en de beschrijving van het aanbod.<\/p>\n<h2><strong>3. Betaling<\/strong><\/h2>\n<p>De prijzen zijn deze vermeld op de website op het ogenblik van de bestelling. Alle vermelde prijzen zijn inclusief BTW. Een zakelijke klant staat zelf in voor de juistheid van het doorgegeven BTW nummer.<br \/>\nVoor levering in Belgi\u00eb en Nederland zijn de prijzen exclusief leveringskosten. Onderscheid wordt gemaakt voor bestellingen onder en boven de \u20ac 30,00. Voor bestellingen onder de \u20ac 30,00 zijn de verzendkosten naar en van ons herstelatelier ten laste van de klant. Voor bestellingen boven de \u20ac 30,00 zijn enkel de verzendkosten naar ons herstelatelier ten laste van de klant en is het terugsturen van de herstelde goederen ten laste van de verkoper, tenzij het om een verkeerde bestelling gaat.<br \/>\nBetaling dient de levering vooraf te gaan en gebeurt via \u00e9\u00e9n van volgende betalings-mogelijkheden: Bancontact (Belgi\u00eb), Maestro, Visa, MasterCard, iDEAL en Eco cheques (Belgi\u00eb).<br \/>\nDe prijs is betaalbaar op het tijdstip van het plaatsen van een bestelling door de klant.<br \/>\nMINIT Benelux aanvaardt betalingen met VISA en MASTERCARD. Indien u kiest om te betalen met een kredietkaart, wordt het bedrag onmiddellijk na uw bevestiging van betaling van uw kaart gedebiteerd.<\/p>\n<h2><strong>4. Bevestiging bestelling<\/strong><\/h2>\n<p>Nadat het systeem voornoemde betaling heeft aanvaard, bevestigt de verkoper de bestelling via e-mail.<\/p>\n<h2><strong>5. Garantie<\/strong><\/h2>\n<p>Elk probleem of gebrek met betrekking tot de levering van een artikel, beschadiging of kwalitatieve tekortkoming moet binnen de zeven dagen telefonisch via het nummer +32 (0)53 85 15 26 of schriftelijk worden gemeld via een aangetekend schrijven aan het adres MINIT Benelux NV, Industrielaan 25 \u2013 Zuid 3, 9320 Erembodegem, of via een bericht op de contactpagina van de webshop, of via een e-mail naar <a href=\"mailto:service@shoerepair-online.com\">service@shoerepair-online.com<\/a>. De klant mag een antwoord verwachten binnen 48u.<\/p>\n<p>Er wordt dan samen naar een oplossing gezocht. De verkoper biedt de in de wet voorziene garanties. Mochten we er samen toch niet uitkomen via onze persoonlijke klachtendienst op <a href=\"mailto:service@shoerepair-online.com\">service@shoerepair-online.com<\/a>, dan kunt u als consument voor een geschillenregeling terecht bij de Consumentenombudsdienst en bij de Europese Geschillencommissie.<br \/>\nDe verkoper is niet aansprakelijk voor overmacht, ongeluk, verkeerd gebruik of foute behandeling van een hersteld artikel door de klant. Een artikel met een aanvaard gebrek wordt kosteloos opnieuw hersteld.<br \/>\nBehoudens in geval van bedrog, opzettelijke fout, of zware fout, is de contractuele en buitencontractuele van de NV MINIT Benelux jegens de klant te allen tijde beperkt tot een bedrag van \u20ac 250,00. De klant zal steeds een aankoopbewijs dienen voor te leggen waarop de prijs vermeld is (factuur, kasticket).<\/p>\n<h2><strong>6. Handtekening en bewijs<\/strong><\/h2>\n<p>De klant is zelf en uitsluitend verantwoordelijk voor de juistheid van alle gegevens die hij of zij doorgeeft.<\/p>\n<p>Bij een eerste online bestelling is het aangeraden om een accountprofiel aan te maken. Dan kunt u de volledige herstellingsflow opvolgen. Hierna hoeft u zich slechts terug aan te melden om een nieuwe bestelling te plaatsen. U kunt ook als gast inloggen en een bestelling plaatsen, maar dan zult u de voortgang van uw bestelling niet kunnen volgen en krijgt u enkel informatie over de levering door Mondial Relay.<\/p>\n<p>De uiteindelijke bevestiging van de bestelling door de klant geldt als aanvaarding van de herstelling aan de gestelde prijs. De bekrachtiging van de klant geldt als handtekening en uitdrukkelijke aanvaarding van alle verrichtingen via de website.<\/p>\n<h2><strong>7. Aansprakelijkheid voor gebruik website<\/strong><\/h2>\n<p>De website van de verkoper is bestemd om algemene informatie ter beschikking te stellen van de klant over de herstelactiviteiten en producten van de verkoper. De verkoper heeft m.b.t. de toegang, het bestelproces, de levering of de andere diensten een inspanningsverbintenis.<\/p>\n<p>De verkoper heeft het recht om op ieder ogenblik de site geheel of gedeeltelijk op te schorten of stop te zetten wegens onderhoud, updating of enige andere reden, zonder voorafgaande waarschuwing.<\/p>\n<p>De verkoper kan niet aansprakelijk gesteld worden voor enige hinder of schade door het gebruik van internet, door enige panne van het systeem, het binnendringen van outsiders of van een virus, noch voor eventueel door derden hierop geplaatste of verwerkte informatie of door om het even welk feit dat als overmacht kan worden aanzien.<\/p>\n<h2><strong>8. Bescherming van de privacy<\/strong><\/h2>\n<p>Door het plaatsen van een bestelling, verklaart de klant kennis te hebben genomen van het Privacybeleid van de verkoper. Het Privacybeleid van de verkoper bevat de nodige informatie over hoe en waarvoor persoonsgegevens worden verwerkt en welke cookies worden gebruikt.<br \/>\nMet dit Privacybeleid leeft de verkoper de \u201cWet van 8 december 1992 tot bescherming van de persoonlijke levenssfeer ten opzichte van de verwerking van persoonsgegevens\u201d na, zoals gewijzigd door de Wet van 11 december 1998 alsook de anti-spambepalingen uit Boek XII van het Wetboek Economisch Recht omtrent het \u201crecht van de elektronische economie\u201d. Middels huidig Privacybeleid stelt de verkoper zich tevens in regel met de Europese Verordening 2016\/679 van 27 april 2016 betreffende de bescherming van persoonsgegevens.<br \/>\nVoor het uitoefenen van het recht inzake inzage, wijziging of schrapping van persoonsgegevens, kan de klant contact opnemen met de klantenservice, volgens de procedure beschreven in het Privacybeleid van de verkoper. De klant kan zelf zijn gegevens wijzigen via zijn accountprofiel.<\/p>\n<h2><strong>9. Intellectuele eigendom<\/strong><\/h2>\n<p>Alle onderdelen van de site van de verkoper, inclusief de daarvoor gebruikte technologie, zijn exclusieve eigendom van de verkoper en auteursrechtelijk beschermd. Gebruikers die over een eigen website beschikken en die, zelfs voor louter persoonlijk gebruik, een automatische link willen instellen tussen de eigen site en de startpagina van de verkoper, moeten hiervoor uitdrukkelijk toestemming vragen aan de verkoper.<\/p>\n<h2><strong>10. Bevoegdheid en toepasselijk recht<\/strong><\/h2>\n<p>Alle overeenkomsten waarop deze algemene voorwaarden van toepassing zijn, zijn onderworpen aan de bepalingen van het Belgische recht. De toepassing van het Weens Koopverdrag van 11 april 1980 wordt uitdrukkelijk uitgesloten. In geval van betwisting zijn enkel de zetels van het arrondissement Dendermonde en desgevallend het Hof van Beroep te Gent bevoegd.<\/p>\n","protected":false},"excerpt":{"rendered":"<p>Algemene voorwaarden Klik hier om onze algemene voorwaarden te downloaden als PDF. Preface for English and German-speaking customers Vorwort f\u00fcr deutsch- und englischsprachige Kunden This document in Dutch sets out the general conditions that will govern the contractual relationship.Dieses niederl\u00e4ndischsprachige Dokument enth\u00e4lt die allgemeinen Bedingungen, die das Vertragsverh\u00e4ltnis regeln werden. To the extent that the [&hellip;]<\/p>\n","protected":false},"author":1,"featured_media":0,"parent":0,"menu_order":0,"comment_status":"closed","ping_status":"closed","template":"","meta":{"_acf_changed":false,"inline_featured_image":false,"footnotes":""},"tags":[],"class_list":["post-222","page","type-page","status-publish","hentry"],"acf":[],"yoast_head":"<!-- This site is optimized with the Yoast SEO plugin v27.0 - https:\/\/yoast.com\/product\/yoast-seo-wordpress\/ -->\n<title>Algemene voorwaarden - Shoe Repair Online<\/title>\n<meta name=\"description\" content=\"Lees hier de algemene voorwaarden van Shoe Repair Online. Neem gerust contact op met onze klantenservice als je nog vragen hebt.\" \/>\n<meta name=\"robots\" content=\"noindex, follow, max-snippet:-1, max-image-preview:large, max-video-preview:-1\" \/>\n<meta property=\"og:locale\" content=\"nl_NL\" \/>\n<meta property=\"og:type\" content=\"article\" \/>\n<meta property=\"og:title\" content=\"Algemene voorwaarden - Shoe Repair Online\" \/>\n<meta property=\"og:description\" content=\"Lees hier de algemene voorwaarden van Shoe Repair Online. Neem gerust contact op met onze klantenservice als je nog vragen hebt.\" \/>\n<meta property=\"og:url\" content=\"https:\/\/www.shoerepair-online.com\/nl\/algemene-voorwaarden\/\" \/>\n<meta property=\"og:site_name\" content=\"Shoe Repair Online\" \/>\n<meta property=\"article:modified_time\" content=\"2022-05-23T09:31:43+00:00\" \/>\n<meta name=\"twitter:card\" content=\"summary_large_image\" \/>\n<script type=\"application\/ld+json\" class=\"yoast-schema-graph\">{\"@context\":\"https:\/\/schema.org\",\"@graph\":[{\"@type\":\"WebPage\",\"@id\":\"https:\/\/www.shoerepair-online.com\/nl\/algemene-voorwaarden\/\",\"url\":\"https:\/\/www.shoerepair-online.com\/nl\/algemene-voorwaarden\/\",\"name\":\"Algemene voorwaarden - Shoe Repair Online\",\"isPartOf\":{\"@id\":\"https:\/\/www.shoerepair-online.com\/nl\/#website\"},\"datePublished\":\"2021-12-29T15:05:00+00:00\",\"dateModified\":\"2022-05-23T09:31:43+00:00\",\"description\":\"Lees hier de algemene voorwaarden van Shoe Repair Online. Neem gerust contact op met onze klantenservice als je nog vragen hebt.\",\"breadcrumb\":{\"@id\":\"https:\/\/www.shoerepair-online.com\/nl\/algemene-voorwaarden\/#breadcrumb\"},\"inLanguage\":\"nl-NL\",\"potentialAction\":[{\"@type\":\"ReadAction\",\"target\":[\"https:\/\/www.shoerepair-online.com\/nl\/algemene-voorwaarden\/\"]}]},{\"@type\":\"BreadcrumbList\",\"@id\":\"https:\/\/www.shoerepair-online.com\/nl\/algemene-voorwaarden\/#breadcrumb\",\"itemListElement\":[{\"@type\":\"ListItem\",\"position\":1,\"name\":\"Home\",\"item\":\"https:\/\/www.shoerepair-online.com\/nl\/\"},{\"@type\":\"ListItem\",\"position\":2,\"name\":\"Algemene voorwaarden\"}]},{\"@type\":\"WebSite\",\"@id\":\"https:\/\/www.shoerepair-online.com\/nl\/#website\",\"url\":\"https:\/\/www.shoerepair-online.com\/nl\/\",\"name\":\"Shoe Repair Online\",\"description\":\"Powered by Mister Minit\",\"potentialAction\":[{\"@type\":\"SearchAction\",\"target\":{\"@type\":\"EntryPoint\",\"urlTemplate\":\"https:\/\/www.shoerepair-online.com\/nl\/?s={search_term_string}\"},\"query-input\":{\"@type\":\"PropertyValueSpecification\",\"valueRequired\":true,\"valueName\":\"search_term_string\"}}],\"inLanguage\":\"nl-NL\"}]}<\/script>\n<!-- \/ Yoast SEO plugin. -->","yoast_head_json":{"title":"Algemene voorwaarden - Shoe Repair Online","description":"Lees hier de algemene voorwaarden van Shoe Repair Online. Neem gerust contact op met onze klantenservice als je nog vragen hebt.","robots":{"index":"noindex","follow":"follow","max-snippet":"max-snippet:-1","max-image-preview":"max-image-preview:large","max-video-preview":"max-video-preview:-1"},"og_locale":"nl_NL","og_type":"article","og_title":"Algemene voorwaarden - Shoe Repair Online","og_description":"Lees hier de algemene voorwaarden van Shoe Repair Online. Neem gerust contact op met onze klantenservice als je nog vragen hebt.","og_url":"https:\/\/www.shoerepair-online.com\/nl\/algemene-voorwaarden\/","og_site_name":"Shoe Repair Online","article_modified_time":"2022-05-23T09:31:43+00:00","twitter_card":"summary_large_image","schema":{"@context":"https:\/\/schema.org","@graph":[{"@type":"WebPage","@id":"https:\/\/www.shoerepair-online.com\/nl\/algemene-voorwaarden\/","url":"https:\/\/www.shoerepair-online.com\/nl\/algemene-voorwaarden\/","name":"Algemene voorwaarden - Shoe Repair Online","isPartOf":{"@id":"https:\/\/www.shoerepair-online.com\/nl\/#website"},"datePublished":"2021-12-29T15:05:00+00:00","dateModified":"2022-05-23T09:31:43+00:00","description":"Lees hier de algemene voorwaarden van Shoe Repair Online. Neem gerust contact op met onze klantenservice als je nog vragen hebt.","breadcrumb":{"@id":"https:\/\/www.shoerepair-online.com\/nl\/algemene-voorwaarden\/#breadcrumb"},"inLanguage":"nl-NL","potentialAction":[{"@type":"ReadAction","target":["https:\/\/www.shoerepair-online.com\/nl\/algemene-voorwaarden\/"]}]},{"@type":"BreadcrumbList","@id":"https:\/\/www.shoerepair-online.com\/nl\/algemene-voorwaarden\/#breadcrumb","itemListElement":[{"@type":"ListItem","position":1,"name":"Home","item":"https:\/\/www.shoerepair-online.com\/nl\/"},{"@type":"ListItem","position":2,"name":"Algemene voorwaarden"}]},{"@type":"WebSite","@id":"https:\/\/www.shoerepair-online.com\/nl\/#website","url":"https:\/\/www.shoerepair-online.com\/nl\/","name":"Shoe Repair Online","description":"Powered by Mister Minit","potentialAction":[{"@type":"SearchAction","target":{"@type":"EntryPoint","urlTemplate":"https:\/\/www.shoerepair-online.com\/nl\/?s={search_term_string}"},"query-input":{"@type":"PropertyValueSpecification","valueRequired":true,"valueName":"search_term_string"}}],"inLanguage":"nl-NL"}]}},"_links":{"self":[{"href":"https:\/\/www.shoerepair-online.com\/nl\/wp-json\/wp\/v2\/pages\/222","targetHints":{"allow":["GET"]}}],"collection":[{"href":"https:\/\/www.shoerepair-online.com\/nl\/wp-json\/wp\/v2\/pages"}],"about":[{"href":"https:\/\/www.shoerepair-online.com\/nl\/wp-json\/wp\/v2\/types\/page"}],"author":[{"embeddable":true,"href":"https:\/\/www.shoerepair-online.com\/nl\/wp-json\/wp\/v2\/users\/1"}],"replies":[{"embeddable":true,"href":"https:\/\/www.shoerepair-online.com\/nl\/wp-json\/wp\/v2\/comments?post=222"}],"version-history":[{"count":18,"href":"https:\/\/www.shoerepair-online.com\/nl\/wp-json\/wp\/v2\/pages\/222\/revisions"}],"predecessor-version":[{"id":3129,"href":"https:\/\/www.shoerepair-online.com\/nl\/wp-json\/wp\/v2\/pages\/222\/revisions\/3129"}],"wp:attachment":[{"href":"https:\/\/www.shoerepair-online.com\/nl\/wp-json\/wp\/v2\/media?parent=222"}],"wp:term":[{"taxonomy":"post_tag","embeddable":true,"href":"https:\/\/www.shoerepair-online.com\/nl\/wp-json\/wp\/v2\/tags?post=222"}],"curies":[{"name":"wp","href":"https:\/\/api.w.org\/{rel}","templated":true}]}}