{"id":7049,"date":"2022-03-02T16:36:27","date_gmt":"2022-03-02T14:36:27","guid":{"rendered":"https:\/\/www.shoerepair-online.com\/product\/leder-hielkussen\/"},"modified":"2023-03-22T12:40:51","modified_gmt":"2023-03-22T10:40:51","slug":"talonnette-en-cuir","status":"publish","type":"product","link":"https:\/\/www.shoerepair-online.com\/fr\/boutique\/semelles-interieures\/talonnette-en-cuir\/","title":{"rendered":"Talonnette en cuir"},"content":{"rendered":"","protected":false},"excerpt":{"rendered":"<p>La talonnette soutient le pied lors de la marche, d\u00e9tend les muscles, les tendons et les ligaments. Elle est v\u00e9g\u00e9tale et \u00e0 peau de mouton tann\u00e9e.<\/p>\n","protected":false},"featured_media":2457,"comment_status":"closed","ping_status":"closed","template":"","meta":{"_acf_changed":false,"inline_featured_image":false,"footnotes":""},"product_cat":[323],"product_tag":[],"products_material":[],"class_list":["post-7049","product","type-product","status-publish","has-post-thumbnail","hentry","product_cat-semelles-interieures","pa_maat-35-37-fr","pa_maat-38-40-fr","pa_maat-41-43-fr","pa_maat-44-46-fr"],"acf":[],"yoast_head":"<!-- This site is optimized with the Yoast SEO plugin v27.0 - https:\/\/yoast.com\/product\/yoast-seo-wordpress\/ -->\n<title>Talonnette en cuir - Shoe Repair Online<\/title>\n<meta name=\"description\" content=\"La talonnette soutient le pied lors de la marche, d\u00e9tend les muscles, les tendons et les ligaments. Elle est v\u00e9g\u00e9tale et \u00e0 peau de mouton tann\u00e9e.\" \/>\n<meta name=\"robots\" content=\"noindex, follow, max-snippet:-1, max-image-preview:large, max-video-preview:-1\" \/>\n<meta property=\"og:locale\" content=\"fr_FR\" \/>\n<meta property=\"og:type\" content=\"article\" \/>\n<meta property=\"og:title\" content=\"Talonnette en cuir - Shoe Repair Online\" \/>\n<meta property=\"og:description\" content=\"La talonnette soutient le pied lors de la marche, d\u00e9tend les muscles, les tendons et les ligaments. Elle est v\u00e9g\u00e9tale et \u00e0 peau de mouton tann\u00e9e.\" \/>\n<meta property=\"og:url\" content=\"https:\/\/www.shoerepair-online.com\/fr\/boutique\/semelles-interieures\/talonnette-en-cuir\/\" \/>\n<meta property=\"og:site_name\" content=\"Shoe Repair Online\" \/>\n<meta property=\"article:modified_time\" content=\"2023-03-22T10:40:51+00:00\" \/>\n<meta property=\"og:image\" content=\"https:\/\/www.shoerepair-online.com\/wp-content\/uploads\/2022\/03\/63296-Leder-hielkussen.png\" \/>\n\t<meta property=\"og:image:width\" content=\"436\" \/>\n\t<meta property=\"og:image:height\" content=\"415\" \/>\n\t<meta property=\"og:image:type\" content=\"image\/png\" \/>\n<meta name=\"twitter:card\" content=\"summary_large_image\" \/>\n<script type=\"application\/ld+json\" class=\"yoast-schema-graph\">{\"@context\":\"https:\/\/schema.org\",\"@graph\":[{\"@type\":\"WebPage\",\"@id\":\"https:\/\/www.shoerepair-online.com\/fr\/boutique\/semelles-interieures\/talonnette-en-cuir\/\",\"url\":\"https:\/\/www.shoerepair-online.com\/fr\/boutique\/semelles-interieures\/talonnette-en-cuir\/\",\"name\":\"Talonnette en cuir - Shoe Repair Online\",\"isPartOf\":{\"@id\":\"https:\/\/www.shoerepair-online.com\/fr\/#website\"},\"primaryImageOfPage\":{\"@id\":\"https:\/\/www.shoerepair-online.com\/fr\/boutique\/semelles-interieures\/talonnette-en-cuir\/#primaryimage\"},\"image\":{\"@id\":\"https:\/\/www.shoerepair-online.com\/fr\/boutique\/semelles-interieures\/talonnette-en-cuir\/#primaryimage\"},\"thumbnailUrl\":\"https:\/\/www.shoerepair-online.com\/wp-content\/uploads\/2022\/03\/63296-Leder-hielkussen.png\",\"datePublished\":\"2022-03-02T14:36:27+00:00\",\"dateModified\":\"2023-03-22T10:40:51+00:00\",\"description\":\"La talonnette soutient le pied lors de la marche, d\u00e9tend les muscles, les tendons et les ligaments. Elle est v\u00e9g\u00e9tale et \u00e0 peau de mouton tann\u00e9e.\",\"breadcrumb\":{\"@id\":\"https:\/\/www.shoerepair-online.com\/fr\/boutique\/semelles-interieures\/talonnette-en-cuir\/#breadcrumb\"},\"inLanguage\":\"fr-FR\",\"potentialAction\":[{\"@type\":\"ReadAction\",\"target\":[\"https:\/\/www.shoerepair-online.com\/fr\/boutique\/semelles-interieures\/talonnette-en-cuir\/\"]}]},{\"@type\":\"ImageObject\",\"inLanguage\":\"fr-FR\",\"@id\":\"https:\/\/www.shoerepair-online.com\/fr\/boutique\/semelles-interieures\/talonnette-en-cuir\/#primaryimage\",\"url\":\"https:\/\/www.shoerepair-online.com\/wp-content\/uploads\/2022\/03\/63296-Leder-hielkussen.png\",\"contentUrl\":\"https:\/\/www.shoerepair-online.com\/wp-content\/uploads\/2022\/03\/63296-Leder-hielkussen.png\",\"width\":436,\"height\":415},{\"@type\":\"BreadcrumbList\",\"@id\":\"https:\/\/www.shoerepair-online.com\/fr\/boutique\/semelles-interieures\/talonnette-en-cuir\/#breadcrumb\",\"itemListElement\":[{\"@type\":\"ListItem\",\"position\":1,\"name\":\"Home\",\"item\":\"https:\/\/www.shoerepair-online.com\/fr\/\"},{\"@type\":\"ListItem\",\"position\":2,\"name\":\"Boutique\",\"item\":\"https:\/\/www.shoerepair-online.com\/fr\/boutique\/\"},{\"@type\":\"ListItem\",\"position\":3,\"name\":\"Semelles int\u00e9rieures\",\"item\":\"https:\/\/www.shoerepair-online.com\/fr\/shop\/semelles-interieures\/\"},{\"@type\":\"ListItem\",\"position\":4,\"name\":\"Talonnette en cuir\"}]},{\"@type\":\"WebSite\",\"@id\":\"https:\/\/www.shoerepair-online.com\/fr\/#website\",\"url\":\"https:\/\/www.shoerepair-online.com\/fr\/\",\"name\":\"Shoe Repair Online\",\"description\":\"Powered by Mister Minit\",\"potentialAction\":[{\"@type\":\"SearchAction\",\"target\":{\"@type\":\"EntryPoint\",\"urlTemplate\":\"https:\/\/www.shoerepair-online.com\/fr\/?s={search_term_string}\"},\"query-input\":{\"@type\":\"PropertyValueSpecification\",\"valueRequired\":true,\"valueName\":\"search_term_string\"}}],\"inLanguage\":\"fr-FR\"}]}<\/script>\n<!-- \/ Yoast SEO plugin. -->","yoast_head_json":{"title":"Talonnette en cuir - Shoe Repair Online","description":"La talonnette soutient le pied lors de la marche, d\u00e9tend les muscles, les tendons et les ligaments. Elle est v\u00e9g\u00e9tale et \u00e0 peau de mouton tann\u00e9e.","robots":{"index":"noindex","follow":"follow","max-snippet":"max-snippet:-1","max-image-preview":"max-image-preview:large","max-video-preview":"max-video-preview:-1"},"og_locale":"fr_FR","og_type":"article","og_title":"Talonnette en cuir - Shoe Repair Online","og_description":"La talonnette soutient le pied lors de la marche, d\u00e9tend les muscles, les tendons et les ligaments. Elle est v\u00e9g\u00e9tale et \u00e0 peau de mouton tann\u00e9e.","og_url":"https:\/\/www.shoerepair-online.com\/fr\/boutique\/semelles-interieures\/talonnette-en-cuir\/","og_site_name":"Shoe Repair Online","article_modified_time":"2023-03-22T10:40:51+00:00","og_image":[{"width":436,"height":415,"url":"https:\/\/www.shoerepair-online.com\/wp-content\/uploads\/2022\/03\/63296-Leder-hielkussen.png","type":"image\/png"}],"twitter_card":"summary_large_image","schema":{"@context":"https:\/\/schema.org","@graph":[{"@type":"WebPage","@id":"https:\/\/www.shoerepair-online.com\/fr\/boutique\/semelles-interieures\/talonnette-en-cuir\/","url":"https:\/\/www.shoerepair-online.com\/fr\/boutique\/semelles-interieures\/talonnette-en-cuir\/","name":"Talonnette en cuir - Shoe Repair Online","isPartOf":{"@id":"https:\/\/www.shoerepair-online.com\/fr\/#website"},"primaryImageOfPage":{"@id":"https:\/\/www.shoerepair-online.com\/fr\/boutique\/semelles-interieures\/talonnette-en-cuir\/#primaryimage"},"image":{"@id":"https:\/\/www.shoerepair-online.com\/fr\/boutique\/semelles-interieures\/talonnette-en-cuir\/#primaryimage"},"thumbnailUrl":"https:\/\/www.shoerepair-online.com\/wp-content\/uploads\/2022\/03\/63296-Leder-hielkussen.png","datePublished":"2022-03-02T14:36:27+00:00","dateModified":"2023-03-22T10:40:51+00:00","description":"La talonnette soutient le pied lors de la marche, d\u00e9tend les muscles, les tendons et les ligaments. Elle est v\u00e9g\u00e9tale et \u00e0 peau de mouton tann\u00e9e.","breadcrumb":{"@id":"https:\/\/www.shoerepair-online.com\/fr\/boutique\/semelles-interieures\/talonnette-en-cuir\/#breadcrumb"},"inLanguage":"fr-FR","potentialAction":[{"@type":"ReadAction","target":["https:\/\/www.shoerepair-online.com\/fr\/boutique\/semelles-interieures\/talonnette-en-cuir\/"]}]},{"@type":"ImageObject","inLanguage":"fr-FR","@id":"https:\/\/www.shoerepair-online.com\/fr\/boutique\/semelles-interieures\/talonnette-en-cuir\/#primaryimage","url":"https:\/\/www.shoerepair-online.com\/wp-content\/uploads\/2022\/03\/63296-Leder-hielkussen.png","contentUrl":"https:\/\/www.shoerepair-online.com\/wp-content\/uploads\/2022\/03\/63296-Leder-hielkussen.png","width":436,"height":415},{"@type":"BreadcrumbList","@id":"https:\/\/www.shoerepair-online.com\/fr\/boutique\/semelles-interieures\/talonnette-en-cuir\/#breadcrumb","itemListElement":[{"@type":"ListItem","position":1,"name":"Home","item":"https:\/\/www.shoerepair-online.com\/fr\/"},{"@type":"ListItem","position":2,"name":"Boutique","item":"https:\/\/www.shoerepair-online.com\/fr\/boutique\/"},{"@type":"ListItem","position":3,"name":"Semelles int\u00e9rieures","item":"https:\/\/www.shoerepair-online.com\/fr\/shop\/semelles-interieures\/"},{"@type":"ListItem","position":4,"name":"Talonnette en cuir"}]},{"@type":"WebSite","@id":"https:\/\/www.shoerepair-online.com\/fr\/#website","url":"https:\/\/www.shoerepair-online.com\/fr\/","name":"Shoe Repair Online","description":"Powered by Mister Minit","potentialAction":[{"@type":"SearchAction","target":{"@type":"EntryPoint","urlTemplate":"https:\/\/www.shoerepair-online.com\/fr\/?s={search_term_string}"},"query-input":{"@type":"PropertyValueSpecification","valueRequired":true,"valueName":"search_term_string"}}],"inLanguage":"fr-FR"}]}},"_links":{"self":[{"href":"https:\/\/www.shoerepair-online.com\/fr\/wp-json\/wp\/v2\/product\/7049","targetHints":{"allow":["GET"]}}],"collection":[{"href":"https:\/\/www.shoerepair-online.com\/fr\/wp-json\/wp\/v2\/product"}],"about":[{"href":"https:\/\/www.shoerepair-online.com\/fr\/wp-json\/wp\/v2\/types\/product"}],"replies":[{"embeddable":true,"href":"https:\/\/www.shoerepair-online.com\/fr\/wp-json\/wp\/v2\/comments?post=7049"}],"version-history":[{"count":3,"href":"https:\/\/www.shoerepair-online.com\/fr\/wp-json\/wp\/v2\/product\/7049\/revisions"}],"predecessor-version":[{"id":7215,"href":"https:\/\/www.shoerepair-online.com\/fr\/wp-json\/wp\/v2\/product\/7049\/revisions\/7215"}],"wp:featuredmedia":[{"embeddable":true,"href":"https:\/\/www.shoerepair-online.com\/fr\/wp-json\/wp\/v2\/media\/2457"}],"wp:attachment":[{"href":"https:\/\/www.shoerepair-online.com\/fr\/wp-json\/wp\/v2\/media?parent=7049"}],"wp:term":[{"taxonomy":"product_cat","embeddable":true,"href":"https:\/\/www.shoerepair-online.com\/fr\/wp-json\/wp\/v2\/product_cat?post=7049"},{"taxonomy":"product_tag","embeddable":true,"href":"https:\/\/www.shoerepair-online.com\/fr\/wp-json\/wp\/v2\/product_tag?post=7049"},{"taxonomy":"products_material","embeddable":true,"href":"https:\/\/www.shoerepair-online.com\/fr\/wp-json\/wp\/v2\/products_material?post=7049"}],"curies":[{"name":"wp","href":"https:\/\/api.w.org\/{rel}","templated":true}]}}