{"id":6666,"date":"2022-03-11T09:35:13","date_gmt":"2022-03-11T07:35:13","guid":{"rendered":"https:\/\/www.shoerepair-online.com\/product\/hak-en-zool-dames\/"},"modified":"2023-03-02T17:53:36","modified_gmt":"2023-03-02T15:53:36","slug":"talon-et-semelle-dames","status":"publish","type":"product","link":"https:\/\/www.shoerepair-online.com\/fr\/boutique\/reparation-de-chaussures\/chaussures-dames-enfants\/rehaussement-2\/talon-et-semelle-dames\/","title":{"rendered":"Talon et semelle dames jusqu&rsquo;\u00e0 1cm"},"content":{"rendered":"","protected":false},"excerpt":{"rendered":"<p>Nous rehaussons le talon et la semelle de vos chaussures (m\u00eame un seul pied) jusqu&rsquo;\u00e0 1 cm, afin que vous puissiez \u00e0 nouveau marcher confortablement.<\/p>\n<p>Le prix appara\u00eet lorsque vous saisissez la hauteur. Le prix est de <strong>\u20ac 29,95<\/strong> par talon et semelle de 1 cm maximum.<\/p>\n","protected":false},"featured_media":4955,"comment_status":"closed","ping_status":"closed","template":"","meta":{"_acf_changed":false,"inline_featured_image":false,"footnotes":""},"product_cat":[318,343,508],"product_tag":[],"products_material":[],"class_list":["post-6666","product","type-product","status-publish","has-post-thumbnail","hentry","product_cat-reparation-de-chaussures","product_cat-chaussures-femmes-enfants","product_cat-rehausser-2"],"acf":[],"yoast_head":"<!-- This site is optimized with the Yoast SEO plugin v27.0 - https:\/\/yoast.com\/product\/yoast-seo-wordpress\/ -->\n<title>Talon et semelle dames jusqu&#039;\u00e0 1cm - Shoe Repair Online<\/title>\n<meta name=\"description\" content=\"Les talons et les semelles de vos chaussures sont-ils us\u00e9s ? Nous les rehaussons pour que vous puissiez marcher \u00e0 nouveau de mani\u00e8re stable et confortable.\" \/>\n<meta name=\"robots\" content=\"noindex, follow, max-snippet:-1, max-image-preview:large, max-video-preview:-1\" \/>\n<meta property=\"og:locale\" content=\"fr_FR\" \/>\n<meta property=\"og:type\" content=\"article\" \/>\n<meta property=\"og:title\" content=\"Talon et semelle dames jusqu&#039;\u00e0 1cm - Shoe Repair Online\" \/>\n<meta property=\"og:description\" content=\"Les talons et les semelles de vos chaussures sont-ils us\u00e9s ? Nous les rehaussons pour que vous puissiez marcher \u00e0 nouveau de mani\u00e8re stable et confortable.\" \/>\n<meta property=\"og:url\" content=\"https:\/\/www.shoerepair-online.com\/fr\/boutique\/reparation-de-chaussures\/chaussures-dames-enfants\/rehaussement-2\/talon-et-semelle-dames\/\" \/>\n<meta property=\"og:site_name\" content=\"Shoe Repair Online\" \/>\n<meta property=\"article:modified_time\" content=\"2023-03-02T15:53:36+00:00\" \/>\n<meta property=\"og:image\" content=\"https:\/\/www.shoerepair-online.com\/wp-content\/uploads\/2022\/05\/Volledige-verhoging-damesschoen.png\" \/>\n\t<meta property=\"og:image:width\" content=\"1817\" \/>\n\t<meta property=\"og:image:height\" content=\"1729\" \/>\n\t<meta property=\"og:image:type\" content=\"image\/png\" \/>\n<meta name=\"twitter:card\" content=\"summary_large_image\" \/>\n<script type=\"application\/ld+json\" class=\"yoast-schema-graph\">{\"@context\":\"https:\/\/schema.org\",\"@graph\":[{\"@type\":\"WebPage\",\"@id\":\"https:\/\/www.shoerepair-online.com\/fr\/boutique\/reparation-de-chaussures\/chaussures-dames-enfants\/rehaussement-2\/talon-et-semelle-dames\/\",\"url\":\"https:\/\/www.shoerepair-online.com\/fr\/boutique\/reparation-de-chaussures\/chaussures-dames-enfants\/rehaussement-2\/talon-et-semelle-dames\/\",\"name\":\"Talon et semelle dames jusqu'\u00e0 1cm - Shoe Repair Online\",\"isPartOf\":{\"@id\":\"https:\/\/www.shoerepair-online.com\/fr\/#website\"},\"primaryImageOfPage\":{\"@id\":\"https:\/\/www.shoerepair-online.com\/fr\/boutique\/reparation-de-chaussures\/chaussures-dames-enfants\/rehaussement-2\/talon-et-semelle-dames\/#primaryimage\"},\"image\":{\"@id\":\"https:\/\/www.shoerepair-online.com\/fr\/boutique\/reparation-de-chaussures\/chaussures-dames-enfants\/rehaussement-2\/talon-et-semelle-dames\/#primaryimage\"},\"thumbnailUrl\":\"https:\/\/www.shoerepair-online.com\/wp-content\/uploads\/2022\/05\/Volledige-verhoging-damesschoen.png\",\"datePublished\":\"2022-03-11T07:35:13+00:00\",\"dateModified\":\"2023-03-02T15:53:36+00:00\",\"description\":\"Les talons et les semelles de vos chaussures sont-ils us\u00e9s ? Nous les rehaussons pour que vous puissiez marcher \u00e0 nouveau de mani\u00e8re stable et confortable.\",\"breadcrumb\":{\"@id\":\"https:\/\/www.shoerepair-online.com\/fr\/boutique\/reparation-de-chaussures\/chaussures-dames-enfants\/rehaussement-2\/talon-et-semelle-dames\/#breadcrumb\"},\"inLanguage\":\"fr-FR\",\"potentialAction\":[{\"@type\":\"ReadAction\",\"target\":[\"https:\/\/www.shoerepair-online.com\/fr\/boutique\/reparation-de-chaussures\/chaussures-dames-enfants\/rehaussement-2\/talon-et-semelle-dames\/\"]}]},{\"@type\":\"ImageObject\",\"inLanguage\":\"fr-FR\",\"@id\":\"https:\/\/www.shoerepair-online.com\/fr\/boutique\/reparation-de-chaussures\/chaussures-dames-enfants\/rehaussement-2\/talon-et-semelle-dames\/#primaryimage\",\"url\":\"https:\/\/www.shoerepair-online.com\/wp-content\/uploads\/2022\/05\/Volledige-verhoging-damesschoen.png\",\"contentUrl\":\"https:\/\/www.shoerepair-online.com\/wp-content\/uploads\/2022\/05\/Volledige-verhoging-damesschoen.png\",\"width\":1817,\"height\":1729},{\"@type\":\"BreadcrumbList\",\"@id\":\"https:\/\/www.shoerepair-online.com\/fr\/boutique\/reparation-de-chaussures\/chaussures-dames-enfants\/rehaussement-2\/talon-et-semelle-dames\/#breadcrumb\",\"itemListElement\":[{\"@type\":\"ListItem\",\"position\":1,\"name\":\"Home\",\"item\":\"https:\/\/www.shoerepair-online.com\/fr\/\"},{\"@type\":\"ListItem\",\"position\":2,\"name\":\"Boutique\",\"item\":\"https:\/\/www.shoerepair-online.com\/fr\/boutique\/\"},{\"@type\":\"ListItem\",\"position\":3,\"name\":\"R\u00e9paration de chaussures\",\"item\":\"https:\/\/www.shoerepair-online.com\/fr\/boutique\/reparation-de-chaussures\/\"},{\"@type\":\"ListItem\",\"position\":4,\"name\":\"Talon et semelle dames jusqu&rsquo;\u00e0 1cm\"}]},{\"@type\":\"WebSite\",\"@id\":\"https:\/\/www.shoerepair-online.com\/fr\/#website\",\"url\":\"https:\/\/www.shoerepair-online.com\/fr\/\",\"name\":\"Shoe Repair Online\",\"description\":\"Powered by Mister Minit\",\"potentialAction\":[{\"@type\":\"SearchAction\",\"target\":{\"@type\":\"EntryPoint\",\"urlTemplate\":\"https:\/\/www.shoerepair-online.com\/fr\/?s={search_term_string}\"},\"query-input\":{\"@type\":\"PropertyValueSpecification\",\"valueRequired\":true,\"valueName\":\"search_term_string\"}}],\"inLanguage\":\"fr-FR\"}]}<\/script>\n<!-- \/ Yoast SEO plugin. -->","yoast_head_json":{"title":"Talon et semelle dames jusqu'\u00e0 1cm - Shoe Repair Online","description":"Les talons et les semelles de vos chaussures sont-ils us\u00e9s ? Nous les rehaussons pour que vous puissiez marcher \u00e0 nouveau de mani\u00e8re stable et confortable.","robots":{"index":"noindex","follow":"follow","max-snippet":"max-snippet:-1","max-image-preview":"max-image-preview:large","max-video-preview":"max-video-preview:-1"},"og_locale":"fr_FR","og_type":"article","og_title":"Talon et semelle dames jusqu'\u00e0 1cm - Shoe Repair Online","og_description":"Les talons et les semelles de vos chaussures sont-ils us\u00e9s ? Nous les rehaussons pour que vous puissiez marcher \u00e0 nouveau de mani\u00e8re stable et confortable.","og_url":"https:\/\/www.shoerepair-online.com\/fr\/boutique\/reparation-de-chaussures\/chaussures-dames-enfants\/rehaussement-2\/talon-et-semelle-dames\/","og_site_name":"Shoe Repair Online","article_modified_time":"2023-03-02T15:53:36+00:00","og_image":[{"width":1817,"height":1729,"url":"https:\/\/www.shoerepair-online.com\/wp-content\/uploads\/2022\/05\/Volledige-verhoging-damesschoen.png","type":"image\/png"}],"twitter_card":"summary_large_image","schema":{"@context":"https:\/\/schema.org","@graph":[{"@type":"WebPage","@id":"https:\/\/www.shoerepair-online.com\/fr\/boutique\/reparation-de-chaussures\/chaussures-dames-enfants\/rehaussement-2\/talon-et-semelle-dames\/","url":"https:\/\/www.shoerepair-online.com\/fr\/boutique\/reparation-de-chaussures\/chaussures-dames-enfants\/rehaussement-2\/talon-et-semelle-dames\/","name":"Talon et semelle dames jusqu'\u00e0 1cm - Shoe Repair Online","isPartOf":{"@id":"https:\/\/www.shoerepair-online.com\/fr\/#website"},"primaryImageOfPage":{"@id":"https:\/\/www.shoerepair-online.com\/fr\/boutique\/reparation-de-chaussures\/chaussures-dames-enfants\/rehaussement-2\/talon-et-semelle-dames\/#primaryimage"},"image":{"@id":"https:\/\/www.shoerepair-online.com\/fr\/boutique\/reparation-de-chaussures\/chaussures-dames-enfants\/rehaussement-2\/talon-et-semelle-dames\/#primaryimage"},"thumbnailUrl":"https:\/\/www.shoerepair-online.com\/wp-content\/uploads\/2022\/05\/Volledige-verhoging-damesschoen.png","datePublished":"2022-03-11T07:35:13+00:00","dateModified":"2023-03-02T15:53:36+00:00","description":"Les talons et les semelles de vos chaussures sont-ils us\u00e9s ? Nous les rehaussons pour que vous puissiez marcher \u00e0 nouveau de mani\u00e8re stable et confortable.","breadcrumb":{"@id":"https:\/\/www.shoerepair-online.com\/fr\/boutique\/reparation-de-chaussures\/chaussures-dames-enfants\/rehaussement-2\/talon-et-semelle-dames\/#breadcrumb"},"inLanguage":"fr-FR","potentialAction":[{"@type":"ReadAction","target":["https:\/\/www.shoerepair-online.com\/fr\/boutique\/reparation-de-chaussures\/chaussures-dames-enfants\/rehaussement-2\/talon-et-semelle-dames\/"]}]},{"@type":"ImageObject","inLanguage":"fr-FR","@id":"https:\/\/www.shoerepair-online.com\/fr\/boutique\/reparation-de-chaussures\/chaussures-dames-enfants\/rehaussement-2\/talon-et-semelle-dames\/#primaryimage","url":"https:\/\/www.shoerepair-online.com\/wp-content\/uploads\/2022\/05\/Volledige-verhoging-damesschoen.png","contentUrl":"https:\/\/www.shoerepair-online.com\/wp-content\/uploads\/2022\/05\/Volledige-verhoging-damesschoen.png","width":1817,"height":1729},{"@type":"BreadcrumbList","@id":"https:\/\/www.shoerepair-online.com\/fr\/boutique\/reparation-de-chaussures\/chaussures-dames-enfants\/rehaussement-2\/talon-et-semelle-dames\/#breadcrumb","itemListElement":[{"@type":"ListItem","position":1,"name":"Home","item":"https:\/\/www.shoerepair-online.com\/fr\/"},{"@type":"ListItem","position":2,"name":"Boutique","item":"https:\/\/www.shoerepair-online.com\/fr\/boutique\/"},{"@type":"ListItem","position":3,"name":"R\u00e9paration de chaussures","item":"https:\/\/www.shoerepair-online.com\/fr\/boutique\/reparation-de-chaussures\/"},{"@type":"ListItem","position":4,"name":"Talon et semelle dames jusqu&rsquo;\u00e0 1cm"}]},{"@type":"WebSite","@id":"https:\/\/www.shoerepair-online.com\/fr\/#website","url":"https:\/\/www.shoerepair-online.com\/fr\/","name":"Shoe Repair Online","description":"Powered by Mister Minit","potentialAction":[{"@type":"SearchAction","target":{"@type":"EntryPoint","urlTemplate":"https:\/\/www.shoerepair-online.com\/fr\/?s={search_term_string}"},"query-input":{"@type":"PropertyValueSpecification","valueRequired":true,"valueName":"search_term_string"}}],"inLanguage":"fr-FR"}]}},"_links":{"self":[{"href":"https:\/\/www.shoerepair-online.com\/fr\/wp-json\/wp\/v2\/product\/6666","targetHints":{"allow":["GET"]}}],"collection":[{"href":"https:\/\/www.shoerepair-online.com\/fr\/wp-json\/wp\/v2\/product"}],"about":[{"href":"https:\/\/www.shoerepair-online.com\/fr\/wp-json\/wp\/v2\/types\/product"}],"replies":[{"embeddable":true,"href":"https:\/\/www.shoerepair-online.com\/fr\/wp-json\/wp\/v2\/comments?post=6666"}],"version-history":[{"count":3,"href":"https:\/\/www.shoerepair-online.com\/fr\/wp-json\/wp\/v2\/product\/6666\/revisions"}],"predecessor-version":[{"id":7152,"href":"https:\/\/www.shoerepair-online.com\/fr\/wp-json\/wp\/v2\/product\/6666\/revisions\/7152"}],"wp:featuredmedia":[{"embeddable":true,"href":"https:\/\/www.shoerepair-online.com\/fr\/wp-json\/wp\/v2\/media\/4955"}],"wp:attachment":[{"href":"https:\/\/www.shoerepair-online.com\/fr\/wp-json\/wp\/v2\/media?parent=6666"}],"wp:term":[{"taxonomy":"product_cat","embeddable":true,"href":"https:\/\/www.shoerepair-online.com\/fr\/wp-json\/wp\/v2\/product_cat?post=6666"},{"taxonomy":"product_tag","embeddable":true,"href":"https:\/\/www.shoerepair-online.com\/fr\/wp-json\/wp\/v2\/product_tag?post=6666"},{"taxonomy":"products_material","embeddable":true,"href":"https:\/\/www.shoerepair-online.com\/fr\/wp-json\/wp\/v2\/products_material?post=6666"}],"curies":[{"name":"wp","href":"https:\/\/api.w.org\/{rel}","templated":true}]}}