{"id":6653,"date":"2022-03-14T13:25:43","date_gmt":"2022-03-14T11:25:43","guid":{"rendered":"https:\/\/www.shoerepair-online.com\/product\/waterdicht-maken-laarzen\/"},"modified":"2023-03-10T17:16:53","modified_gmt":"2023-03-10T15:16:53","slug":"impermeabilisation-bottes","status":"publish","type":"product","link":"https:\/\/www.shoerepair-online.com\/fr\/boutique\/reparation-de-chaussures\/autres-services\/impermeabilisation\/impermeabilisation-bottes\/","title":{"rendered":"Imperm\u00e9abilisation bottes"},"content":{"rendered":"","protected":false},"excerpt":{"rendered":"<p>Nous donnons \u00e0 vos bottes un traitement d&rsquo;imperm\u00e9abilisation professionnel.<\/p>\n","protected":false},"featured_media":3566,"comment_status":"closed","ping_status":"closed","template":"","meta":{"_acf_changed":false,"inline_featured_image":false,"footnotes":""},"product_cat":[318,326,329],"product_tag":[],"products_material":[],"class_list":["post-6653","product","type-product","status-publish","has-post-thumbnail","hentry","product_cat-reparation-de-chaussures","product_cat-autres-services","product_cat-impermeabilisation"],"acf":[],"yoast_head":"<!-- This site is optimized with the Yoast SEO plugin v27.0 - https:\/\/yoast.com\/product\/yoast-seo-wordpress\/ -->\n<title>Imperm\u00e9abilisation bottes - Shoe Repair Online<\/title>\n<meta name=\"description\" content=\"Si vous voulez prot\u00e9ger vos bottes de l&#039;eau pour qu&#039;elles durent beaucoup plus longtemps, optez pour une &quot;imperm\u00e9abilisation&quot; professionnelle.\" \/>\n<meta name=\"robots\" content=\"noindex, follow, max-snippet:-1, max-image-preview:large, max-video-preview:-1\" \/>\n<meta property=\"og:locale\" content=\"fr_FR\" \/>\n<meta property=\"og:type\" content=\"article\" \/>\n<meta property=\"og:title\" content=\"Imperm\u00e9abilisation bottes - Shoe Repair Online\" \/>\n<meta property=\"og:description\" content=\"Si vous voulez prot\u00e9ger vos bottes de l&#039;eau pour qu&#039;elles durent beaucoup plus longtemps, optez pour une &quot;imperm\u00e9abilisation&quot; professionnelle.\" \/>\n<meta property=\"og:url\" content=\"https:\/\/www.shoerepair-online.com\/fr\/boutique\/reparation-de-chaussures\/autres-services\/impermeabilisation\/impermeabilisation-bottes\/\" \/>\n<meta property=\"og:site_name\" content=\"Shoe Repair Online\" \/>\n<meta property=\"article:modified_time\" content=\"2023-03-10T15:16:53+00:00\" \/>\n<meta property=\"og:image\" content=\"https:\/\/www.shoerepair-online.com\/wp-content\/uploads\/2022\/03\/Laarzen-waterdicht.png\" \/>\n\t<meta property=\"og:image:width\" content=\"436\" \/>\n\t<meta property=\"og:image:height\" content=\"415\" \/>\n\t<meta property=\"og:image:type\" content=\"image\/png\" \/>\n<meta name=\"twitter:card\" content=\"summary_large_image\" \/>\n<script type=\"application\/ld+json\" class=\"yoast-schema-graph\">{\"@context\":\"https:\/\/schema.org\",\"@graph\":[{\"@type\":\"WebPage\",\"@id\":\"https:\/\/www.shoerepair-online.com\/fr\/boutique\/reparation-de-chaussures\/autres-services\/impermeabilisation\/impermeabilisation-bottes\/\",\"url\":\"https:\/\/www.shoerepair-online.com\/fr\/boutique\/reparation-de-chaussures\/autres-services\/impermeabilisation\/impermeabilisation-bottes\/\",\"name\":\"Imperm\u00e9abilisation bottes - Shoe Repair Online\",\"isPartOf\":{\"@id\":\"https:\/\/www.shoerepair-online.com\/fr\/#website\"},\"primaryImageOfPage\":{\"@id\":\"https:\/\/www.shoerepair-online.com\/fr\/boutique\/reparation-de-chaussures\/autres-services\/impermeabilisation\/impermeabilisation-bottes\/#primaryimage\"},\"image\":{\"@id\":\"https:\/\/www.shoerepair-online.com\/fr\/boutique\/reparation-de-chaussures\/autres-services\/impermeabilisation\/impermeabilisation-bottes\/#primaryimage\"},\"thumbnailUrl\":\"https:\/\/www.shoerepair-online.com\/wp-content\/uploads\/2022\/03\/Laarzen-waterdicht.png\",\"datePublished\":\"2022-03-14T11:25:43+00:00\",\"dateModified\":\"2023-03-10T15:16:53+00:00\",\"description\":\"Si vous voulez prot\u00e9ger vos bottes de l'eau pour qu'elles durent beaucoup plus longtemps, optez pour une \\\"imperm\u00e9abilisation\\\" professionnelle.\",\"breadcrumb\":{\"@id\":\"https:\/\/www.shoerepair-online.com\/fr\/boutique\/reparation-de-chaussures\/autres-services\/impermeabilisation\/impermeabilisation-bottes\/#breadcrumb\"},\"inLanguage\":\"fr-FR\",\"potentialAction\":[{\"@type\":\"ReadAction\",\"target\":[\"https:\/\/www.shoerepair-online.com\/fr\/boutique\/reparation-de-chaussures\/autres-services\/impermeabilisation\/impermeabilisation-bottes\/\"]}]},{\"@type\":\"ImageObject\",\"inLanguage\":\"fr-FR\",\"@id\":\"https:\/\/www.shoerepair-online.com\/fr\/boutique\/reparation-de-chaussures\/autres-services\/impermeabilisation\/impermeabilisation-bottes\/#primaryimage\",\"url\":\"https:\/\/www.shoerepair-online.com\/wp-content\/uploads\/2022\/03\/Laarzen-waterdicht.png\",\"contentUrl\":\"https:\/\/www.shoerepair-online.com\/wp-content\/uploads\/2022\/03\/Laarzen-waterdicht.png\",\"width\":436,\"height\":415,\"caption\":\"Laarzen Waterdicht\"},{\"@type\":\"BreadcrumbList\",\"@id\":\"https:\/\/www.shoerepair-online.com\/fr\/boutique\/reparation-de-chaussures\/autres-services\/impermeabilisation\/impermeabilisation-bottes\/#breadcrumb\",\"itemListElement\":[{\"@type\":\"ListItem\",\"position\":1,\"name\":\"Home\",\"item\":\"https:\/\/www.shoerepair-online.com\/fr\/\"},{\"@type\":\"ListItem\",\"position\":2,\"name\":\"Boutique\",\"item\":\"https:\/\/www.shoerepair-online.com\/fr\/boutique\/\"},{\"@type\":\"ListItem\",\"position\":3,\"name\":\"R\u00e9paration de chaussures\",\"item\":\"https:\/\/www.shoerepair-online.com\/fr\/boutique\/reparation-de-chaussures\/\"},{\"@type\":\"ListItem\",\"position\":4,\"name\":\"Autres services\",\"item\":\"https:\/\/www.shoerepair-online.com\/fr\/boutique\/reparation-de-chaussures\/autres-services\/\"},{\"@type\":\"ListItem\",\"position\":5,\"name\":\"Imperm\u00e9abilisation\",\"item\":\"https:\/\/www.shoerepair-online.com\/fr\/boutique\/reparation-de-chaussures\/autres-services\/impermeabilisation\/\"},{\"@type\":\"ListItem\",\"position\":6,\"name\":\"Imperm\u00e9abilisation bottes\"}]},{\"@type\":\"WebSite\",\"@id\":\"https:\/\/www.shoerepair-online.com\/fr\/#website\",\"url\":\"https:\/\/www.shoerepair-online.com\/fr\/\",\"name\":\"Shoe Repair Online\",\"description\":\"Powered by Mister Minit\",\"potentialAction\":[{\"@type\":\"SearchAction\",\"target\":{\"@type\":\"EntryPoint\",\"urlTemplate\":\"https:\/\/www.shoerepair-online.com\/fr\/?s={search_term_string}\"},\"query-input\":{\"@type\":\"PropertyValueSpecification\",\"valueRequired\":true,\"valueName\":\"search_term_string\"}}],\"inLanguage\":\"fr-FR\"}]}<\/script>\n<!-- \/ Yoast SEO plugin. -->","yoast_head_json":{"title":"Imperm\u00e9abilisation bottes - Shoe Repair Online","description":"Si vous voulez prot\u00e9ger vos bottes de l'eau pour qu'elles durent beaucoup plus longtemps, optez pour une \"imperm\u00e9abilisation\" professionnelle.","robots":{"index":"noindex","follow":"follow","max-snippet":"max-snippet:-1","max-image-preview":"max-image-preview:large","max-video-preview":"max-video-preview:-1"},"og_locale":"fr_FR","og_type":"article","og_title":"Imperm\u00e9abilisation bottes - Shoe Repair Online","og_description":"Si vous voulez prot\u00e9ger vos bottes de l'eau pour qu'elles durent beaucoup plus longtemps, optez pour une \"imperm\u00e9abilisation\" professionnelle.","og_url":"https:\/\/www.shoerepair-online.com\/fr\/boutique\/reparation-de-chaussures\/autres-services\/impermeabilisation\/impermeabilisation-bottes\/","og_site_name":"Shoe Repair Online","article_modified_time":"2023-03-10T15:16:53+00:00","og_image":[{"width":436,"height":415,"url":"https:\/\/www.shoerepair-online.com\/wp-content\/uploads\/2022\/03\/Laarzen-waterdicht.png","type":"image\/png"}],"twitter_card":"summary_large_image","schema":{"@context":"https:\/\/schema.org","@graph":[{"@type":"WebPage","@id":"https:\/\/www.shoerepair-online.com\/fr\/boutique\/reparation-de-chaussures\/autres-services\/impermeabilisation\/impermeabilisation-bottes\/","url":"https:\/\/www.shoerepair-online.com\/fr\/boutique\/reparation-de-chaussures\/autres-services\/impermeabilisation\/impermeabilisation-bottes\/","name":"Imperm\u00e9abilisation bottes - Shoe Repair Online","isPartOf":{"@id":"https:\/\/www.shoerepair-online.com\/fr\/#website"},"primaryImageOfPage":{"@id":"https:\/\/www.shoerepair-online.com\/fr\/boutique\/reparation-de-chaussures\/autres-services\/impermeabilisation\/impermeabilisation-bottes\/#primaryimage"},"image":{"@id":"https:\/\/www.shoerepair-online.com\/fr\/boutique\/reparation-de-chaussures\/autres-services\/impermeabilisation\/impermeabilisation-bottes\/#primaryimage"},"thumbnailUrl":"https:\/\/www.shoerepair-online.com\/wp-content\/uploads\/2022\/03\/Laarzen-waterdicht.png","datePublished":"2022-03-14T11:25:43+00:00","dateModified":"2023-03-10T15:16:53+00:00","description":"Si vous voulez prot\u00e9ger vos bottes de l'eau pour qu'elles durent beaucoup plus longtemps, optez pour une \"imperm\u00e9abilisation\" professionnelle.","breadcrumb":{"@id":"https:\/\/www.shoerepair-online.com\/fr\/boutique\/reparation-de-chaussures\/autres-services\/impermeabilisation\/impermeabilisation-bottes\/#breadcrumb"},"inLanguage":"fr-FR","potentialAction":[{"@type":"ReadAction","target":["https:\/\/www.shoerepair-online.com\/fr\/boutique\/reparation-de-chaussures\/autres-services\/impermeabilisation\/impermeabilisation-bottes\/"]}]},{"@type":"ImageObject","inLanguage":"fr-FR","@id":"https:\/\/www.shoerepair-online.com\/fr\/boutique\/reparation-de-chaussures\/autres-services\/impermeabilisation\/impermeabilisation-bottes\/#primaryimage","url":"https:\/\/www.shoerepair-online.com\/wp-content\/uploads\/2022\/03\/Laarzen-waterdicht.png","contentUrl":"https:\/\/www.shoerepair-online.com\/wp-content\/uploads\/2022\/03\/Laarzen-waterdicht.png","width":436,"height":415,"caption":"Laarzen Waterdicht"},{"@type":"BreadcrumbList","@id":"https:\/\/www.shoerepair-online.com\/fr\/boutique\/reparation-de-chaussures\/autres-services\/impermeabilisation\/impermeabilisation-bottes\/#breadcrumb","itemListElement":[{"@type":"ListItem","position":1,"name":"Home","item":"https:\/\/www.shoerepair-online.com\/fr\/"},{"@type":"ListItem","position":2,"name":"Boutique","item":"https:\/\/www.shoerepair-online.com\/fr\/boutique\/"},{"@type":"ListItem","position":3,"name":"R\u00e9paration de chaussures","item":"https:\/\/www.shoerepair-online.com\/fr\/boutique\/reparation-de-chaussures\/"},{"@type":"ListItem","position":4,"name":"Autres services","item":"https:\/\/www.shoerepair-online.com\/fr\/boutique\/reparation-de-chaussures\/autres-services\/"},{"@type":"ListItem","position":5,"name":"Imperm\u00e9abilisation","item":"https:\/\/www.shoerepair-online.com\/fr\/boutique\/reparation-de-chaussures\/autres-services\/impermeabilisation\/"},{"@type":"ListItem","position":6,"name":"Imperm\u00e9abilisation bottes"}]},{"@type":"WebSite","@id":"https:\/\/www.shoerepair-online.com\/fr\/#website","url":"https:\/\/www.shoerepair-online.com\/fr\/","name":"Shoe Repair Online","description":"Powered by Mister Minit","potentialAction":[{"@type":"SearchAction","target":{"@type":"EntryPoint","urlTemplate":"https:\/\/www.shoerepair-online.com\/fr\/?s={search_term_string}"},"query-input":{"@type":"PropertyValueSpecification","valueRequired":true,"valueName":"search_term_string"}}],"inLanguage":"fr-FR"}]}},"_links":{"self":[{"href":"https:\/\/www.shoerepair-online.com\/fr\/wp-json\/wp\/v2\/product\/6653","targetHints":{"allow":["GET"]}}],"collection":[{"href":"https:\/\/www.shoerepair-online.com\/fr\/wp-json\/wp\/v2\/product"}],"about":[{"href":"https:\/\/www.shoerepair-online.com\/fr\/wp-json\/wp\/v2\/types\/product"}],"replies":[{"embeddable":true,"href":"https:\/\/www.shoerepair-online.com\/fr\/wp-json\/wp\/v2\/comments?post=6653"}],"version-history":[{"count":2,"href":"https:\/\/www.shoerepair-online.com\/fr\/wp-json\/wp\/v2\/product\/6653\/revisions"}],"predecessor-version":[{"id":6655,"href":"https:\/\/www.shoerepair-online.com\/fr\/wp-json\/wp\/v2\/product\/6653\/revisions\/6655"}],"wp:featuredmedia":[{"embeddable":true,"href":"https:\/\/www.shoerepair-online.com\/fr\/wp-json\/wp\/v2\/media\/3566"}],"wp:attachment":[{"href":"https:\/\/www.shoerepair-online.com\/fr\/wp-json\/wp\/v2\/media?parent=6653"}],"wp:term":[{"taxonomy":"product_cat","embeddable":true,"href":"https:\/\/www.shoerepair-online.com\/fr\/wp-json\/wp\/v2\/product_cat?post=6653"},{"taxonomy":"product_tag","embeddable":true,"href":"https:\/\/www.shoerepair-online.com\/fr\/wp-json\/wp\/v2\/product_tag?post=6653"},{"taxonomy":"products_material","embeddable":true,"href":"https:\/\/www.shoerepair-online.com\/fr\/wp-json\/wp\/v2\/products_material?post=6653"}],"curies":[{"name":"wp","href":"https:\/\/api.w.org\/{rel}","templated":true}]}}