{"id":6637,"date":"2022-03-14T13:11:54","date_gmt":"2022-03-14T11:11:54","guid":{"rendered":"https:\/\/www.shoerepair-online.com\/product\/oppoetsen-van-laarzen\/"},"modified":"2023-02-06T17:15:21","modified_gmt":"2023-02-06T15:15:21","slug":"polissage-de-bottes","status":"publish","type":"product","link":"https:\/\/www.shoerepair-online.com\/fr\/boutique\/reparation-de-chaussures\/polissage-de-bottes\/","title":{"rendered":"Polissage de bottes"},"content":{"rendered":"","protected":false},"excerpt":{"rendered":"<p>Un traitement de polissage professionnel pour vos bottes.<\/p>\n","protected":false},"featured_media":5000,"comment_status":"closed","ping_status":"closed","template":"","meta":{"_acf_changed":false,"inline_featured_image":false,"footnotes":""},"product_cat":[318,326,327],"product_tag":[],"products_material":[],"class_list":["post-6637","product","type-product","status-publish","has-post-thumbnail","hentry","product_cat-reparation-de-chaussures","product_cat-autres-services","product_cat-polissage"],"acf":[],"yoast_head":"<!-- This site is optimized with the Yoast SEO plugin v27.0 - https:\/\/yoast.com\/product\/yoast-seo-wordpress\/ -->\n<title>Polissage de bottes - Shoe Repair Online<\/title>\n<meta name=\"description\" content=\"Nous donnons \u00e0 vos bottes un v\u00e9ritable coup de jeune gr\u00e2ce \u00e0 une m\u00e9thode de nettoyage professionnelle et approfondie avec les bons produits.\" \/>\n<meta name=\"robots\" content=\"noindex, follow, max-snippet:-1, max-image-preview:large, max-video-preview:-1\" \/>\n<meta property=\"og:locale\" content=\"fr_FR\" \/>\n<meta property=\"og:type\" content=\"article\" \/>\n<meta property=\"og:title\" content=\"Polissage de bottes - Shoe Repair Online\" \/>\n<meta property=\"og:description\" content=\"Nous donnons \u00e0 vos bottes un v\u00e9ritable coup de jeune gr\u00e2ce \u00e0 une m\u00e9thode de nettoyage professionnelle et approfondie avec les bons produits.\" \/>\n<meta property=\"og:url\" content=\"https:\/\/www.shoerepair-online.com\/fr\/boutique\/reparation-de-chaussures\/polissage-de-bottes\/\" \/>\n<meta property=\"og:site_name\" content=\"Shoe Repair Online\" \/>\n<meta property=\"article:modified_time\" content=\"2023-02-06T15:15:21+00:00\" \/>\n<meta property=\"og:image\" content=\"https:\/\/www.shoerepair-online.com\/wp-content\/uploads\/2022\/03\/oppoetsen-laarzen-1.png\" \/>\n\t<meta property=\"og:image:width\" content=\"1817\" \/>\n\t<meta property=\"og:image:height\" content=\"1729\" \/>\n\t<meta property=\"og:image:type\" content=\"image\/png\" \/>\n<meta name=\"twitter:card\" content=\"summary_large_image\" \/>\n<script type=\"application\/ld+json\" class=\"yoast-schema-graph\">{\"@context\":\"https:\/\/schema.org\",\"@graph\":[{\"@type\":\"WebPage\",\"@id\":\"https:\/\/www.shoerepair-online.com\/fr\/boutique\/reparation-de-chaussures\/polissage-de-bottes\/\",\"url\":\"https:\/\/www.shoerepair-online.com\/fr\/boutique\/reparation-de-chaussures\/polissage-de-bottes\/\",\"name\":\"Polissage de bottes - Shoe Repair Online\",\"isPartOf\":{\"@id\":\"https:\/\/www.shoerepair-online.com\/fr\/#website\"},\"primaryImageOfPage\":{\"@id\":\"https:\/\/www.shoerepair-online.com\/fr\/boutique\/reparation-de-chaussures\/polissage-de-bottes\/#primaryimage\"},\"image\":{\"@id\":\"https:\/\/www.shoerepair-online.com\/fr\/boutique\/reparation-de-chaussures\/polissage-de-bottes\/#primaryimage\"},\"thumbnailUrl\":\"https:\/\/www.shoerepair-online.com\/wp-content\/uploads\/2022\/03\/oppoetsen-laarzen-1.png\",\"datePublished\":\"2022-03-14T11:11:54+00:00\",\"dateModified\":\"2023-02-06T15:15:21+00:00\",\"description\":\"Nous donnons \u00e0 vos bottes un v\u00e9ritable coup de jeune gr\u00e2ce \u00e0 une m\u00e9thode de nettoyage professionnelle et approfondie avec les bons produits.\",\"breadcrumb\":{\"@id\":\"https:\/\/www.shoerepair-online.com\/fr\/boutique\/reparation-de-chaussures\/polissage-de-bottes\/#breadcrumb\"},\"inLanguage\":\"fr-FR\",\"potentialAction\":[{\"@type\":\"ReadAction\",\"target\":[\"https:\/\/www.shoerepair-online.com\/fr\/boutique\/reparation-de-chaussures\/polissage-de-bottes\/\"]}]},{\"@type\":\"ImageObject\",\"inLanguage\":\"fr-FR\",\"@id\":\"https:\/\/www.shoerepair-online.com\/fr\/boutique\/reparation-de-chaussures\/polissage-de-bottes\/#primaryimage\",\"url\":\"https:\/\/www.shoerepair-online.com\/wp-content\/uploads\/2022\/03\/oppoetsen-laarzen-1.png\",\"contentUrl\":\"https:\/\/www.shoerepair-online.com\/wp-content\/uploads\/2022\/03\/oppoetsen-laarzen-1.png\",\"width\":1817,\"height\":1729},{\"@type\":\"BreadcrumbList\",\"@id\":\"https:\/\/www.shoerepair-online.com\/fr\/boutique\/reparation-de-chaussures\/polissage-de-bottes\/#breadcrumb\",\"itemListElement\":[{\"@type\":\"ListItem\",\"position\":1,\"name\":\"Home\",\"item\":\"https:\/\/www.shoerepair-online.com\/fr\/\"},{\"@type\":\"ListItem\",\"position\":2,\"name\":\"Boutique\",\"item\":\"https:\/\/www.shoerepair-online.com\/fr\/boutique\/\"},{\"@type\":\"ListItem\",\"position\":3,\"name\":\"R\u00e9paration de chaussures\",\"item\":\"https:\/\/www.shoerepair-online.com\/fr\/boutique\/reparation-de-chaussures\/\"},{\"@type\":\"ListItem\",\"position\":4,\"name\":\"Polissage de bottes\"}]},{\"@type\":\"WebSite\",\"@id\":\"https:\/\/www.shoerepair-online.com\/fr\/#website\",\"url\":\"https:\/\/www.shoerepair-online.com\/fr\/\",\"name\":\"Shoe Repair Online\",\"description\":\"Powered by Mister Minit\",\"potentialAction\":[{\"@type\":\"SearchAction\",\"target\":{\"@type\":\"EntryPoint\",\"urlTemplate\":\"https:\/\/www.shoerepair-online.com\/fr\/?s={search_term_string}\"},\"query-input\":{\"@type\":\"PropertyValueSpecification\",\"valueRequired\":true,\"valueName\":\"search_term_string\"}}],\"inLanguage\":\"fr-FR\"}]}<\/script>\n<!-- \/ Yoast SEO plugin. -->","yoast_head_json":{"title":"Polissage de bottes - Shoe Repair Online","description":"Nous donnons \u00e0 vos bottes un v\u00e9ritable coup de jeune gr\u00e2ce \u00e0 une m\u00e9thode de nettoyage professionnelle et approfondie avec les bons produits.","robots":{"index":"noindex","follow":"follow","max-snippet":"max-snippet:-1","max-image-preview":"max-image-preview:large","max-video-preview":"max-video-preview:-1"},"og_locale":"fr_FR","og_type":"article","og_title":"Polissage de bottes - Shoe Repair Online","og_description":"Nous donnons \u00e0 vos bottes un v\u00e9ritable coup de jeune gr\u00e2ce \u00e0 une m\u00e9thode de nettoyage professionnelle et approfondie avec les bons produits.","og_url":"https:\/\/www.shoerepair-online.com\/fr\/boutique\/reparation-de-chaussures\/polissage-de-bottes\/","og_site_name":"Shoe Repair Online","article_modified_time":"2023-02-06T15:15:21+00:00","og_image":[{"width":1817,"height":1729,"url":"https:\/\/www.shoerepair-online.com\/wp-content\/uploads\/2022\/03\/oppoetsen-laarzen-1.png","type":"image\/png"}],"twitter_card":"summary_large_image","schema":{"@context":"https:\/\/schema.org","@graph":[{"@type":"WebPage","@id":"https:\/\/www.shoerepair-online.com\/fr\/boutique\/reparation-de-chaussures\/polissage-de-bottes\/","url":"https:\/\/www.shoerepair-online.com\/fr\/boutique\/reparation-de-chaussures\/polissage-de-bottes\/","name":"Polissage de bottes - Shoe Repair Online","isPartOf":{"@id":"https:\/\/www.shoerepair-online.com\/fr\/#website"},"primaryImageOfPage":{"@id":"https:\/\/www.shoerepair-online.com\/fr\/boutique\/reparation-de-chaussures\/polissage-de-bottes\/#primaryimage"},"image":{"@id":"https:\/\/www.shoerepair-online.com\/fr\/boutique\/reparation-de-chaussures\/polissage-de-bottes\/#primaryimage"},"thumbnailUrl":"https:\/\/www.shoerepair-online.com\/wp-content\/uploads\/2022\/03\/oppoetsen-laarzen-1.png","datePublished":"2022-03-14T11:11:54+00:00","dateModified":"2023-02-06T15:15:21+00:00","description":"Nous donnons \u00e0 vos bottes un v\u00e9ritable coup de jeune gr\u00e2ce \u00e0 une m\u00e9thode de nettoyage professionnelle et approfondie avec les bons produits.","breadcrumb":{"@id":"https:\/\/www.shoerepair-online.com\/fr\/boutique\/reparation-de-chaussures\/polissage-de-bottes\/#breadcrumb"},"inLanguage":"fr-FR","potentialAction":[{"@type":"ReadAction","target":["https:\/\/www.shoerepair-online.com\/fr\/boutique\/reparation-de-chaussures\/polissage-de-bottes\/"]}]},{"@type":"ImageObject","inLanguage":"fr-FR","@id":"https:\/\/www.shoerepair-online.com\/fr\/boutique\/reparation-de-chaussures\/polissage-de-bottes\/#primaryimage","url":"https:\/\/www.shoerepair-online.com\/wp-content\/uploads\/2022\/03\/oppoetsen-laarzen-1.png","contentUrl":"https:\/\/www.shoerepair-online.com\/wp-content\/uploads\/2022\/03\/oppoetsen-laarzen-1.png","width":1817,"height":1729},{"@type":"BreadcrumbList","@id":"https:\/\/www.shoerepair-online.com\/fr\/boutique\/reparation-de-chaussures\/polissage-de-bottes\/#breadcrumb","itemListElement":[{"@type":"ListItem","position":1,"name":"Home","item":"https:\/\/www.shoerepair-online.com\/fr\/"},{"@type":"ListItem","position":2,"name":"Boutique","item":"https:\/\/www.shoerepair-online.com\/fr\/boutique\/"},{"@type":"ListItem","position":3,"name":"R\u00e9paration de chaussures","item":"https:\/\/www.shoerepair-online.com\/fr\/boutique\/reparation-de-chaussures\/"},{"@type":"ListItem","position":4,"name":"Polissage de bottes"}]},{"@type":"WebSite","@id":"https:\/\/www.shoerepair-online.com\/fr\/#website","url":"https:\/\/www.shoerepair-online.com\/fr\/","name":"Shoe Repair Online","description":"Powered by Mister Minit","potentialAction":[{"@type":"SearchAction","target":{"@type":"EntryPoint","urlTemplate":"https:\/\/www.shoerepair-online.com\/fr\/?s={search_term_string}"},"query-input":{"@type":"PropertyValueSpecification","valueRequired":true,"valueName":"search_term_string"}}],"inLanguage":"fr-FR"}]}},"_links":{"self":[{"href":"https:\/\/www.shoerepair-online.com\/fr\/wp-json\/wp\/v2\/product\/6637","targetHints":{"allow":["GET"]}}],"collection":[{"href":"https:\/\/www.shoerepair-online.com\/fr\/wp-json\/wp\/v2\/product"}],"about":[{"href":"https:\/\/www.shoerepair-online.com\/fr\/wp-json\/wp\/v2\/types\/product"}],"replies":[{"embeddable":true,"href":"https:\/\/www.shoerepair-online.com\/fr\/wp-json\/wp\/v2\/comments?post=6637"}],"version-history":[{"count":4,"href":"https:\/\/www.shoerepair-online.com\/fr\/wp-json\/wp\/v2\/product\/6637\/revisions"}],"predecessor-version":[{"id":6962,"href":"https:\/\/www.shoerepair-online.com\/fr\/wp-json\/wp\/v2\/product\/6637\/revisions\/6962"}],"wp:featuredmedia":[{"embeddable":true,"href":"https:\/\/www.shoerepair-online.com\/fr\/wp-json\/wp\/v2\/media\/5000"}],"wp:attachment":[{"href":"https:\/\/www.shoerepair-online.com\/fr\/wp-json\/wp\/v2\/media?parent=6637"}],"wp:term":[{"taxonomy":"product_cat","embeddable":true,"href":"https:\/\/www.shoerepair-online.com\/fr\/wp-json\/wp\/v2\/product_cat?post=6637"},{"taxonomy":"product_tag","embeddable":true,"href":"https:\/\/www.shoerepair-online.com\/fr\/wp-json\/wp\/v2\/product_tag?post=6637"},{"taxonomy":"products_material","embeddable":true,"href":"https:\/\/www.shoerepair-online.com\/fr\/wp-json\/wp\/v2\/products_material?post=6637"}],"curies":[{"name":"wp","href":"https:\/\/api.w.org\/{rel}","templated":true}]}}