{"id":6564,"date":"2022-03-10T16:31:08","date_gmt":"2022-03-10T14:31:08","guid":{"rendered":"https:\/\/www.shoerepair-online.com\/product\/haak-oog-rivet\/"},"modified":"2023-02-06T13:44:32","modified_gmt":"2023-02-06T11:44:32","slug":"crochet-oeillet-rivet","status":"publish","type":"product","link":"https:\/\/www.shoerepair-online.com\/fr\/boutique\/reparation-de-chaussures\/crochet-oeillet-rivet\/","title":{"rendered":"Crochet, \u0153illet, rivet"},"content":{"rendered":"","protected":false},"excerpt":{"rendered":"<p>Avez-vous perdu un \u0153illet, un crochet ou un rivet sur vos chaussures pr\u00e9f\u00e9r\u00e9es ? Nous le remplacerons.<\/p>\n","protected":false},"featured_media":3875,"comment_status":"closed","ping_status":"closed","template":"","meta":{"_acf_changed":false,"inline_featured_image":false,"footnotes":""},"product_cat":[318,343,348,321,354],"product_tag":[],"products_material":[],"class_list":["post-6564","product","type-product","status-publish","has-post-thumbnail","hentry","product_cat-reparation-de-chaussures","product_cat-chaussures-femmes-enfants","product_cat-petits-accessoires-2-chaussures-femmes-enfants","product_cat-chaussures-pour-hommes-reparation-de-chaussures","product_cat-petits-accessoires-chaussures-pour-hommes-reparation-de-chaussures"],"acf":[],"yoast_head":"<!-- This site is optimized with the Yoast SEO plugin v27.0 - https:\/\/yoast.com\/product\/yoast-seo-wordpress\/ -->\n<title>Crochet, \u0153illet, rivet - Shoe Repair Online<\/title>\n<meta name=\"description\" content=\"Avez-vous perdu un \u0153illet, un crochet ou un rivet sur vos chaussures pr\u00e9f\u00e9r\u00e9es ? Nos cordonniers professionnels le remplaceront en un clin d&#039;\u0153il.\" \/>\n<meta name=\"robots\" content=\"noindex, follow, max-snippet:-1, max-image-preview:large, max-video-preview:-1\" \/>\n<meta property=\"og:locale\" content=\"fr_FR\" \/>\n<meta property=\"og:type\" content=\"article\" \/>\n<meta property=\"og:title\" content=\"Crochet, \u0153illet, rivet - Shoe Repair Online\" \/>\n<meta property=\"og:description\" content=\"Avez-vous perdu un \u0153illet, un crochet ou un rivet sur vos chaussures pr\u00e9f\u00e9r\u00e9es ? Nos cordonniers professionnels le remplaceront en un clin d&#039;\u0153il.\" \/>\n<meta property=\"og:url\" content=\"https:\/\/www.shoerepair-online.com\/fr\/boutique\/reparation-de-chaussures\/crochet-oeillet-rivet\/\" \/>\n<meta property=\"og:site_name\" content=\"Shoe Repair Online\" \/>\n<meta property=\"article:modified_time\" content=\"2023-02-06T11:44:32+00:00\" \/>\n<meta property=\"og:image\" content=\"https:\/\/www.shoerepair-online.com\/wp-content\/uploads\/2022\/03\/wandelschoenen-1.png\" \/>\n\t<meta property=\"og:image:width\" content=\"436\" \/>\n\t<meta property=\"og:image:height\" content=\"415\" \/>\n\t<meta property=\"og:image:type\" content=\"image\/png\" \/>\n<meta name=\"twitter:card\" content=\"summary_large_image\" \/>\n<script type=\"application\/ld+json\" class=\"yoast-schema-graph\">{\"@context\":\"https:\/\/schema.org\",\"@graph\":[{\"@type\":\"WebPage\",\"@id\":\"https:\/\/www.shoerepair-online.com\/fr\/boutique\/reparation-de-chaussures\/crochet-oeillet-rivet\/\",\"url\":\"https:\/\/www.shoerepair-online.com\/fr\/boutique\/reparation-de-chaussures\/crochet-oeillet-rivet\/\",\"name\":\"Crochet, \u0153illet, rivet - Shoe Repair Online\",\"isPartOf\":{\"@id\":\"https:\/\/www.shoerepair-online.com\/fr\/#website\"},\"primaryImageOfPage\":{\"@id\":\"https:\/\/www.shoerepair-online.com\/fr\/boutique\/reparation-de-chaussures\/crochet-oeillet-rivet\/#primaryimage\"},\"image\":{\"@id\":\"https:\/\/www.shoerepair-online.com\/fr\/boutique\/reparation-de-chaussures\/crochet-oeillet-rivet\/#primaryimage\"},\"thumbnailUrl\":\"https:\/\/www.shoerepair-online.com\/wp-content\/uploads\/2022\/03\/wandelschoenen-1.png\",\"datePublished\":\"2022-03-10T14:31:08+00:00\",\"dateModified\":\"2023-02-06T11:44:32+00:00\",\"description\":\"Avez-vous perdu un \u0153illet, un crochet ou un rivet sur vos chaussures pr\u00e9f\u00e9r\u00e9es ? Nos cordonniers professionnels le remplaceront en un clin d'\u0153il.\",\"breadcrumb\":{\"@id\":\"https:\/\/www.shoerepair-online.com\/fr\/boutique\/reparation-de-chaussures\/crochet-oeillet-rivet\/#breadcrumb\"},\"inLanguage\":\"fr-FR\",\"potentialAction\":[{\"@type\":\"ReadAction\",\"target\":[\"https:\/\/www.shoerepair-online.com\/fr\/boutique\/reparation-de-chaussures\/crochet-oeillet-rivet\/\"]}]},{\"@type\":\"ImageObject\",\"inLanguage\":\"fr-FR\",\"@id\":\"https:\/\/www.shoerepair-online.com\/fr\/boutique\/reparation-de-chaussures\/crochet-oeillet-rivet\/#primaryimage\",\"url\":\"https:\/\/www.shoerepair-online.com\/wp-content\/uploads\/2022\/03\/wandelschoenen-1.png\",\"contentUrl\":\"https:\/\/www.shoerepair-online.com\/wp-content\/uploads\/2022\/03\/wandelschoenen-1.png\",\"width\":436,\"height\":415,\"caption\":\"wandelschoenen\"},{\"@type\":\"BreadcrumbList\",\"@id\":\"https:\/\/www.shoerepair-online.com\/fr\/boutique\/reparation-de-chaussures\/crochet-oeillet-rivet\/#breadcrumb\",\"itemListElement\":[{\"@type\":\"ListItem\",\"position\":1,\"name\":\"Home\",\"item\":\"https:\/\/www.shoerepair-online.com\/fr\/\"},{\"@type\":\"ListItem\",\"position\":2,\"name\":\"Boutique\",\"item\":\"https:\/\/www.shoerepair-online.com\/fr\/boutique\/\"},{\"@type\":\"ListItem\",\"position\":3,\"name\":\"R\u00e9paration de chaussures\",\"item\":\"https:\/\/www.shoerepair-online.com\/fr\/boutique\/reparation-de-chaussures\/\"},{\"@type\":\"ListItem\",\"position\":4,\"name\":\"Crochet, \u0153illet, rivet\"}]},{\"@type\":\"WebSite\",\"@id\":\"https:\/\/www.shoerepair-online.com\/fr\/#website\",\"url\":\"https:\/\/www.shoerepair-online.com\/fr\/\",\"name\":\"Shoe Repair Online\",\"description\":\"Powered by Mister Minit\",\"potentialAction\":[{\"@type\":\"SearchAction\",\"target\":{\"@type\":\"EntryPoint\",\"urlTemplate\":\"https:\/\/www.shoerepair-online.com\/fr\/?s={search_term_string}\"},\"query-input\":{\"@type\":\"PropertyValueSpecification\",\"valueRequired\":true,\"valueName\":\"search_term_string\"}}],\"inLanguage\":\"fr-FR\"}]}<\/script>\n<!-- \/ Yoast SEO plugin. -->","yoast_head_json":{"title":"Crochet, \u0153illet, rivet - Shoe Repair Online","description":"Avez-vous perdu un \u0153illet, un crochet ou un rivet sur vos chaussures pr\u00e9f\u00e9r\u00e9es ? Nos cordonniers professionnels le remplaceront en un clin d'\u0153il.","robots":{"index":"noindex","follow":"follow","max-snippet":"max-snippet:-1","max-image-preview":"max-image-preview:large","max-video-preview":"max-video-preview:-1"},"og_locale":"fr_FR","og_type":"article","og_title":"Crochet, \u0153illet, rivet - Shoe Repair Online","og_description":"Avez-vous perdu un \u0153illet, un crochet ou un rivet sur vos chaussures pr\u00e9f\u00e9r\u00e9es ? Nos cordonniers professionnels le remplaceront en un clin d'\u0153il.","og_url":"https:\/\/www.shoerepair-online.com\/fr\/boutique\/reparation-de-chaussures\/crochet-oeillet-rivet\/","og_site_name":"Shoe Repair Online","article_modified_time":"2023-02-06T11:44:32+00:00","og_image":[{"width":436,"height":415,"url":"https:\/\/www.shoerepair-online.com\/wp-content\/uploads\/2022\/03\/wandelschoenen-1.png","type":"image\/png"}],"twitter_card":"summary_large_image","schema":{"@context":"https:\/\/schema.org","@graph":[{"@type":"WebPage","@id":"https:\/\/www.shoerepair-online.com\/fr\/boutique\/reparation-de-chaussures\/crochet-oeillet-rivet\/","url":"https:\/\/www.shoerepair-online.com\/fr\/boutique\/reparation-de-chaussures\/crochet-oeillet-rivet\/","name":"Crochet, \u0153illet, rivet - Shoe Repair Online","isPartOf":{"@id":"https:\/\/www.shoerepair-online.com\/fr\/#website"},"primaryImageOfPage":{"@id":"https:\/\/www.shoerepair-online.com\/fr\/boutique\/reparation-de-chaussures\/crochet-oeillet-rivet\/#primaryimage"},"image":{"@id":"https:\/\/www.shoerepair-online.com\/fr\/boutique\/reparation-de-chaussures\/crochet-oeillet-rivet\/#primaryimage"},"thumbnailUrl":"https:\/\/www.shoerepair-online.com\/wp-content\/uploads\/2022\/03\/wandelschoenen-1.png","datePublished":"2022-03-10T14:31:08+00:00","dateModified":"2023-02-06T11:44:32+00:00","description":"Avez-vous perdu un \u0153illet, un crochet ou un rivet sur vos chaussures pr\u00e9f\u00e9r\u00e9es ? Nos cordonniers professionnels le remplaceront en un clin d'\u0153il.","breadcrumb":{"@id":"https:\/\/www.shoerepair-online.com\/fr\/boutique\/reparation-de-chaussures\/crochet-oeillet-rivet\/#breadcrumb"},"inLanguage":"fr-FR","potentialAction":[{"@type":"ReadAction","target":["https:\/\/www.shoerepair-online.com\/fr\/boutique\/reparation-de-chaussures\/crochet-oeillet-rivet\/"]}]},{"@type":"ImageObject","inLanguage":"fr-FR","@id":"https:\/\/www.shoerepair-online.com\/fr\/boutique\/reparation-de-chaussures\/crochet-oeillet-rivet\/#primaryimage","url":"https:\/\/www.shoerepair-online.com\/wp-content\/uploads\/2022\/03\/wandelschoenen-1.png","contentUrl":"https:\/\/www.shoerepair-online.com\/wp-content\/uploads\/2022\/03\/wandelschoenen-1.png","width":436,"height":415,"caption":"wandelschoenen"},{"@type":"BreadcrumbList","@id":"https:\/\/www.shoerepair-online.com\/fr\/boutique\/reparation-de-chaussures\/crochet-oeillet-rivet\/#breadcrumb","itemListElement":[{"@type":"ListItem","position":1,"name":"Home","item":"https:\/\/www.shoerepair-online.com\/fr\/"},{"@type":"ListItem","position":2,"name":"Boutique","item":"https:\/\/www.shoerepair-online.com\/fr\/boutique\/"},{"@type":"ListItem","position":3,"name":"R\u00e9paration de chaussures","item":"https:\/\/www.shoerepair-online.com\/fr\/boutique\/reparation-de-chaussures\/"},{"@type":"ListItem","position":4,"name":"Crochet, \u0153illet, rivet"}]},{"@type":"WebSite","@id":"https:\/\/www.shoerepair-online.com\/fr\/#website","url":"https:\/\/www.shoerepair-online.com\/fr\/","name":"Shoe Repair Online","description":"Powered by Mister Minit","potentialAction":[{"@type":"SearchAction","target":{"@type":"EntryPoint","urlTemplate":"https:\/\/www.shoerepair-online.com\/fr\/?s={search_term_string}"},"query-input":{"@type":"PropertyValueSpecification","valueRequired":true,"valueName":"search_term_string"}}],"inLanguage":"fr-FR"}]}},"_links":{"self":[{"href":"https:\/\/www.shoerepair-online.com\/fr\/wp-json\/wp\/v2\/product\/6564","targetHints":{"allow":["GET"]}}],"collection":[{"href":"https:\/\/www.shoerepair-online.com\/fr\/wp-json\/wp\/v2\/product"}],"about":[{"href":"https:\/\/www.shoerepair-online.com\/fr\/wp-json\/wp\/v2\/types\/product"}],"replies":[{"embeddable":true,"href":"https:\/\/www.shoerepair-online.com\/fr\/wp-json\/wp\/v2\/comments?post=6564"}],"version-history":[{"count":6,"href":"https:\/\/www.shoerepair-online.com\/fr\/wp-json\/wp\/v2\/product\/6564\/revisions"}],"predecessor-version":[{"id":6939,"href":"https:\/\/www.shoerepair-online.com\/fr\/wp-json\/wp\/v2\/product\/6564\/revisions\/6939"}],"wp:featuredmedia":[{"embeddable":true,"href":"https:\/\/www.shoerepair-online.com\/fr\/wp-json\/wp\/v2\/media\/3875"}],"wp:attachment":[{"href":"https:\/\/www.shoerepair-online.com\/fr\/wp-json\/wp\/v2\/media?parent=6564"}],"wp:term":[{"taxonomy":"product_cat","embeddable":true,"href":"https:\/\/www.shoerepair-online.com\/fr\/wp-json\/wp\/v2\/product_cat?post=6564"},{"taxonomy":"product_tag","embeddable":true,"href":"https:\/\/www.shoerepair-online.com\/fr\/wp-json\/wp\/v2\/product_tag?post=6564"},{"taxonomy":"products_material","embeddable":true,"href":"https:\/\/www.shoerepair-online.com\/fr\/wp-json\/wp\/v2\/products_material?post=6564"}],"curies":[{"name":"wp","href":"https:\/\/api.w.org\/{rel}","templated":true}]}}