{"id":6534,"date":"2022-03-10T16:22:19","date_gmt":"2022-03-10T14:22:19","guid":{"rendered":"https:\/\/www.shoerepair-online.com\/product\/rits-vervangen\/"},"modified":"2023-02-06T13:52:48","modified_gmt":"2023-02-06T11:52:48","slug":"changement-de-fermeture-eclair","status":"publish","type":"product","link":"https:\/\/www.shoerepair-online.com\/fr\/boutique\/reparation-de-chaussures\/changement-de-fermeture-eclair\/","title":{"rendered":"Changement de fermeture \u00e9clair"},"content":{"rendered":"","protected":false},"excerpt":{"rendered":"<p>Nous rempla\u00e7ons la fermeture \u00e9clair de vos bottes ou chaussures pr\u00e9f\u00e9r\u00e9es.<\/p>\n","protected":false},"featured_media":2056,"comment_status":"closed","ping_status":"closed","template":"","meta":{"_acf_changed":false,"inline_featured_image":false,"footnotes":""},"product_cat":[318,343,501,321,502],"product_tag":[],"products_material":[],"class_list":["post-6534","product","type-product","status-publish","has-post-thumbnail","hentry","product_cat-reparation-de-chaussures","product_cat-chaussures-femmes-enfants","product_cat-changement-de-fermeture-eclair","product_cat-chaussures-pour-hommes-reparation-de-chaussures","product_cat-fermeture-eclair"],"acf":[],"yoast_head":"<!-- This site is optimized with the Yoast SEO plugin v27.0 - https:\/\/yoast.com\/product\/yoast-seo-wordpress\/ -->\n<title>Changement de fermeture \u00e9clair - Shoe Repair Online<\/title>\n<meta name=\"description\" content=\"Il serait dommage de jeter vos belles bottes ou chaussures, juste parce que la fermeture \u00e9clair est cass\u00e9e. Nous rempla\u00e7ons une fermeture \u00e9clair enti\u00e8rement dans la botte ou la chaussure.\" \/>\n<meta name=\"robots\" content=\"noindex, follow, max-snippet:-1, max-image-preview:large, max-video-preview:-1\" \/>\n<meta property=\"og:locale\" content=\"fr_FR\" \/>\n<meta property=\"og:type\" content=\"article\" \/>\n<meta property=\"og:title\" content=\"Changement de fermeture \u00e9clair - Shoe Repair Online\" \/>\n<meta property=\"og:description\" content=\"Il serait dommage de jeter vos belles bottes ou chaussures, juste parce que la fermeture \u00e9clair est cass\u00e9e. Nous rempla\u00e7ons une fermeture \u00e9clair enti\u00e8rement dans la botte ou la chaussure.\" \/>\n<meta property=\"og:url\" content=\"https:\/\/www.shoerepair-online.com\/fr\/boutique\/reparation-de-chaussures\/changement-de-fermeture-eclair\/\" \/>\n<meta property=\"og:site_name\" content=\"Shoe Repair Online\" \/>\n<meta property=\"article:modified_time\" content=\"2023-02-06T11:52:48+00:00\" \/>\n<meta property=\"og:image\" content=\"https:\/\/www.shoerepair-online.com\/wp-content\/uploads\/2022\/02\/Heren_level2_rits.png\" \/>\n\t<meta property=\"og:image:width\" content=\"436\" \/>\n\t<meta property=\"og:image:height\" content=\"415\" \/>\n\t<meta property=\"og:image:type\" content=\"image\/png\" \/>\n<meta name=\"twitter:card\" content=\"summary_large_image\" \/>\n<script type=\"application\/ld+json\" class=\"yoast-schema-graph\">{\"@context\":\"https:\/\/schema.org\",\"@graph\":[{\"@type\":\"WebPage\",\"@id\":\"https:\/\/www.shoerepair-online.com\/fr\/boutique\/reparation-de-chaussures\/changement-de-fermeture-eclair\/\",\"url\":\"https:\/\/www.shoerepair-online.com\/fr\/boutique\/reparation-de-chaussures\/changement-de-fermeture-eclair\/\",\"name\":\"Changement de fermeture \u00e9clair - Shoe Repair Online\",\"isPartOf\":{\"@id\":\"https:\/\/www.shoerepair-online.com\/fr\/#website\"},\"primaryImageOfPage\":{\"@id\":\"https:\/\/www.shoerepair-online.com\/fr\/boutique\/reparation-de-chaussures\/changement-de-fermeture-eclair\/#primaryimage\"},\"image\":{\"@id\":\"https:\/\/www.shoerepair-online.com\/fr\/boutique\/reparation-de-chaussures\/changement-de-fermeture-eclair\/#primaryimage\"},\"thumbnailUrl\":\"https:\/\/www.shoerepair-online.com\/wp-content\/uploads\/2022\/02\/Heren_level2_rits.png\",\"datePublished\":\"2022-03-10T14:22:19+00:00\",\"dateModified\":\"2023-02-06T11:52:48+00:00\",\"description\":\"Il serait dommage de jeter vos belles bottes ou chaussures, juste parce que la fermeture \u00e9clair est cass\u00e9e. Nous rempla\u00e7ons une fermeture \u00e9clair enti\u00e8rement dans la botte ou la chaussure.\",\"breadcrumb\":{\"@id\":\"https:\/\/www.shoerepair-online.com\/fr\/boutique\/reparation-de-chaussures\/changement-de-fermeture-eclair\/#breadcrumb\"},\"inLanguage\":\"fr-FR\",\"potentialAction\":[{\"@type\":\"ReadAction\",\"target\":[\"https:\/\/www.shoerepair-online.com\/fr\/boutique\/reparation-de-chaussures\/changement-de-fermeture-eclair\/\"]}]},{\"@type\":\"ImageObject\",\"inLanguage\":\"fr-FR\",\"@id\":\"https:\/\/www.shoerepair-online.com\/fr\/boutique\/reparation-de-chaussures\/changement-de-fermeture-eclair\/#primaryimage\",\"url\":\"https:\/\/www.shoerepair-online.com\/wp-content\/uploads\/2022\/02\/Heren_level2_rits.png\",\"contentUrl\":\"https:\/\/www.shoerepair-online.com\/wp-content\/uploads\/2022\/02\/Heren_level2_rits.png\",\"width\":436,\"height\":415,\"caption\":\"Rits\"},{\"@type\":\"BreadcrumbList\",\"@id\":\"https:\/\/www.shoerepair-online.com\/fr\/boutique\/reparation-de-chaussures\/changement-de-fermeture-eclair\/#breadcrumb\",\"itemListElement\":[{\"@type\":\"ListItem\",\"position\":1,\"name\":\"Home\",\"item\":\"https:\/\/www.shoerepair-online.com\/fr\/\"},{\"@type\":\"ListItem\",\"position\":2,\"name\":\"Boutique\",\"item\":\"https:\/\/www.shoerepair-online.com\/fr\/boutique\/\"},{\"@type\":\"ListItem\",\"position\":3,\"name\":\"R\u00e9paration de chaussures\",\"item\":\"https:\/\/www.shoerepair-online.com\/fr\/boutique\/reparation-de-chaussures\/\"},{\"@type\":\"ListItem\",\"position\":4,\"name\":\"Changement de fermeture \u00e9clair\"}]},{\"@type\":\"WebSite\",\"@id\":\"https:\/\/www.shoerepair-online.com\/fr\/#website\",\"url\":\"https:\/\/www.shoerepair-online.com\/fr\/\",\"name\":\"Shoe Repair Online\",\"description\":\"Powered by Mister Minit\",\"potentialAction\":[{\"@type\":\"SearchAction\",\"target\":{\"@type\":\"EntryPoint\",\"urlTemplate\":\"https:\/\/www.shoerepair-online.com\/fr\/?s={search_term_string}\"},\"query-input\":{\"@type\":\"PropertyValueSpecification\",\"valueRequired\":true,\"valueName\":\"search_term_string\"}}],\"inLanguage\":\"fr-FR\"}]}<\/script>\n<!-- \/ Yoast SEO plugin. -->","yoast_head_json":{"title":"Changement de fermeture \u00e9clair - Shoe Repair Online","description":"Il serait dommage de jeter vos belles bottes ou chaussures, juste parce que la fermeture \u00e9clair est cass\u00e9e. Nous rempla\u00e7ons une fermeture \u00e9clair enti\u00e8rement dans la botte ou la chaussure.","robots":{"index":"noindex","follow":"follow","max-snippet":"max-snippet:-1","max-image-preview":"max-image-preview:large","max-video-preview":"max-video-preview:-1"},"og_locale":"fr_FR","og_type":"article","og_title":"Changement de fermeture \u00e9clair - Shoe Repair Online","og_description":"Il serait dommage de jeter vos belles bottes ou chaussures, juste parce que la fermeture \u00e9clair est cass\u00e9e. Nous rempla\u00e7ons une fermeture \u00e9clair enti\u00e8rement dans la botte ou la chaussure.","og_url":"https:\/\/www.shoerepair-online.com\/fr\/boutique\/reparation-de-chaussures\/changement-de-fermeture-eclair\/","og_site_name":"Shoe Repair Online","article_modified_time":"2023-02-06T11:52:48+00:00","og_image":[{"width":436,"height":415,"url":"https:\/\/www.shoerepair-online.com\/wp-content\/uploads\/2022\/02\/Heren_level2_rits.png","type":"image\/png"}],"twitter_card":"summary_large_image","schema":{"@context":"https:\/\/schema.org","@graph":[{"@type":"WebPage","@id":"https:\/\/www.shoerepair-online.com\/fr\/boutique\/reparation-de-chaussures\/changement-de-fermeture-eclair\/","url":"https:\/\/www.shoerepair-online.com\/fr\/boutique\/reparation-de-chaussures\/changement-de-fermeture-eclair\/","name":"Changement de fermeture \u00e9clair - Shoe Repair Online","isPartOf":{"@id":"https:\/\/www.shoerepair-online.com\/fr\/#website"},"primaryImageOfPage":{"@id":"https:\/\/www.shoerepair-online.com\/fr\/boutique\/reparation-de-chaussures\/changement-de-fermeture-eclair\/#primaryimage"},"image":{"@id":"https:\/\/www.shoerepair-online.com\/fr\/boutique\/reparation-de-chaussures\/changement-de-fermeture-eclair\/#primaryimage"},"thumbnailUrl":"https:\/\/www.shoerepair-online.com\/wp-content\/uploads\/2022\/02\/Heren_level2_rits.png","datePublished":"2022-03-10T14:22:19+00:00","dateModified":"2023-02-06T11:52:48+00:00","description":"Il serait dommage de jeter vos belles bottes ou chaussures, juste parce que la fermeture \u00e9clair est cass\u00e9e. Nous rempla\u00e7ons une fermeture \u00e9clair enti\u00e8rement dans la botte ou la chaussure.","breadcrumb":{"@id":"https:\/\/www.shoerepair-online.com\/fr\/boutique\/reparation-de-chaussures\/changement-de-fermeture-eclair\/#breadcrumb"},"inLanguage":"fr-FR","potentialAction":[{"@type":"ReadAction","target":["https:\/\/www.shoerepair-online.com\/fr\/boutique\/reparation-de-chaussures\/changement-de-fermeture-eclair\/"]}]},{"@type":"ImageObject","inLanguage":"fr-FR","@id":"https:\/\/www.shoerepair-online.com\/fr\/boutique\/reparation-de-chaussures\/changement-de-fermeture-eclair\/#primaryimage","url":"https:\/\/www.shoerepair-online.com\/wp-content\/uploads\/2022\/02\/Heren_level2_rits.png","contentUrl":"https:\/\/www.shoerepair-online.com\/wp-content\/uploads\/2022\/02\/Heren_level2_rits.png","width":436,"height":415,"caption":"Rits"},{"@type":"BreadcrumbList","@id":"https:\/\/www.shoerepair-online.com\/fr\/boutique\/reparation-de-chaussures\/changement-de-fermeture-eclair\/#breadcrumb","itemListElement":[{"@type":"ListItem","position":1,"name":"Home","item":"https:\/\/www.shoerepair-online.com\/fr\/"},{"@type":"ListItem","position":2,"name":"Boutique","item":"https:\/\/www.shoerepair-online.com\/fr\/boutique\/"},{"@type":"ListItem","position":3,"name":"R\u00e9paration de chaussures","item":"https:\/\/www.shoerepair-online.com\/fr\/boutique\/reparation-de-chaussures\/"},{"@type":"ListItem","position":4,"name":"Changement de fermeture \u00e9clair"}]},{"@type":"WebSite","@id":"https:\/\/www.shoerepair-online.com\/fr\/#website","url":"https:\/\/www.shoerepair-online.com\/fr\/","name":"Shoe Repair Online","description":"Powered by Mister Minit","potentialAction":[{"@type":"SearchAction","target":{"@type":"EntryPoint","urlTemplate":"https:\/\/www.shoerepair-online.com\/fr\/?s={search_term_string}"},"query-input":{"@type":"PropertyValueSpecification","valueRequired":true,"valueName":"search_term_string"}}],"inLanguage":"fr-FR"}]}},"_links":{"self":[{"href":"https:\/\/www.shoerepair-online.com\/fr\/wp-json\/wp\/v2\/product\/6534","targetHints":{"allow":["GET"]}}],"collection":[{"href":"https:\/\/www.shoerepair-online.com\/fr\/wp-json\/wp\/v2\/product"}],"about":[{"href":"https:\/\/www.shoerepair-online.com\/fr\/wp-json\/wp\/v2\/types\/product"}],"replies":[{"embeddable":true,"href":"https:\/\/www.shoerepair-online.com\/fr\/wp-json\/wp\/v2\/comments?post=6534"}],"version-history":[{"count":3,"href":"https:\/\/www.shoerepair-online.com\/fr\/wp-json\/wp\/v2\/product\/6534\/revisions"}],"predecessor-version":[{"id":6940,"href":"https:\/\/www.shoerepair-online.com\/fr\/wp-json\/wp\/v2\/product\/6534\/revisions\/6940"}],"wp:featuredmedia":[{"embeddable":true,"href":"https:\/\/www.shoerepair-online.com\/fr\/wp-json\/wp\/v2\/media\/2056"}],"wp:attachment":[{"href":"https:\/\/www.shoerepair-online.com\/fr\/wp-json\/wp\/v2\/media?parent=6534"}],"wp:term":[{"taxonomy":"product_cat","embeddable":true,"href":"https:\/\/www.shoerepair-online.com\/fr\/wp-json\/wp\/v2\/product_cat?post=6534"},{"taxonomy":"product_tag","embeddable":true,"href":"https:\/\/www.shoerepair-online.com\/fr\/wp-json\/wp\/v2\/product_tag?post=6534"},{"taxonomy":"products_material","embeddable":true,"href":"https:\/\/www.shoerepair-online.com\/fr\/wp-json\/wp\/v2\/products_material?post=6534"}],"curies":[{"name":"wp","href":"https:\/\/api.w.org\/{rel}","templated":true}]}}