{"id":6502,"date":"2022-03-11T09:03:51","date_gmt":"2022-03-11T07:03:51","guid":{"rendered":"https:\/\/www.shoerepair-online.com\/product\/hakken-en-1-2-zolen-pump\/"},"modified":"2022-09-27T10:42:38","modified_gmt":"2022-09-27T08:42:38","slug":"talons-et-patins-escarpins","status":"publish","type":"product","link":"https:\/\/www.shoerepair-online.com\/fr\/boutique\/reparation-de-chaussures\/chaussures-dames-enfants\/talons-et-patins-escarpins-2\/talons-et-patins-escarpins\/","title":{"rendered":"Talons et patins escarpins"},"content":{"rendered":"","protected":false},"excerpt":{"rendered":"<p>Un ressemelage complet pour vos \u00e9l\u00e9gants escarpins.<\/p>\n","protected":false},"featured_media":3098,"comment_status":"closed","ping_status":"closed","template":"","meta":{"_acf_changed":false,"inline_featured_image":false,"footnotes":""},"product_cat":[318,343,347],"product_tag":[],"products_material":[],"class_list":["post-6502","product","type-product","status-publish","has-post-thumbnail","hentry","product_cat-reparation-de-chaussures","product_cat-chaussures-femmes-enfants","product_cat-talons-et-1-2-semelles-dames"],"acf":[],"yoast_head":"<!-- This site is optimized with the Yoast SEO plugin v27.0 - https:\/\/yoast.com\/product\/yoast-seo-wordpress\/ -->\n<title>Talons et patins escarpins - Shoe Repair Online<\/title>\n<meta name=\"description\" content=\"Les talons et les semelles de votre paire d&#039;escarpins pr\u00e9f\u00e9r\u00e9s sont-ils us\u00e9s ? Nous effectuons un ressemelage complet pour vos \u00e9l\u00e9gants escarpins.\" \/>\n<meta name=\"robots\" content=\"noindex, follow, max-snippet:-1, max-image-preview:large, max-video-preview:-1\" \/>\n<meta property=\"og:locale\" content=\"fr_FR\" \/>\n<meta property=\"og:type\" content=\"article\" \/>\n<meta property=\"og:title\" content=\"Talons et patins escarpins - Shoe Repair Online\" \/>\n<meta property=\"og:description\" content=\"Les talons et les semelles de votre paire d&#039;escarpins pr\u00e9f\u00e9r\u00e9s sont-ils us\u00e9s ? Nous effectuons un ressemelage complet pour vos \u00e9l\u00e9gants escarpins.\" \/>\n<meta property=\"og:url\" content=\"https:\/\/www.shoerepair-online.com\/fr\/boutique\/reparation-de-chaussures\/chaussures-dames-enfants\/talons-et-patins-escarpins-2\/talons-et-patins-escarpins\/\" \/>\n<meta property=\"og:site_name\" content=\"Shoe Repair Online\" \/>\n<meta property=\"article:modified_time\" content=\"2022-09-27T08:42:38+00:00\" \/>\n<meta property=\"og:image\" content=\"https:\/\/www.shoerepair-online.com\/wp-content\/uploads\/2022\/03\/Dames_level3_hakkenhalve-zolen-pump-1.png\" \/>\n\t<meta property=\"og:image:width\" content=\"436\" \/>\n\t<meta property=\"og:image:height\" content=\"415\" \/>\n\t<meta property=\"og:image:type\" content=\"image\/png\" \/>\n<meta name=\"twitter:card\" content=\"summary_large_image\" \/>\n<script type=\"application\/ld+json\" class=\"yoast-schema-graph\">{\"@context\":\"https:\/\/schema.org\",\"@graph\":[{\"@type\":\"WebPage\",\"@id\":\"https:\/\/www.shoerepair-online.com\/fr\/boutique\/reparation-de-chaussures\/chaussures-dames-enfants\/talons-et-patins-escarpins-2\/talons-et-patins-escarpins\/\",\"url\":\"https:\/\/www.shoerepair-online.com\/fr\/boutique\/reparation-de-chaussures\/chaussures-dames-enfants\/talons-et-patins-escarpins-2\/talons-et-patins-escarpins\/\",\"name\":\"Talons et patins escarpins - Shoe Repair Online\",\"isPartOf\":{\"@id\":\"https:\/\/www.shoerepair-online.com\/fr\/#website\"},\"primaryImageOfPage\":{\"@id\":\"https:\/\/www.shoerepair-online.com\/fr\/boutique\/reparation-de-chaussures\/chaussures-dames-enfants\/talons-et-patins-escarpins-2\/talons-et-patins-escarpins\/#primaryimage\"},\"image\":{\"@id\":\"https:\/\/www.shoerepair-online.com\/fr\/boutique\/reparation-de-chaussures\/chaussures-dames-enfants\/talons-et-patins-escarpins-2\/talons-et-patins-escarpins\/#primaryimage\"},\"thumbnailUrl\":\"https:\/\/www.shoerepair-online.com\/wp-content\/uploads\/2022\/03\/Dames_level3_hakkenhalve-zolen-pump-1.png\",\"datePublished\":\"2022-03-11T07:03:51+00:00\",\"dateModified\":\"2022-09-27T08:42:38+00:00\",\"description\":\"Les talons et les semelles de votre paire d'escarpins pr\u00e9f\u00e9r\u00e9s sont-ils us\u00e9s ? Nous effectuons un ressemelage complet pour vos \u00e9l\u00e9gants escarpins.\",\"breadcrumb\":{\"@id\":\"https:\/\/www.shoerepair-online.com\/fr\/boutique\/reparation-de-chaussures\/chaussures-dames-enfants\/talons-et-patins-escarpins-2\/talons-et-patins-escarpins\/#breadcrumb\"},\"inLanguage\":\"fr-FR\",\"potentialAction\":[{\"@type\":\"ReadAction\",\"target\":[\"https:\/\/www.shoerepair-online.com\/fr\/boutique\/reparation-de-chaussures\/chaussures-dames-enfants\/talons-et-patins-escarpins-2\/talons-et-patins-escarpins\/\"]}]},{\"@type\":\"ImageObject\",\"inLanguage\":\"fr-FR\",\"@id\":\"https:\/\/www.shoerepair-online.com\/fr\/boutique\/reparation-de-chaussures\/chaussures-dames-enfants\/talons-et-patins-escarpins-2\/talons-et-patins-escarpins\/#primaryimage\",\"url\":\"https:\/\/www.shoerepair-online.com\/wp-content\/uploads\/2022\/03\/Dames_level3_hakkenhalve-zolen-pump-1.png\",\"contentUrl\":\"https:\/\/www.shoerepair-online.com\/wp-content\/uploads\/2022\/03\/Dames_level3_hakkenhalve-zolen-pump-1.png\",\"width\":436,\"height\":415,\"caption\":\"Damesschoen herstelde hak en zool\"},{\"@type\":\"BreadcrumbList\",\"@id\":\"https:\/\/www.shoerepair-online.com\/fr\/boutique\/reparation-de-chaussures\/chaussures-dames-enfants\/talons-et-patins-escarpins-2\/talons-et-patins-escarpins\/#breadcrumb\",\"itemListElement\":[{\"@type\":\"ListItem\",\"position\":1,\"name\":\"Home\",\"item\":\"https:\/\/www.shoerepair-online.com\/fr\/\"},{\"@type\":\"ListItem\",\"position\":2,\"name\":\"Boutique\",\"item\":\"https:\/\/www.shoerepair-online.com\/fr\/boutique\/\"},{\"@type\":\"ListItem\",\"position\":3,\"name\":\"R\u00e9paration de chaussures\",\"item\":\"https:\/\/www.shoerepair-online.com\/fr\/boutique\/reparation-de-chaussures\/\"},{\"@type\":\"ListItem\",\"position\":4,\"name\":\"Talons et patins escarpins\"}]},{\"@type\":\"WebSite\",\"@id\":\"https:\/\/www.shoerepair-online.com\/fr\/#website\",\"url\":\"https:\/\/www.shoerepair-online.com\/fr\/\",\"name\":\"Shoe Repair Online\",\"description\":\"Powered by Mister Minit\",\"potentialAction\":[{\"@type\":\"SearchAction\",\"target\":{\"@type\":\"EntryPoint\",\"urlTemplate\":\"https:\/\/www.shoerepair-online.com\/fr\/?s={search_term_string}\"},\"query-input\":{\"@type\":\"PropertyValueSpecification\",\"valueRequired\":true,\"valueName\":\"search_term_string\"}}],\"inLanguage\":\"fr-FR\"}]}<\/script>\n<!-- \/ Yoast SEO plugin. -->","yoast_head_json":{"title":"Talons et patins escarpins - Shoe Repair Online","description":"Les talons et les semelles de votre paire d'escarpins pr\u00e9f\u00e9r\u00e9s sont-ils us\u00e9s ? Nous effectuons un ressemelage complet pour vos \u00e9l\u00e9gants escarpins.","robots":{"index":"noindex","follow":"follow","max-snippet":"max-snippet:-1","max-image-preview":"max-image-preview:large","max-video-preview":"max-video-preview:-1"},"og_locale":"fr_FR","og_type":"article","og_title":"Talons et patins escarpins - Shoe Repair Online","og_description":"Les talons et les semelles de votre paire d'escarpins pr\u00e9f\u00e9r\u00e9s sont-ils us\u00e9s ? Nous effectuons un ressemelage complet pour vos \u00e9l\u00e9gants escarpins.","og_url":"https:\/\/www.shoerepair-online.com\/fr\/boutique\/reparation-de-chaussures\/chaussures-dames-enfants\/talons-et-patins-escarpins-2\/talons-et-patins-escarpins\/","og_site_name":"Shoe Repair Online","article_modified_time":"2022-09-27T08:42:38+00:00","og_image":[{"width":436,"height":415,"url":"https:\/\/www.shoerepair-online.com\/wp-content\/uploads\/2022\/03\/Dames_level3_hakkenhalve-zolen-pump-1.png","type":"image\/png"}],"twitter_card":"summary_large_image","schema":{"@context":"https:\/\/schema.org","@graph":[{"@type":"WebPage","@id":"https:\/\/www.shoerepair-online.com\/fr\/boutique\/reparation-de-chaussures\/chaussures-dames-enfants\/talons-et-patins-escarpins-2\/talons-et-patins-escarpins\/","url":"https:\/\/www.shoerepair-online.com\/fr\/boutique\/reparation-de-chaussures\/chaussures-dames-enfants\/talons-et-patins-escarpins-2\/talons-et-patins-escarpins\/","name":"Talons et patins escarpins - Shoe Repair Online","isPartOf":{"@id":"https:\/\/www.shoerepair-online.com\/fr\/#website"},"primaryImageOfPage":{"@id":"https:\/\/www.shoerepair-online.com\/fr\/boutique\/reparation-de-chaussures\/chaussures-dames-enfants\/talons-et-patins-escarpins-2\/talons-et-patins-escarpins\/#primaryimage"},"image":{"@id":"https:\/\/www.shoerepair-online.com\/fr\/boutique\/reparation-de-chaussures\/chaussures-dames-enfants\/talons-et-patins-escarpins-2\/talons-et-patins-escarpins\/#primaryimage"},"thumbnailUrl":"https:\/\/www.shoerepair-online.com\/wp-content\/uploads\/2022\/03\/Dames_level3_hakkenhalve-zolen-pump-1.png","datePublished":"2022-03-11T07:03:51+00:00","dateModified":"2022-09-27T08:42:38+00:00","description":"Les talons et les semelles de votre paire d'escarpins pr\u00e9f\u00e9r\u00e9s sont-ils us\u00e9s ? Nous effectuons un ressemelage complet pour vos \u00e9l\u00e9gants escarpins.","breadcrumb":{"@id":"https:\/\/www.shoerepair-online.com\/fr\/boutique\/reparation-de-chaussures\/chaussures-dames-enfants\/talons-et-patins-escarpins-2\/talons-et-patins-escarpins\/#breadcrumb"},"inLanguage":"fr-FR","potentialAction":[{"@type":"ReadAction","target":["https:\/\/www.shoerepair-online.com\/fr\/boutique\/reparation-de-chaussures\/chaussures-dames-enfants\/talons-et-patins-escarpins-2\/talons-et-patins-escarpins\/"]}]},{"@type":"ImageObject","inLanguage":"fr-FR","@id":"https:\/\/www.shoerepair-online.com\/fr\/boutique\/reparation-de-chaussures\/chaussures-dames-enfants\/talons-et-patins-escarpins-2\/talons-et-patins-escarpins\/#primaryimage","url":"https:\/\/www.shoerepair-online.com\/wp-content\/uploads\/2022\/03\/Dames_level3_hakkenhalve-zolen-pump-1.png","contentUrl":"https:\/\/www.shoerepair-online.com\/wp-content\/uploads\/2022\/03\/Dames_level3_hakkenhalve-zolen-pump-1.png","width":436,"height":415,"caption":"Damesschoen herstelde hak en zool"},{"@type":"BreadcrumbList","@id":"https:\/\/www.shoerepair-online.com\/fr\/boutique\/reparation-de-chaussures\/chaussures-dames-enfants\/talons-et-patins-escarpins-2\/talons-et-patins-escarpins\/#breadcrumb","itemListElement":[{"@type":"ListItem","position":1,"name":"Home","item":"https:\/\/www.shoerepair-online.com\/fr\/"},{"@type":"ListItem","position":2,"name":"Boutique","item":"https:\/\/www.shoerepair-online.com\/fr\/boutique\/"},{"@type":"ListItem","position":3,"name":"R\u00e9paration de chaussures","item":"https:\/\/www.shoerepair-online.com\/fr\/boutique\/reparation-de-chaussures\/"},{"@type":"ListItem","position":4,"name":"Talons et patins escarpins"}]},{"@type":"WebSite","@id":"https:\/\/www.shoerepair-online.com\/fr\/#website","url":"https:\/\/www.shoerepair-online.com\/fr\/","name":"Shoe Repair Online","description":"Powered by Mister Minit","potentialAction":[{"@type":"SearchAction","target":{"@type":"EntryPoint","urlTemplate":"https:\/\/www.shoerepair-online.com\/fr\/?s={search_term_string}"},"query-input":{"@type":"PropertyValueSpecification","valueRequired":true,"valueName":"search_term_string"}}],"inLanguage":"fr-FR"}]}},"_links":{"self":[{"href":"https:\/\/www.shoerepair-online.com\/fr\/wp-json\/wp\/v2\/product\/6502","targetHints":{"allow":["GET"]}}],"collection":[{"href":"https:\/\/www.shoerepair-online.com\/fr\/wp-json\/wp\/v2\/product"}],"about":[{"href":"https:\/\/www.shoerepair-online.com\/fr\/wp-json\/wp\/v2\/types\/product"}],"replies":[{"embeddable":true,"href":"https:\/\/www.shoerepair-online.com\/fr\/wp-json\/wp\/v2\/comments?post=6502"}],"version-history":[{"count":2,"href":"https:\/\/www.shoerepair-online.com\/fr\/wp-json\/wp\/v2\/product\/6502\/revisions"}],"predecessor-version":[{"id":6504,"href":"https:\/\/www.shoerepair-online.com\/fr\/wp-json\/wp\/v2\/product\/6502\/revisions\/6504"}],"wp:featuredmedia":[{"embeddable":true,"href":"https:\/\/www.shoerepair-online.com\/fr\/wp-json\/wp\/v2\/media\/3098"}],"wp:attachment":[{"href":"https:\/\/www.shoerepair-online.com\/fr\/wp-json\/wp\/v2\/media?parent=6502"}],"wp:term":[{"taxonomy":"product_cat","embeddable":true,"href":"https:\/\/www.shoerepair-online.com\/fr\/wp-json\/wp\/v2\/product_cat?post=6502"},{"taxonomy":"product_tag","embeddable":true,"href":"https:\/\/www.shoerepair-online.com\/fr\/wp-json\/wp\/v2\/product_tag?post=6502"},{"taxonomy":"products_material","embeddable":true,"href":"https:\/\/www.shoerepair-online.com\/fr\/wp-json\/wp\/v2\/products_material?post=6502"}],"curies":[{"name":"wp","href":"https:\/\/api.w.org\/{rel}","templated":true}]}}