{"id":6471,"date":"2022-02-21T18:27:00","date_gmt":"2022-02-21T16:27:00","guid":{"rendered":"https:\/\/www.shoerepair-online.com\/product\/sneeuw-spikes-over-schoenen\/"},"modified":"2023-02-07T12:33:39","modified_gmt":"2023-02-07T10:33:39","slug":"pointes-de-neige-sur-les-chaussures","status":"publish","type":"product","link":"https:\/\/www.shoerepair-online.com\/fr\/boutique\/accessoires\/pointes-de-neige-sur-les-chaussures\/","title":{"rendered":"Pointes de neige sur les chaussures"},"content":{"rendered":"","protected":false},"excerpt":{"rendered":"<p>Les pointes \u00e0 neige s&rsquo;adaptent \u00e0 vos chaussures et emp\u00eachent les glissades et les chutes sur la glace, la neige et les surfaces mouill\u00e9es.<\/p>\n","protected":false},"featured_media":1715,"comment_status":"closed","ping_status":"closed","template":"","meta":{"_acf_changed":false,"inline_featured_image":false,"footnotes":""},"product_cat":[320],"product_tag":[],"products_material":[],"class_list":["post-6471","product","type-product","status-publish","has-post-thumbnail","hentry","product_cat-accessoires","pa_maat-extra-large-fr","pa_maat-large-fr","pa_maat-medium-fr","pa_maat-small-fr"],"acf":[],"yoast_head":"<!-- This site is optimized with the Yoast SEO plugin v27.0 - https:\/\/yoast.com\/product\/yoast-seo-wordpress\/ -->\n<title>Pointes de neige sur les chaussures - Shoe Repair Online<\/title>\n<meta name=\"description\" content=\"Les pointes \u00e0 neige s&#039;adaptent \u00e0 vos chaussures et emp\u00eachent les glissades et les chutes sur la glace, la neige et les surfaces mouill\u00e9es.\" \/>\n<meta name=\"robots\" content=\"noindex, follow, max-snippet:-1, max-image-preview:large, max-video-preview:-1\" \/>\n<meta property=\"og:locale\" content=\"fr_FR\" \/>\n<meta property=\"og:type\" content=\"article\" \/>\n<meta property=\"og:title\" content=\"Pointes de neige sur les chaussures - Shoe Repair Online\" \/>\n<meta property=\"og:description\" content=\"Les pointes \u00e0 neige s&#039;adaptent \u00e0 vos chaussures et emp\u00eachent les glissades et les chutes sur la glace, la neige et les surfaces mouill\u00e9es.\" \/>\n<meta property=\"og:url\" content=\"https:\/\/www.shoerepair-online.com\/fr\/boutique\/accessoires\/pointes-de-neige-sur-les-chaussures\/\" \/>\n<meta property=\"og:site_name\" content=\"Shoe Repair Online\" \/>\n<meta property=\"article:modified_time\" content=\"2023-02-07T10:33:39+00:00\" \/>\n<meta property=\"og:image\" content=\"https:\/\/www.shoerepair-online.com\/wp-content\/uploads\/2022\/02\/59016-Sneeuw-spikes.png\" \/>\n\t<meta property=\"og:image:width\" content=\"436\" \/>\n\t<meta property=\"og:image:height\" content=\"415\" \/>\n\t<meta property=\"og:image:type\" content=\"image\/png\" \/>\n<meta name=\"twitter:card\" content=\"summary_large_image\" \/>\n<script type=\"application\/ld+json\" class=\"yoast-schema-graph\">{\"@context\":\"https:\/\/schema.org\",\"@graph\":[{\"@type\":\"WebPage\",\"@id\":\"https:\/\/www.shoerepair-online.com\/fr\/boutique\/accessoires\/pointes-de-neige-sur-les-chaussures\/\",\"url\":\"https:\/\/www.shoerepair-online.com\/fr\/boutique\/accessoires\/pointes-de-neige-sur-les-chaussures\/\",\"name\":\"Pointes de neige sur les chaussures - Shoe Repair Online\",\"isPartOf\":{\"@id\":\"https:\/\/www.shoerepair-online.com\/fr\/#website\"},\"primaryImageOfPage\":{\"@id\":\"https:\/\/www.shoerepair-online.com\/fr\/boutique\/accessoires\/pointes-de-neige-sur-les-chaussures\/#primaryimage\"},\"image\":{\"@id\":\"https:\/\/www.shoerepair-online.com\/fr\/boutique\/accessoires\/pointes-de-neige-sur-les-chaussures\/#primaryimage\"},\"thumbnailUrl\":\"https:\/\/www.shoerepair-online.com\/wp-content\/uploads\/2022\/02\/59016-Sneeuw-spikes.png\",\"datePublished\":\"2022-02-21T16:27:00+00:00\",\"dateModified\":\"2023-02-07T10:33:39+00:00\",\"description\":\"Les pointes \u00e0 neige s'adaptent \u00e0 vos chaussures et emp\u00eachent les glissades et les chutes sur la glace, la neige et les surfaces mouill\u00e9es.\",\"breadcrumb\":{\"@id\":\"https:\/\/www.shoerepair-online.com\/fr\/boutique\/accessoires\/pointes-de-neige-sur-les-chaussures\/#breadcrumb\"},\"inLanguage\":\"fr-FR\",\"potentialAction\":[{\"@type\":\"ReadAction\",\"target\":[\"https:\/\/www.shoerepair-online.com\/fr\/boutique\/accessoires\/pointes-de-neige-sur-les-chaussures\/\"]}]},{\"@type\":\"ImageObject\",\"inLanguage\":\"fr-FR\",\"@id\":\"https:\/\/www.shoerepair-online.com\/fr\/boutique\/accessoires\/pointes-de-neige-sur-les-chaussures\/#primaryimage\",\"url\":\"https:\/\/www.shoerepair-online.com\/wp-content\/uploads\/2022\/02\/59016-Sneeuw-spikes.png\",\"contentUrl\":\"https:\/\/www.shoerepair-online.com\/wp-content\/uploads\/2022\/02\/59016-Sneeuw-spikes.png\",\"width\":436,\"height\":415,\"caption\":\"Sneeuw Spikes\"},{\"@type\":\"BreadcrumbList\",\"@id\":\"https:\/\/www.shoerepair-online.com\/fr\/boutique\/accessoires\/pointes-de-neige-sur-les-chaussures\/#breadcrumb\",\"itemListElement\":[{\"@type\":\"ListItem\",\"position\":1,\"name\":\"Home\",\"item\":\"https:\/\/www.shoerepair-online.com\/fr\/\"},{\"@type\":\"ListItem\",\"position\":2,\"name\":\"Boutique\",\"item\":\"https:\/\/www.shoerepair-online.com\/fr\/boutique\/\"},{\"@type\":\"ListItem\",\"position\":3,\"name\":\"Accessoires\",\"item\":\"https:\/\/www.shoerepair-online.com\/fr\/boutique\/accessoires\/\"},{\"@type\":\"ListItem\",\"position\":4,\"name\":\"Pointes de neige sur les chaussures\"}]},{\"@type\":\"WebSite\",\"@id\":\"https:\/\/www.shoerepair-online.com\/fr\/#website\",\"url\":\"https:\/\/www.shoerepair-online.com\/fr\/\",\"name\":\"Shoe Repair Online\",\"description\":\"Powered by Mister Minit\",\"potentialAction\":[{\"@type\":\"SearchAction\",\"target\":{\"@type\":\"EntryPoint\",\"urlTemplate\":\"https:\/\/www.shoerepair-online.com\/fr\/?s={search_term_string}\"},\"query-input\":{\"@type\":\"PropertyValueSpecification\",\"valueRequired\":true,\"valueName\":\"search_term_string\"}}],\"inLanguage\":\"fr-FR\"}]}<\/script>\n<!-- \/ Yoast SEO plugin. -->","yoast_head_json":{"title":"Pointes de neige sur les chaussures - Shoe Repair Online","description":"Les pointes \u00e0 neige s'adaptent \u00e0 vos chaussures et emp\u00eachent les glissades et les chutes sur la glace, la neige et les surfaces mouill\u00e9es.","robots":{"index":"noindex","follow":"follow","max-snippet":"max-snippet:-1","max-image-preview":"max-image-preview:large","max-video-preview":"max-video-preview:-1"},"og_locale":"fr_FR","og_type":"article","og_title":"Pointes de neige sur les chaussures - Shoe Repair Online","og_description":"Les pointes \u00e0 neige s'adaptent \u00e0 vos chaussures et emp\u00eachent les glissades et les chutes sur la glace, la neige et les surfaces mouill\u00e9es.","og_url":"https:\/\/www.shoerepair-online.com\/fr\/boutique\/accessoires\/pointes-de-neige-sur-les-chaussures\/","og_site_name":"Shoe Repair Online","article_modified_time":"2023-02-07T10:33:39+00:00","og_image":[{"width":436,"height":415,"url":"https:\/\/www.shoerepair-online.com\/wp-content\/uploads\/2022\/02\/59016-Sneeuw-spikes.png","type":"image\/png"}],"twitter_card":"summary_large_image","schema":{"@context":"https:\/\/schema.org","@graph":[{"@type":"WebPage","@id":"https:\/\/www.shoerepair-online.com\/fr\/boutique\/accessoires\/pointes-de-neige-sur-les-chaussures\/","url":"https:\/\/www.shoerepair-online.com\/fr\/boutique\/accessoires\/pointes-de-neige-sur-les-chaussures\/","name":"Pointes de neige sur les chaussures - Shoe Repair Online","isPartOf":{"@id":"https:\/\/www.shoerepair-online.com\/fr\/#website"},"primaryImageOfPage":{"@id":"https:\/\/www.shoerepair-online.com\/fr\/boutique\/accessoires\/pointes-de-neige-sur-les-chaussures\/#primaryimage"},"image":{"@id":"https:\/\/www.shoerepair-online.com\/fr\/boutique\/accessoires\/pointes-de-neige-sur-les-chaussures\/#primaryimage"},"thumbnailUrl":"https:\/\/www.shoerepair-online.com\/wp-content\/uploads\/2022\/02\/59016-Sneeuw-spikes.png","datePublished":"2022-02-21T16:27:00+00:00","dateModified":"2023-02-07T10:33:39+00:00","description":"Les pointes \u00e0 neige s'adaptent \u00e0 vos chaussures et emp\u00eachent les glissades et les chutes sur la glace, la neige et les surfaces mouill\u00e9es.","breadcrumb":{"@id":"https:\/\/www.shoerepair-online.com\/fr\/boutique\/accessoires\/pointes-de-neige-sur-les-chaussures\/#breadcrumb"},"inLanguage":"fr-FR","potentialAction":[{"@type":"ReadAction","target":["https:\/\/www.shoerepair-online.com\/fr\/boutique\/accessoires\/pointes-de-neige-sur-les-chaussures\/"]}]},{"@type":"ImageObject","inLanguage":"fr-FR","@id":"https:\/\/www.shoerepair-online.com\/fr\/boutique\/accessoires\/pointes-de-neige-sur-les-chaussures\/#primaryimage","url":"https:\/\/www.shoerepair-online.com\/wp-content\/uploads\/2022\/02\/59016-Sneeuw-spikes.png","contentUrl":"https:\/\/www.shoerepair-online.com\/wp-content\/uploads\/2022\/02\/59016-Sneeuw-spikes.png","width":436,"height":415,"caption":"Sneeuw Spikes"},{"@type":"BreadcrumbList","@id":"https:\/\/www.shoerepair-online.com\/fr\/boutique\/accessoires\/pointes-de-neige-sur-les-chaussures\/#breadcrumb","itemListElement":[{"@type":"ListItem","position":1,"name":"Home","item":"https:\/\/www.shoerepair-online.com\/fr\/"},{"@type":"ListItem","position":2,"name":"Boutique","item":"https:\/\/www.shoerepair-online.com\/fr\/boutique\/"},{"@type":"ListItem","position":3,"name":"Accessoires","item":"https:\/\/www.shoerepair-online.com\/fr\/boutique\/accessoires\/"},{"@type":"ListItem","position":4,"name":"Pointes de neige sur les chaussures"}]},{"@type":"WebSite","@id":"https:\/\/www.shoerepair-online.com\/fr\/#website","url":"https:\/\/www.shoerepair-online.com\/fr\/","name":"Shoe Repair Online","description":"Powered by Mister Minit","potentialAction":[{"@type":"SearchAction","target":{"@type":"EntryPoint","urlTemplate":"https:\/\/www.shoerepair-online.com\/fr\/?s={search_term_string}"},"query-input":{"@type":"PropertyValueSpecification","valueRequired":true,"valueName":"search_term_string"}}],"inLanguage":"fr-FR"}]}},"_links":{"self":[{"href":"https:\/\/www.shoerepair-online.com\/fr\/wp-json\/wp\/v2\/product\/6471","targetHints":{"allow":["GET"]}}],"collection":[{"href":"https:\/\/www.shoerepair-online.com\/fr\/wp-json\/wp\/v2\/product"}],"about":[{"href":"https:\/\/www.shoerepair-online.com\/fr\/wp-json\/wp\/v2\/types\/product"}],"replies":[{"embeddable":true,"href":"https:\/\/www.shoerepair-online.com\/fr\/wp-json\/wp\/v2\/comments?post=6471"}],"version-history":[{"count":2,"href":"https:\/\/www.shoerepair-online.com\/fr\/wp-json\/wp\/v2\/product\/6471\/revisions"}],"predecessor-version":[{"id":6477,"href":"https:\/\/www.shoerepair-online.com\/fr\/wp-json\/wp\/v2\/product\/6471\/revisions\/6477"}],"wp:featuredmedia":[{"embeddable":true,"href":"https:\/\/www.shoerepair-online.com\/fr\/wp-json\/wp\/v2\/media\/1715"}],"wp:attachment":[{"href":"https:\/\/www.shoerepair-online.com\/fr\/wp-json\/wp\/v2\/media?parent=6471"}],"wp:term":[{"taxonomy":"product_cat","embeddable":true,"href":"https:\/\/www.shoerepair-online.com\/fr\/wp-json\/wp\/v2\/product_cat?post=6471"},{"taxonomy":"product_tag","embeddable":true,"href":"https:\/\/www.shoerepair-online.com\/fr\/wp-json\/wp\/v2\/product_tag?post=6471"},{"taxonomy":"products_material","embeddable":true,"href":"https:\/\/www.shoerepair-online.com\/fr\/wp-json\/wp\/v2\/products_material?post=6471"}],"curies":[{"name":"wp","href":"https:\/\/api.w.org\/{rel}","templated":true}]}}