{"id":6438,"date":"2022-02-21T18:18:52","date_gmt":"2022-02-21T16:18:52","guid":{"rendered":"https:\/\/www.shoerepair-online.com\/product\/luxe-schoenspanners-in-cederhout-2\/"},"modified":"2023-02-07T12:33:24","modified_gmt":"2023-02-07T10:33:24","slug":"embauchoirs-de-luxe-en-bois-de-cedre","status":"publish","type":"product","link":"https:\/\/www.shoerepair-online.com\/fr\/shop\/accessoires\/luxe-schoenspanners-in-cederhout-2\/","title":{"rendered":"Embauchoirs de luxe en bois de c\u00e8dre"},"content":{"rendered":"","protected":false},"excerpt":{"rendered":"<p>Le luxueux tendeur de chaussures en c\u00e8dre vous aide \u00e0 conserver la forme et l&rsquo;apparence originales de vos chaussures.<\/p>\n","protected":false},"featured_media":1679,"comment_status":"closed","ping_status":"closed","template":"","meta":{"_acf_changed":false,"inline_featured_image":false,"footnotes":""},"product_cat":[320],"product_tag":[],"products_material":[],"class_list":["post-6438","product","type-product","status-publish","has-post-thumbnail","hentry","product_cat-accessoires","pa_maat-37-38-fr","pa_maat-39-40-fr","pa_maat-41-42-fr","pa_maat-43-44-fr","pa_maat-45-46-fr","pa_maat-47-48-fr"],"acf":[],"yoast_head":"<!-- This site is optimized with the Yoast SEO plugin v27.0 - https:\/\/yoast.com\/product\/yoast-seo-wordpress\/ -->\n<title>Embauchoirs de luxe en bois de c\u00e8dre - Shoe Repair Online<\/title>\n<meta name=\"description\" content=\"Le luxueux tendeur de chaussures en c\u00e8dre vous aide \u00e0 conserver la forme et l&#039;apparence originales de vos chaussures.\" \/>\n<meta name=\"robots\" content=\"noindex, follow, max-snippet:-1, max-image-preview:large, max-video-preview:-1\" \/>\n<meta property=\"og:locale\" content=\"fr_FR\" \/>\n<meta property=\"og:type\" content=\"article\" \/>\n<meta property=\"og:title\" content=\"Embauchoirs de luxe en bois de c\u00e8dre - Shoe Repair Online\" \/>\n<meta property=\"og:description\" content=\"Le luxueux tendeur de chaussures en c\u00e8dre vous aide \u00e0 conserver la forme et l&#039;apparence originales de vos chaussures.\" \/>\n<meta property=\"og:url\" content=\"https:\/\/www.shoerepair-online.com\/fr\/shop\/accessoires\/luxe-schoenspanners-in-cederhout-2\/\" \/>\n<meta property=\"og:site_name\" content=\"Shoe Repair Online\" \/>\n<meta property=\"article:modified_time\" content=\"2023-02-07T10:33:24+00:00\" \/>\n<meta property=\"og:image\" content=\"https:\/\/www.shoerepair-online.com\/wp-content\/uploads\/2022\/02\/11195-Schoenspanners-hout-luxe.png\" \/>\n\t<meta property=\"og:image:width\" content=\"436\" \/>\n\t<meta property=\"og:image:height\" content=\"415\" \/>\n\t<meta property=\"og:image:type\" content=\"image\/png\" \/>\n<meta name=\"twitter:card\" content=\"summary_large_image\" \/>\n<script type=\"application\/ld+json\" class=\"yoast-schema-graph\">{\"@context\":\"https:\/\/schema.org\",\"@graph\":[{\"@type\":\"WebPage\",\"@id\":\"https:\/\/www.shoerepair-online.com\/fr\/shop\/accessoires\/luxe-schoenspanners-in-cederhout-2\/\",\"url\":\"https:\/\/www.shoerepair-online.com\/fr\/shop\/accessoires\/luxe-schoenspanners-in-cederhout-2\/\",\"name\":\"Embauchoirs de luxe en bois de c\u00e8dre - Shoe Repair Online\",\"isPartOf\":{\"@id\":\"https:\/\/www.shoerepair-online.com\/fr\/#website\"},\"primaryImageOfPage\":{\"@id\":\"https:\/\/www.shoerepair-online.com\/fr\/shop\/accessoires\/luxe-schoenspanners-in-cederhout-2\/#primaryimage\"},\"image\":{\"@id\":\"https:\/\/www.shoerepair-online.com\/fr\/shop\/accessoires\/luxe-schoenspanners-in-cederhout-2\/#primaryimage\"},\"thumbnailUrl\":\"https:\/\/www.shoerepair-online.com\/wp-content\/uploads\/2022\/02\/11195-Schoenspanners-hout-luxe.png\",\"datePublished\":\"2022-02-21T16:18:52+00:00\",\"dateModified\":\"2023-02-07T10:33:24+00:00\",\"description\":\"Le luxueux tendeur de chaussures en c\u00e8dre vous aide \u00e0 conserver la forme et l'apparence originales de vos chaussures.\",\"breadcrumb\":{\"@id\":\"https:\/\/www.shoerepair-online.com\/fr\/shop\/accessoires\/luxe-schoenspanners-in-cederhout-2\/#breadcrumb\"},\"inLanguage\":\"fr-FR\",\"potentialAction\":[{\"@type\":\"ReadAction\",\"target\":[\"https:\/\/www.shoerepair-online.com\/fr\/shop\/accessoires\/luxe-schoenspanners-in-cederhout-2\/\"]}]},{\"@type\":\"ImageObject\",\"inLanguage\":\"fr-FR\",\"@id\":\"https:\/\/www.shoerepair-online.com\/fr\/shop\/accessoires\/luxe-schoenspanners-in-cederhout-2\/#primaryimage\",\"url\":\"https:\/\/www.shoerepair-online.com\/wp-content\/uploads\/2022\/02\/11195-Schoenspanners-hout-luxe.png\",\"contentUrl\":\"https:\/\/www.shoerepair-online.com\/wp-content\/uploads\/2022\/02\/11195-Schoenspanners-hout-luxe.png\",\"width\":436,\"height\":415,\"caption\":\"Luxe schoenspanners in cederhout\"},{\"@type\":\"BreadcrumbList\",\"@id\":\"https:\/\/www.shoerepair-online.com\/fr\/shop\/accessoires\/luxe-schoenspanners-in-cederhout-2\/#breadcrumb\",\"itemListElement\":[{\"@type\":\"ListItem\",\"position\":1,\"name\":\"Home\",\"item\":\"https:\/\/www.shoerepair-online.com\/fr\/\"},{\"@type\":\"ListItem\",\"position\":2,\"name\":\"Boutique\",\"item\":\"https:\/\/www.shoerepair-online.com\/fr\/boutique\/\"},{\"@type\":\"ListItem\",\"position\":3,\"name\":\"Accessoires\",\"item\":\"https:\/\/www.shoerepair-online.com\/fr\/boutique\/accessoires\/\"},{\"@type\":\"ListItem\",\"position\":4,\"name\":\"Embauchoirs de luxe en bois de c\u00e8dre\"}]},{\"@type\":\"WebSite\",\"@id\":\"https:\/\/www.shoerepair-online.com\/fr\/#website\",\"url\":\"https:\/\/www.shoerepair-online.com\/fr\/\",\"name\":\"Shoe Repair Online\",\"description\":\"Powered by Mister Minit\",\"potentialAction\":[{\"@type\":\"SearchAction\",\"target\":{\"@type\":\"EntryPoint\",\"urlTemplate\":\"https:\/\/www.shoerepair-online.com\/fr\/?s={search_term_string}\"},\"query-input\":{\"@type\":\"PropertyValueSpecification\",\"valueRequired\":true,\"valueName\":\"search_term_string\"}}],\"inLanguage\":\"fr-FR\"}]}<\/script>\n<!-- \/ Yoast SEO plugin. -->","yoast_head_json":{"title":"Embauchoirs de luxe en bois de c\u00e8dre - Shoe Repair Online","description":"Le luxueux tendeur de chaussures en c\u00e8dre vous aide \u00e0 conserver la forme et l'apparence originales de vos chaussures.","robots":{"index":"noindex","follow":"follow","max-snippet":"max-snippet:-1","max-image-preview":"max-image-preview:large","max-video-preview":"max-video-preview:-1"},"og_locale":"fr_FR","og_type":"article","og_title":"Embauchoirs de luxe en bois de c\u00e8dre - Shoe Repair Online","og_description":"Le luxueux tendeur de chaussures en c\u00e8dre vous aide \u00e0 conserver la forme et l'apparence originales de vos chaussures.","og_url":"https:\/\/www.shoerepair-online.com\/fr\/shop\/accessoires\/luxe-schoenspanners-in-cederhout-2\/","og_site_name":"Shoe Repair Online","article_modified_time":"2023-02-07T10:33:24+00:00","og_image":[{"width":436,"height":415,"url":"https:\/\/www.shoerepair-online.com\/wp-content\/uploads\/2022\/02\/11195-Schoenspanners-hout-luxe.png","type":"image\/png"}],"twitter_card":"summary_large_image","schema":{"@context":"https:\/\/schema.org","@graph":[{"@type":"WebPage","@id":"https:\/\/www.shoerepair-online.com\/fr\/shop\/accessoires\/luxe-schoenspanners-in-cederhout-2\/","url":"https:\/\/www.shoerepair-online.com\/fr\/shop\/accessoires\/luxe-schoenspanners-in-cederhout-2\/","name":"Embauchoirs de luxe en bois de c\u00e8dre - Shoe Repair Online","isPartOf":{"@id":"https:\/\/www.shoerepair-online.com\/fr\/#website"},"primaryImageOfPage":{"@id":"https:\/\/www.shoerepair-online.com\/fr\/shop\/accessoires\/luxe-schoenspanners-in-cederhout-2\/#primaryimage"},"image":{"@id":"https:\/\/www.shoerepair-online.com\/fr\/shop\/accessoires\/luxe-schoenspanners-in-cederhout-2\/#primaryimage"},"thumbnailUrl":"https:\/\/www.shoerepair-online.com\/wp-content\/uploads\/2022\/02\/11195-Schoenspanners-hout-luxe.png","datePublished":"2022-02-21T16:18:52+00:00","dateModified":"2023-02-07T10:33:24+00:00","description":"Le luxueux tendeur de chaussures en c\u00e8dre vous aide \u00e0 conserver la forme et l'apparence originales de vos chaussures.","breadcrumb":{"@id":"https:\/\/www.shoerepair-online.com\/fr\/shop\/accessoires\/luxe-schoenspanners-in-cederhout-2\/#breadcrumb"},"inLanguage":"fr-FR","potentialAction":[{"@type":"ReadAction","target":["https:\/\/www.shoerepair-online.com\/fr\/shop\/accessoires\/luxe-schoenspanners-in-cederhout-2\/"]}]},{"@type":"ImageObject","inLanguage":"fr-FR","@id":"https:\/\/www.shoerepair-online.com\/fr\/shop\/accessoires\/luxe-schoenspanners-in-cederhout-2\/#primaryimage","url":"https:\/\/www.shoerepair-online.com\/wp-content\/uploads\/2022\/02\/11195-Schoenspanners-hout-luxe.png","contentUrl":"https:\/\/www.shoerepair-online.com\/wp-content\/uploads\/2022\/02\/11195-Schoenspanners-hout-luxe.png","width":436,"height":415,"caption":"Luxe schoenspanners in cederhout"},{"@type":"BreadcrumbList","@id":"https:\/\/www.shoerepair-online.com\/fr\/shop\/accessoires\/luxe-schoenspanners-in-cederhout-2\/#breadcrumb","itemListElement":[{"@type":"ListItem","position":1,"name":"Home","item":"https:\/\/www.shoerepair-online.com\/fr\/"},{"@type":"ListItem","position":2,"name":"Boutique","item":"https:\/\/www.shoerepair-online.com\/fr\/boutique\/"},{"@type":"ListItem","position":3,"name":"Accessoires","item":"https:\/\/www.shoerepair-online.com\/fr\/boutique\/accessoires\/"},{"@type":"ListItem","position":4,"name":"Embauchoirs de luxe en bois de c\u00e8dre"}]},{"@type":"WebSite","@id":"https:\/\/www.shoerepair-online.com\/fr\/#website","url":"https:\/\/www.shoerepair-online.com\/fr\/","name":"Shoe Repair Online","description":"Powered by Mister Minit","potentialAction":[{"@type":"SearchAction","target":{"@type":"EntryPoint","urlTemplate":"https:\/\/www.shoerepair-online.com\/fr\/?s={search_term_string}"},"query-input":{"@type":"PropertyValueSpecification","valueRequired":true,"valueName":"search_term_string"}}],"inLanguage":"fr-FR"}]}},"_links":{"self":[{"href":"https:\/\/www.shoerepair-online.com\/fr\/wp-json\/wp\/v2\/product\/6438","targetHints":{"allow":["GET"]}}],"collection":[{"href":"https:\/\/www.shoerepair-online.com\/fr\/wp-json\/wp\/v2\/product"}],"about":[{"href":"https:\/\/www.shoerepair-online.com\/fr\/wp-json\/wp\/v2\/types\/product"}],"replies":[{"embeddable":true,"href":"https:\/\/www.shoerepair-online.com\/fr\/wp-json\/wp\/v2\/comments?post=6438"}],"version-history":[{"count":2,"href":"https:\/\/www.shoerepair-online.com\/fr\/wp-json\/wp\/v2\/product\/6438\/revisions"}],"predecessor-version":[{"id":6448,"href":"https:\/\/www.shoerepair-online.com\/fr\/wp-json\/wp\/v2\/product\/6438\/revisions\/6448"}],"wp:featuredmedia":[{"embeddable":true,"href":"https:\/\/www.shoerepair-online.com\/fr\/wp-json\/wp\/v2\/media\/1679"}],"wp:attachment":[{"href":"https:\/\/www.shoerepair-online.com\/fr\/wp-json\/wp\/v2\/media?parent=6438"}],"wp:term":[{"taxonomy":"product_cat","embeddable":true,"href":"https:\/\/www.shoerepair-online.com\/fr\/wp-json\/wp\/v2\/product_cat?post=6438"},{"taxonomy":"product_tag","embeddable":true,"href":"https:\/\/www.shoerepair-online.com\/fr\/wp-json\/wp\/v2\/product_tag?post=6438"},{"taxonomy":"products_material","embeddable":true,"href":"https:\/\/www.shoerepair-online.com\/fr\/wp-json\/wp\/v2\/products_material?post=6438"}],"curies":[{"name":"wp","href":"https:\/\/api.w.org\/{rel}","templated":true}]}}