{"id":6430,"date":"2022-02-21T17:58:33","date_gmt":"2022-02-21T15:58:33","guid":{"rendered":"https:\/\/www.shoerepair-online.com\/product\/schoenlepels-kort\/"},"modified":"2023-02-07T13:48:08","modified_gmt":"2023-02-07T11:48:08","slug":"chausse-pieds-court","status":"publish","type":"product","link":"https:\/\/www.shoerepair-online.com\/fr\/boutique\/accessoires\/chausse-pieds-court\/","title":{"rendered":"Chausse-pieds court"},"content":{"rendered":"","protected":false},"excerpt":{"rendered":"<p>Le chausse-pied m\u00e9tallique court est tr\u00e8s r\u00e9sistant et vous permet d&rsquo;enfiler vos chaussures sans endommager le talon ou la doublure du talon.<\/p>\n","protected":false},"featured_media":1685,"comment_status":"closed","ping_status":"closed","template":"","meta":{"_acf_changed":false,"inline_featured_image":false,"footnotes":""},"product_cat":[320],"product_tag":[],"products_material":[],"class_list":["post-6430","product","type-product","status-publish","has-post-thumbnail","hentry","product_cat-accessoires"],"acf":[],"yoast_head":"<!-- This site is optimized with the Yoast SEO plugin v27.0 - https:\/\/yoast.com\/product\/yoast-seo-wordpress\/ -->\n<title>Chausse-pieds court - Shoe Repair Online<\/title>\n<meta name=\"description\" content=\"Le chausse-pied m\u00e9tallique court est tr\u00e8s r\u00e9sistant et vous permet d&#039;enfiler vos chaussures sans endommager le talon ou la doublure du talon.\" \/>\n<meta name=\"robots\" content=\"noindex, follow, max-snippet:-1, max-image-preview:large, max-video-preview:-1\" \/>\n<meta property=\"og:locale\" content=\"fr_FR\" \/>\n<meta property=\"og:type\" content=\"article\" \/>\n<meta property=\"og:title\" content=\"Chausse-pieds court - Shoe Repair Online\" \/>\n<meta property=\"og:description\" content=\"Le chausse-pied m\u00e9tallique court est tr\u00e8s r\u00e9sistant et vous permet d&#039;enfiler vos chaussures sans endommager le talon ou la doublure du talon.\" \/>\n<meta property=\"og:url\" content=\"https:\/\/www.shoerepair-online.com\/fr\/boutique\/accessoires\/chausse-pieds-court\/\" \/>\n<meta property=\"og:site_name\" content=\"Shoe Repair Online\" \/>\n<meta property=\"article:modified_time\" content=\"2023-02-07T11:48:08+00:00\" \/>\n<meta property=\"og:image\" content=\"https:\/\/www.shoerepair-online.com\/wp-content\/uploads\/2022\/02\/11900-schoenlepel-kort.png\" \/>\n\t<meta property=\"og:image:width\" content=\"436\" \/>\n\t<meta property=\"og:image:height\" content=\"415\" \/>\n\t<meta property=\"og:image:type\" content=\"image\/png\" \/>\n<meta name=\"twitter:card\" content=\"summary_large_image\" \/>\n<script type=\"application\/ld+json\" class=\"yoast-schema-graph\">{\"@context\":\"https:\/\/schema.org\",\"@graph\":[{\"@type\":\"WebPage\",\"@id\":\"https:\/\/www.shoerepair-online.com\/fr\/boutique\/accessoires\/chausse-pieds-court\/\",\"url\":\"https:\/\/www.shoerepair-online.com\/fr\/boutique\/accessoires\/chausse-pieds-court\/\",\"name\":\"Chausse-pieds court - Shoe Repair Online\",\"isPartOf\":{\"@id\":\"https:\/\/www.shoerepair-online.com\/fr\/#website\"},\"primaryImageOfPage\":{\"@id\":\"https:\/\/www.shoerepair-online.com\/fr\/boutique\/accessoires\/chausse-pieds-court\/#primaryimage\"},\"image\":{\"@id\":\"https:\/\/www.shoerepair-online.com\/fr\/boutique\/accessoires\/chausse-pieds-court\/#primaryimage\"},\"thumbnailUrl\":\"https:\/\/www.shoerepair-online.com\/wp-content\/uploads\/2022\/02\/11900-schoenlepel-kort.png\",\"datePublished\":\"2022-02-21T15:58:33+00:00\",\"dateModified\":\"2023-02-07T11:48:08+00:00\",\"description\":\"Le chausse-pied m\u00e9tallique court est tr\u00e8s r\u00e9sistant et vous permet d'enfiler vos chaussures sans endommager le talon ou la doublure du talon.\",\"breadcrumb\":{\"@id\":\"https:\/\/www.shoerepair-online.com\/fr\/boutique\/accessoires\/chausse-pieds-court\/#breadcrumb\"},\"inLanguage\":\"fr-FR\",\"potentialAction\":[{\"@type\":\"ReadAction\",\"target\":[\"https:\/\/www.shoerepair-online.com\/fr\/boutique\/accessoires\/chausse-pieds-court\/\"]}]},{\"@type\":\"ImageObject\",\"inLanguage\":\"fr-FR\",\"@id\":\"https:\/\/www.shoerepair-online.com\/fr\/boutique\/accessoires\/chausse-pieds-court\/#primaryimage\",\"url\":\"https:\/\/www.shoerepair-online.com\/wp-content\/uploads\/2022\/02\/11900-schoenlepel-kort.png\",\"contentUrl\":\"https:\/\/www.shoerepair-online.com\/wp-content\/uploads\/2022\/02\/11900-schoenlepel-kort.png\",\"width\":436,\"height\":415,\"caption\":\"korte schoenlepel\"},{\"@type\":\"BreadcrumbList\",\"@id\":\"https:\/\/www.shoerepair-online.com\/fr\/boutique\/accessoires\/chausse-pieds-court\/#breadcrumb\",\"itemListElement\":[{\"@type\":\"ListItem\",\"position\":1,\"name\":\"Home\",\"item\":\"https:\/\/www.shoerepair-online.com\/fr\/\"},{\"@type\":\"ListItem\",\"position\":2,\"name\":\"Boutique\",\"item\":\"https:\/\/www.shoerepair-online.com\/fr\/boutique\/\"},{\"@type\":\"ListItem\",\"position\":3,\"name\":\"Accessoires\",\"item\":\"https:\/\/www.shoerepair-online.com\/fr\/boutique\/accessoires\/\"},{\"@type\":\"ListItem\",\"position\":4,\"name\":\"Chausse-pieds court\"}]},{\"@type\":\"WebSite\",\"@id\":\"https:\/\/www.shoerepair-online.com\/fr\/#website\",\"url\":\"https:\/\/www.shoerepair-online.com\/fr\/\",\"name\":\"Shoe Repair Online\",\"description\":\"Powered by Mister Minit\",\"potentialAction\":[{\"@type\":\"SearchAction\",\"target\":{\"@type\":\"EntryPoint\",\"urlTemplate\":\"https:\/\/www.shoerepair-online.com\/fr\/?s={search_term_string}\"},\"query-input\":{\"@type\":\"PropertyValueSpecification\",\"valueRequired\":true,\"valueName\":\"search_term_string\"}}],\"inLanguage\":\"fr-FR\"}]}<\/script>\n<!-- \/ Yoast SEO plugin. -->","yoast_head_json":{"title":"Chausse-pieds court - Shoe Repair Online","description":"Le chausse-pied m\u00e9tallique court est tr\u00e8s r\u00e9sistant et vous permet d'enfiler vos chaussures sans endommager le talon ou la doublure du talon.","robots":{"index":"noindex","follow":"follow","max-snippet":"max-snippet:-1","max-image-preview":"max-image-preview:large","max-video-preview":"max-video-preview:-1"},"og_locale":"fr_FR","og_type":"article","og_title":"Chausse-pieds court - Shoe Repair Online","og_description":"Le chausse-pied m\u00e9tallique court est tr\u00e8s r\u00e9sistant et vous permet d'enfiler vos chaussures sans endommager le talon ou la doublure du talon.","og_url":"https:\/\/www.shoerepair-online.com\/fr\/boutique\/accessoires\/chausse-pieds-court\/","og_site_name":"Shoe Repair Online","article_modified_time":"2023-02-07T11:48:08+00:00","og_image":[{"width":436,"height":415,"url":"https:\/\/www.shoerepair-online.com\/wp-content\/uploads\/2022\/02\/11900-schoenlepel-kort.png","type":"image\/png"}],"twitter_card":"summary_large_image","schema":{"@context":"https:\/\/schema.org","@graph":[{"@type":"WebPage","@id":"https:\/\/www.shoerepair-online.com\/fr\/boutique\/accessoires\/chausse-pieds-court\/","url":"https:\/\/www.shoerepair-online.com\/fr\/boutique\/accessoires\/chausse-pieds-court\/","name":"Chausse-pieds court - Shoe Repair Online","isPartOf":{"@id":"https:\/\/www.shoerepair-online.com\/fr\/#website"},"primaryImageOfPage":{"@id":"https:\/\/www.shoerepair-online.com\/fr\/boutique\/accessoires\/chausse-pieds-court\/#primaryimage"},"image":{"@id":"https:\/\/www.shoerepair-online.com\/fr\/boutique\/accessoires\/chausse-pieds-court\/#primaryimage"},"thumbnailUrl":"https:\/\/www.shoerepair-online.com\/wp-content\/uploads\/2022\/02\/11900-schoenlepel-kort.png","datePublished":"2022-02-21T15:58:33+00:00","dateModified":"2023-02-07T11:48:08+00:00","description":"Le chausse-pied m\u00e9tallique court est tr\u00e8s r\u00e9sistant et vous permet d'enfiler vos chaussures sans endommager le talon ou la doublure du talon.","breadcrumb":{"@id":"https:\/\/www.shoerepair-online.com\/fr\/boutique\/accessoires\/chausse-pieds-court\/#breadcrumb"},"inLanguage":"fr-FR","potentialAction":[{"@type":"ReadAction","target":["https:\/\/www.shoerepair-online.com\/fr\/boutique\/accessoires\/chausse-pieds-court\/"]}]},{"@type":"ImageObject","inLanguage":"fr-FR","@id":"https:\/\/www.shoerepair-online.com\/fr\/boutique\/accessoires\/chausse-pieds-court\/#primaryimage","url":"https:\/\/www.shoerepair-online.com\/wp-content\/uploads\/2022\/02\/11900-schoenlepel-kort.png","contentUrl":"https:\/\/www.shoerepair-online.com\/wp-content\/uploads\/2022\/02\/11900-schoenlepel-kort.png","width":436,"height":415,"caption":"korte schoenlepel"},{"@type":"BreadcrumbList","@id":"https:\/\/www.shoerepair-online.com\/fr\/boutique\/accessoires\/chausse-pieds-court\/#breadcrumb","itemListElement":[{"@type":"ListItem","position":1,"name":"Home","item":"https:\/\/www.shoerepair-online.com\/fr\/"},{"@type":"ListItem","position":2,"name":"Boutique","item":"https:\/\/www.shoerepair-online.com\/fr\/boutique\/"},{"@type":"ListItem","position":3,"name":"Accessoires","item":"https:\/\/www.shoerepair-online.com\/fr\/boutique\/accessoires\/"},{"@type":"ListItem","position":4,"name":"Chausse-pieds court"}]},{"@type":"WebSite","@id":"https:\/\/www.shoerepair-online.com\/fr\/#website","url":"https:\/\/www.shoerepair-online.com\/fr\/","name":"Shoe Repair Online","description":"Powered by Mister Minit","potentialAction":[{"@type":"SearchAction","target":{"@type":"EntryPoint","urlTemplate":"https:\/\/www.shoerepair-online.com\/fr\/?s={search_term_string}"},"query-input":{"@type":"PropertyValueSpecification","valueRequired":true,"valueName":"search_term_string"}}],"inLanguage":"fr-FR"}]}},"_links":{"self":[{"href":"https:\/\/www.shoerepair-online.com\/fr\/wp-json\/wp\/v2\/product\/6430","targetHints":{"allow":["GET"]}}],"collection":[{"href":"https:\/\/www.shoerepair-online.com\/fr\/wp-json\/wp\/v2\/product"}],"about":[{"href":"https:\/\/www.shoerepair-online.com\/fr\/wp-json\/wp\/v2\/types\/product"}],"replies":[{"embeddable":true,"href":"https:\/\/www.shoerepair-online.com\/fr\/wp-json\/wp\/v2\/comments?post=6430"}],"version-history":[{"count":3,"href":"https:\/\/www.shoerepair-online.com\/fr\/wp-json\/wp\/v2\/product\/6430\/revisions"}],"predecessor-version":[{"id":7029,"href":"https:\/\/www.shoerepair-online.com\/fr\/wp-json\/wp\/v2\/product\/6430\/revisions\/7029"}],"wp:featuredmedia":[{"embeddable":true,"href":"https:\/\/www.shoerepair-online.com\/fr\/wp-json\/wp\/v2\/media\/1685"}],"wp:attachment":[{"href":"https:\/\/www.shoerepair-online.com\/fr\/wp-json\/wp\/v2\/media?parent=6430"}],"wp:term":[{"taxonomy":"product_cat","embeddable":true,"href":"https:\/\/www.shoerepair-online.com\/fr\/wp-json\/wp\/v2\/product_cat?post=6430"},{"taxonomy":"product_tag","embeddable":true,"href":"https:\/\/www.shoerepair-online.com\/fr\/wp-json\/wp\/v2\/product_tag?post=6430"},{"taxonomy":"products_material","embeddable":true,"href":"https:\/\/www.shoerepair-online.com\/fr\/wp-json\/wp\/v2\/products_material?post=6430"}],"curies":[{"name":"wp","href":"https:\/\/api.w.org\/{rel}","templated":true}]}}