{"id":6388,"date":"2022-02-21T20:11:10","date_gmt":"2022-02-21T18:11:10","guid":{"rendered":"https:\/\/www.shoerepair-online.com\/product\/sneaker-verfrisser\/"},"modified":"2023-02-07T12:30:59","modified_gmt":"2023-02-07T10:30:59","slug":"rafraichissement-sneakers","status":"publish","type":"product","link":"https:\/\/www.shoerepair-online.com\/fr\/boutique\/produits-d-entretien\/rafraichissement-sneakers\/","title":{"rendered":"Rafra\u00eechissement sneakers"},"content":{"rendered":"","protected":false},"excerpt":{"rendered":"<p>Combat les mauvaises odeurs dans vos chaussures de sport et vos baskets.<\/p>\n","protected":false},"featured_media":1829,"comment_status":"closed","ping_status":"closed","template":"","meta":{"_acf_changed":false,"inline_featured_image":false,"footnotes":""},"product_cat":[319],"product_tag":[],"products_material":[551,552,553],"class_list":["post-6388","product","type-product","status-publish","has-post-thumbnail","hentry","product_cat-produits-d-entretien","products_material-leder-fr","products_material-nubuck-fr","products_material-textiel-fr"],"acf":[],"yoast_head":"<!-- This site is optimized with the Yoast SEO plugin v27.0 - https:\/\/yoast.com\/product\/yoast-seo-wordpress\/ -->\n<title>Rafra\u00eechissement sneakers - Shoe Repair Online<\/title>\n<meta name=\"description\" content=\"Sneaker Fresh rafra\u00eechit l&#039;int\u00e9rieur de vos chaussures et neutralise les odeurs d\u00e9sagr\u00e9ables gr\u00e2ce \u00e0 son parfum discret\" \/>\n<meta name=\"robots\" content=\"noindex, follow, max-snippet:-1, max-image-preview:large, max-video-preview:-1\" \/>\n<meta property=\"og:locale\" content=\"fr_FR\" \/>\n<meta property=\"og:type\" content=\"article\" \/>\n<meta property=\"og:title\" content=\"Rafra\u00eechissement sneakers - Shoe Repair Online\" \/>\n<meta property=\"og:description\" content=\"Sneaker Fresh rafra\u00eechit l&#039;int\u00e9rieur de vos chaussures et neutralise les odeurs d\u00e9sagr\u00e9ables gr\u00e2ce \u00e0 son parfum discret\" \/>\n<meta property=\"og:url\" content=\"https:\/\/www.shoerepair-online.com\/fr\/boutique\/produits-d-entretien\/rafraichissement-sneakers\/\" \/>\n<meta property=\"og:site_name\" content=\"Shoe Repair Online\" \/>\n<meta property=\"article:modified_time\" content=\"2023-02-07T10:30:59+00:00\" \/>\n<meta property=\"og:image\" content=\"https:\/\/www.shoerepair-online.com\/wp-content\/uploads\/2022\/02\/11995_Sneaker-verfrisser.png\" \/>\n\t<meta property=\"og:image:width\" content=\"436\" \/>\n\t<meta property=\"og:image:height\" content=\"415\" \/>\n\t<meta property=\"og:image:type\" content=\"image\/png\" \/>\n<meta name=\"twitter:card\" content=\"summary_large_image\" \/>\n<script type=\"application\/ld+json\" class=\"yoast-schema-graph\">{\"@context\":\"https:\/\/schema.org\",\"@graph\":[{\"@type\":\"WebPage\",\"@id\":\"https:\/\/www.shoerepair-online.com\/fr\/boutique\/produits-d-entretien\/rafraichissement-sneakers\/\",\"url\":\"https:\/\/www.shoerepair-online.com\/fr\/boutique\/produits-d-entretien\/rafraichissement-sneakers\/\",\"name\":\"Rafra\u00eechissement sneakers - Shoe Repair Online\",\"isPartOf\":{\"@id\":\"https:\/\/www.shoerepair-online.com\/fr\/#website\"},\"primaryImageOfPage\":{\"@id\":\"https:\/\/www.shoerepair-online.com\/fr\/boutique\/produits-d-entretien\/rafraichissement-sneakers\/#primaryimage\"},\"image\":{\"@id\":\"https:\/\/www.shoerepair-online.com\/fr\/boutique\/produits-d-entretien\/rafraichissement-sneakers\/#primaryimage\"},\"thumbnailUrl\":\"https:\/\/www.shoerepair-online.com\/wp-content\/uploads\/2022\/02\/11995_Sneaker-verfrisser.png\",\"datePublished\":\"2022-02-21T18:11:10+00:00\",\"dateModified\":\"2023-02-07T10:30:59+00:00\",\"description\":\"Sneaker Fresh rafra\u00eechit l'int\u00e9rieur de vos chaussures et neutralise les odeurs d\u00e9sagr\u00e9ables gr\u00e2ce \u00e0 son parfum discret\",\"breadcrumb\":{\"@id\":\"https:\/\/www.shoerepair-online.com\/fr\/boutique\/produits-d-entretien\/rafraichissement-sneakers\/#breadcrumb\"},\"inLanguage\":\"fr-FR\",\"potentialAction\":[{\"@type\":\"ReadAction\",\"target\":[\"https:\/\/www.shoerepair-online.com\/fr\/boutique\/produits-d-entretien\/rafraichissement-sneakers\/\"]}]},{\"@type\":\"ImageObject\",\"inLanguage\":\"fr-FR\",\"@id\":\"https:\/\/www.shoerepair-online.com\/fr\/boutique\/produits-d-entretien\/rafraichissement-sneakers\/#primaryimage\",\"url\":\"https:\/\/www.shoerepair-online.com\/wp-content\/uploads\/2022\/02\/11995_Sneaker-verfrisser.png\",\"contentUrl\":\"https:\/\/www.shoerepair-online.com\/wp-content\/uploads\/2022\/02\/11995_Sneaker-verfrisser.png\",\"width\":436,\"height\":415,\"caption\":\"Sneaker Verfrisser\"},{\"@type\":\"BreadcrumbList\",\"@id\":\"https:\/\/www.shoerepair-online.com\/fr\/boutique\/produits-d-entretien\/rafraichissement-sneakers\/#breadcrumb\",\"itemListElement\":[{\"@type\":\"ListItem\",\"position\":1,\"name\":\"Home\",\"item\":\"https:\/\/www.shoerepair-online.com\/fr\/\"},{\"@type\":\"ListItem\",\"position\":2,\"name\":\"Boutique\",\"item\":\"https:\/\/www.shoerepair-online.com\/fr\/boutique\/\"},{\"@type\":\"ListItem\",\"position\":3,\"name\":\"Produits d'entretien\",\"item\":\"https:\/\/www.shoerepair-online.com\/fr\/boutique\/produits-d-entretien\/\"},{\"@type\":\"ListItem\",\"position\":4,\"name\":\"Rafra\u00eechissement sneakers\"}]},{\"@type\":\"WebSite\",\"@id\":\"https:\/\/www.shoerepair-online.com\/fr\/#website\",\"url\":\"https:\/\/www.shoerepair-online.com\/fr\/\",\"name\":\"Shoe Repair Online\",\"description\":\"Powered by Mister Minit\",\"potentialAction\":[{\"@type\":\"SearchAction\",\"target\":{\"@type\":\"EntryPoint\",\"urlTemplate\":\"https:\/\/www.shoerepair-online.com\/fr\/?s={search_term_string}\"},\"query-input\":{\"@type\":\"PropertyValueSpecification\",\"valueRequired\":true,\"valueName\":\"search_term_string\"}}],\"inLanguage\":\"fr-FR\"}]}<\/script>\n<!-- \/ Yoast SEO plugin. -->","yoast_head_json":{"title":"Rafra\u00eechissement sneakers - Shoe Repair Online","description":"Sneaker Fresh rafra\u00eechit l'int\u00e9rieur de vos chaussures et neutralise les odeurs d\u00e9sagr\u00e9ables gr\u00e2ce \u00e0 son parfum discret","robots":{"index":"noindex","follow":"follow","max-snippet":"max-snippet:-1","max-image-preview":"max-image-preview:large","max-video-preview":"max-video-preview:-1"},"og_locale":"fr_FR","og_type":"article","og_title":"Rafra\u00eechissement sneakers - Shoe Repair Online","og_description":"Sneaker Fresh rafra\u00eechit l'int\u00e9rieur de vos chaussures et neutralise les odeurs d\u00e9sagr\u00e9ables gr\u00e2ce \u00e0 son parfum discret","og_url":"https:\/\/www.shoerepair-online.com\/fr\/boutique\/produits-d-entretien\/rafraichissement-sneakers\/","og_site_name":"Shoe Repair Online","article_modified_time":"2023-02-07T10:30:59+00:00","og_image":[{"width":436,"height":415,"url":"https:\/\/www.shoerepair-online.com\/wp-content\/uploads\/2022\/02\/11995_Sneaker-verfrisser.png","type":"image\/png"}],"twitter_card":"summary_large_image","schema":{"@context":"https:\/\/schema.org","@graph":[{"@type":"WebPage","@id":"https:\/\/www.shoerepair-online.com\/fr\/boutique\/produits-d-entretien\/rafraichissement-sneakers\/","url":"https:\/\/www.shoerepair-online.com\/fr\/boutique\/produits-d-entretien\/rafraichissement-sneakers\/","name":"Rafra\u00eechissement sneakers - Shoe Repair Online","isPartOf":{"@id":"https:\/\/www.shoerepair-online.com\/fr\/#website"},"primaryImageOfPage":{"@id":"https:\/\/www.shoerepair-online.com\/fr\/boutique\/produits-d-entretien\/rafraichissement-sneakers\/#primaryimage"},"image":{"@id":"https:\/\/www.shoerepair-online.com\/fr\/boutique\/produits-d-entretien\/rafraichissement-sneakers\/#primaryimage"},"thumbnailUrl":"https:\/\/www.shoerepair-online.com\/wp-content\/uploads\/2022\/02\/11995_Sneaker-verfrisser.png","datePublished":"2022-02-21T18:11:10+00:00","dateModified":"2023-02-07T10:30:59+00:00","description":"Sneaker Fresh rafra\u00eechit l'int\u00e9rieur de vos chaussures et neutralise les odeurs d\u00e9sagr\u00e9ables gr\u00e2ce \u00e0 son parfum discret","breadcrumb":{"@id":"https:\/\/www.shoerepair-online.com\/fr\/boutique\/produits-d-entretien\/rafraichissement-sneakers\/#breadcrumb"},"inLanguage":"fr-FR","potentialAction":[{"@type":"ReadAction","target":["https:\/\/www.shoerepair-online.com\/fr\/boutique\/produits-d-entretien\/rafraichissement-sneakers\/"]}]},{"@type":"ImageObject","inLanguage":"fr-FR","@id":"https:\/\/www.shoerepair-online.com\/fr\/boutique\/produits-d-entretien\/rafraichissement-sneakers\/#primaryimage","url":"https:\/\/www.shoerepair-online.com\/wp-content\/uploads\/2022\/02\/11995_Sneaker-verfrisser.png","contentUrl":"https:\/\/www.shoerepair-online.com\/wp-content\/uploads\/2022\/02\/11995_Sneaker-verfrisser.png","width":436,"height":415,"caption":"Sneaker Verfrisser"},{"@type":"BreadcrumbList","@id":"https:\/\/www.shoerepair-online.com\/fr\/boutique\/produits-d-entretien\/rafraichissement-sneakers\/#breadcrumb","itemListElement":[{"@type":"ListItem","position":1,"name":"Home","item":"https:\/\/www.shoerepair-online.com\/fr\/"},{"@type":"ListItem","position":2,"name":"Boutique","item":"https:\/\/www.shoerepair-online.com\/fr\/boutique\/"},{"@type":"ListItem","position":3,"name":"Produits d'entretien","item":"https:\/\/www.shoerepair-online.com\/fr\/boutique\/produits-d-entretien\/"},{"@type":"ListItem","position":4,"name":"Rafra\u00eechissement sneakers"}]},{"@type":"WebSite","@id":"https:\/\/www.shoerepair-online.com\/fr\/#website","url":"https:\/\/www.shoerepair-online.com\/fr\/","name":"Shoe Repair Online","description":"Powered by Mister Minit","potentialAction":[{"@type":"SearchAction","target":{"@type":"EntryPoint","urlTemplate":"https:\/\/www.shoerepair-online.com\/fr\/?s={search_term_string}"},"query-input":{"@type":"PropertyValueSpecification","valueRequired":true,"valueName":"search_term_string"}}],"inLanguage":"fr-FR"}]}},"_links":{"self":[{"href":"https:\/\/www.shoerepair-online.com\/fr\/wp-json\/wp\/v2\/product\/6388","targetHints":{"allow":["GET"]}}],"collection":[{"href":"https:\/\/www.shoerepair-online.com\/fr\/wp-json\/wp\/v2\/product"}],"about":[{"href":"https:\/\/www.shoerepair-online.com\/fr\/wp-json\/wp\/v2\/types\/product"}],"replies":[{"embeddable":true,"href":"https:\/\/www.shoerepair-online.com\/fr\/wp-json\/wp\/v2\/comments?post=6388"}],"version-history":[{"count":2,"href":"https:\/\/www.shoerepair-online.com\/fr\/wp-json\/wp\/v2\/product\/6388\/revisions"}],"predecessor-version":[{"id":6390,"href":"https:\/\/www.shoerepair-online.com\/fr\/wp-json\/wp\/v2\/product\/6388\/revisions\/6390"}],"wp:featuredmedia":[{"embeddable":true,"href":"https:\/\/www.shoerepair-online.com\/fr\/wp-json\/wp\/v2\/media\/1829"}],"wp:attachment":[{"href":"https:\/\/www.shoerepair-online.com\/fr\/wp-json\/wp\/v2\/media?parent=6388"}],"wp:term":[{"taxonomy":"product_cat","embeddable":true,"href":"https:\/\/www.shoerepair-online.com\/fr\/wp-json\/wp\/v2\/product_cat?post=6388"},{"taxonomy":"product_tag","embeddable":true,"href":"https:\/\/www.shoerepair-online.com\/fr\/wp-json\/wp\/v2\/product_tag?post=6388"},{"taxonomy":"products_material","embeddable":true,"href":"https:\/\/www.shoerepair-online.com\/fr\/wp-json\/wp\/v2\/products_material?post=6388"}],"curies":[{"name":"wp","href":"https:\/\/api.w.org\/{rel}","templated":true}]}}