{"id":6357,"date":"2022-02-21T17:52:06","date_gmt":"2022-02-21T15:52:06","guid":{"rendered":"https:\/\/www.shoerepair-online.com\/product\/kleine-suede-en-nubuck-reinigingsspons\/"},"modified":"2023-03-21T17:56:44","modified_gmt":"2023-03-21T15:56:44","slug":"petite-eponge-de-nettoyage-daim-nubuck","status":"publish","type":"product","link":"https:\/\/www.shoerepair-online.com\/fr\/boutique\/accessoires\/petite-eponge-de-nettoyage-daim-nubuck\/","title":{"rendered":"Petite \u00e9ponge de nettoyage daim\/nubuck"},"content":{"rendered":"","protected":false},"excerpt":{"rendered":"<p>La petite \u00e9ponge de nettoyage nettoie et \u00e9limine les taches sur les chaussures en daim et en nubuck.<\/p>\n","protected":false},"featured_media":1619,"comment_status":"closed","ping_status":"closed","template":"","meta":{"_acf_changed":false,"inline_featured_image":false,"footnotes":""},"product_cat":[320],"product_tag":[],"products_material":[],"class_list":["post-6357","product","type-product","status-publish","has-post-thumbnail","hentry","product_cat-accessoires"],"acf":[],"yoast_head":"<!-- This site is optimized with the Yoast SEO plugin v27.0 - https:\/\/yoast.com\/product\/yoast-seo-wordpress\/ -->\n<title>Petite \u00e9ponge de nettoyage daim\/nubuck - Shoe Repair Online<\/title>\n<meta name=\"description\" content=\"La petite \u00e9ponge de nettoyage pour daim et nubuck nettoie et \u00e9limine les taches sur les chaussures. Disponible en \u00e9dition de voyage pratique\" \/>\n<meta name=\"robots\" content=\"noindex, follow, max-snippet:-1, max-image-preview:large, max-video-preview:-1\" \/>\n<meta property=\"og:locale\" content=\"fr_FR\" \/>\n<meta property=\"og:type\" content=\"article\" \/>\n<meta property=\"og:title\" content=\"Petite \u00e9ponge de nettoyage daim\/nubuck - Shoe Repair Online\" \/>\n<meta property=\"og:description\" content=\"La petite \u00e9ponge de nettoyage pour daim et nubuck nettoie et \u00e9limine les taches sur les chaussures. Disponible en \u00e9dition de voyage pratique\" \/>\n<meta property=\"og:url\" content=\"https:\/\/www.shoerepair-online.com\/fr\/boutique\/accessoires\/petite-eponge-de-nettoyage-daim-nubuck\/\" \/>\n<meta property=\"og:site_name\" content=\"Shoe Repair Online\" \/>\n<meta property=\"article:modified_time\" content=\"2023-03-21T15:56:44+00:00\" \/>\n<meta property=\"og:image\" content=\"https:\/\/www.shoerepair-online.com\/wp-content\/uploads\/2022\/02\/10415-kleine-suede-en-nubuck-reinigingsspons.png\" \/>\n\t<meta property=\"og:image:width\" content=\"436\" \/>\n\t<meta property=\"og:image:height\" content=\"415\" \/>\n\t<meta property=\"og:image:type\" content=\"image\/png\" \/>\n<meta name=\"twitter:card\" content=\"summary_large_image\" \/>\n<script type=\"application\/ld+json\" class=\"yoast-schema-graph\">{\"@context\":\"https:\/\/schema.org\",\"@graph\":[{\"@type\":\"WebPage\",\"@id\":\"https:\/\/www.shoerepair-online.com\/fr\/boutique\/accessoires\/petite-eponge-de-nettoyage-daim-nubuck\/\",\"url\":\"https:\/\/www.shoerepair-online.com\/fr\/boutique\/accessoires\/petite-eponge-de-nettoyage-daim-nubuck\/\",\"name\":\"Petite \u00e9ponge de nettoyage daim\/nubuck - Shoe Repair Online\",\"isPartOf\":{\"@id\":\"https:\/\/www.shoerepair-online.com\/fr\/#website\"},\"primaryImageOfPage\":{\"@id\":\"https:\/\/www.shoerepair-online.com\/fr\/boutique\/accessoires\/petite-eponge-de-nettoyage-daim-nubuck\/#primaryimage\"},\"image\":{\"@id\":\"https:\/\/www.shoerepair-online.com\/fr\/boutique\/accessoires\/petite-eponge-de-nettoyage-daim-nubuck\/#primaryimage\"},\"thumbnailUrl\":\"https:\/\/www.shoerepair-online.com\/wp-content\/uploads\/2022\/02\/10415-kleine-suede-en-nubuck-reinigingsspons.png\",\"datePublished\":\"2022-02-21T15:52:06+00:00\",\"dateModified\":\"2023-03-21T15:56:44+00:00\",\"description\":\"La petite \u00e9ponge de nettoyage pour daim et nubuck nettoie et \u00e9limine les taches sur les chaussures. Disponible en \u00e9dition de voyage pratique\",\"breadcrumb\":{\"@id\":\"https:\/\/www.shoerepair-online.com\/fr\/boutique\/accessoires\/petite-eponge-de-nettoyage-daim-nubuck\/#breadcrumb\"},\"inLanguage\":\"fr-FR\",\"potentialAction\":[{\"@type\":\"ReadAction\",\"target\":[\"https:\/\/www.shoerepair-online.com\/fr\/boutique\/accessoires\/petite-eponge-de-nettoyage-daim-nubuck\/\"]}]},{\"@type\":\"ImageObject\",\"inLanguage\":\"fr-FR\",\"@id\":\"https:\/\/www.shoerepair-online.com\/fr\/boutique\/accessoires\/petite-eponge-de-nettoyage-daim-nubuck\/#primaryimage\",\"url\":\"https:\/\/www.shoerepair-online.com\/wp-content\/uploads\/2022\/02\/10415-kleine-suede-en-nubuck-reinigingsspons.png\",\"contentUrl\":\"https:\/\/www.shoerepair-online.com\/wp-content\/uploads\/2022\/02\/10415-kleine-suede-en-nubuck-reinigingsspons.png\",\"width\":436,\"height\":415,\"caption\":\"Kleine Suede En Nubuck Reinigingsspons\"},{\"@type\":\"BreadcrumbList\",\"@id\":\"https:\/\/www.shoerepair-online.com\/fr\/boutique\/accessoires\/petite-eponge-de-nettoyage-daim-nubuck\/#breadcrumb\",\"itemListElement\":[{\"@type\":\"ListItem\",\"position\":1,\"name\":\"Home\",\"item\":\"https:\/\/www.shoerepair-online.com\/fr\/\"},{\"@type\":\"ListItem\",\"position\":2,\"name\":\"Boutique\",\"item\":\"https:\/\/www.shoerepair-online.com\/fr\/boutique\/\"},{\"@type\":\"ListItem\",\"position\":3,\"name\":\"Accessoires\",\"item\":\"https:\/\/www.shoerepair-online.com\/fr\/boutique\/accessoires\/\"},{\"@type\":\"ListItem\",\"position\":4,\"name\":\"Petite \u00e9ponge de nettoyage daim\/nubuck\"}]},{\"@type\":\"WebSite\",\"@id\":\"https:\/\/www.shoerepair-online.com\/fr\/#website\",\"url\":\"https:\/\/www.shoerepair-online.com\/fr\/\",\"name\":\"Shoe Repair Online\",\"description\":\"Powered by Mister Minit\",\"potentialAction\":[{\"@type\":\"SearchAction\",\"target\":{\"@type\":\"EntryPoint\",\"urlTemplate\":\"https:\/\/www.shoerepair-online.com\/fr\/?s={search_term_string}\"},\"query-input\":{\"@type\":\"PropertyValueSpecification\",\"valueRequired\":true,\"valueName\":\"search_term_string\"}}],\"inLanguage\":\"fr-FR\"}]}<\/script>\n<!-- \/ Yoast SEO plugin. -->","yoast_head_json":{"title":"Petite \u00e9ponge de nettoyage daim\/nubuck - Shoe Repair Online","description":"La petite \u00e9ponge de nettoyage pour daim et nubuck nettoie et \u00e9limine les taches sur les chaussures. Disponible en \u00e9dition de voyage pratique","robots":{"index":"noindex","follow":"follow","max-snippet":"max-snippet:-1","max-image-preview":"max-image-preview:large","max-video-preview":"max-video-preview:-1"},"og_locale":"fr_FR","og_type":"article","og_title":"Petite \u00e9ponge de nettoyage daim\/nubuck - Shoe Repair Online","og_description":"La petite \u00e9ponge de nettoyage pour daim et nubuck nettoie et \u00e9limine les taches sur les chaussures. Disponible en \u00e9dition de voyage pratique","og_url":"https:\/\/www.shoerepair-online.com\/fr\/boutique\/accessoires\/petite-eponge-de-nettoyage-daim-nubuck\/","og_site_name":"Shoe Repair Online","article_modified_time":"2023-03-21T15:56:44+00:00","og_image":[{"width":436,"height":415,"url":"https:\/\/www.shoerepair-online.com\/wp-content\/uploads\/2022\/02\/10415-kleine-suede-en-nubuck-reinigingsspons.png","type":"image\/png"}],"twitter_card":"summary_large_image","schema":{"@context":"https:\/\/schema.org","@graph":[{"@type":"WebPage","@id":"https:\/\/www.shoerepair-online.com\/fr\/boutique\/accessoires\/petite-eponge-de-nettoyage-daim-nubuck\/","url":"https:\/\/www.shoerepair-online.com\/fr\/boutique\/accessoires\/petite-eponge-de-nettoyage-daim-nubuck\/","name":"Petite \u00e9ponge de nettoyage daim\/nubuck - Shoe Repair Online","isPartOf":{"@id":"https:\/\/www.shoerepair-online.com\/fr\/#website"},"primaryImageOfPage":{"@id":"https:\/\/www.shoerepair-online.com\/fr\/boutique\/accessoires\/petite-eponge-de-nettoyage-daim-nubuck\/#primaryimage"},"image":{"@id":"https:\/\/www.shoerepair-online.com\/fr\/boutique\/accessoires\/petite-eponge-de-nettoyage-daim-nubuck\/#primaryimage"},"thumbnailUrl":"https:\/\/www.shoerepair-online.com\/wp-content\/uploads\/2022\/02\/10415-kleine-suede-en-nubuck-reinigingsspons.png","datePublished":"2022-02-21T15:52:06+00:00","dateModified":"2023-03-21T15:56:44+00:00","description":"La petite \u00e9ponge de nettoyage pour daim et nubuck nettoie et \u00e9limine les taches sur les chaussures. Disponible en \u00e9dition de voyage pratique","breadcrumb":{"@id":"https:\/\/www.shoerepair-online.com\/fr\/boutique\/accessoires\/petite-eponge-de-nettoyage-daim-nubuck\/#breadcrumb"},"inLanguage":"fr-FR","potentialAction":[{"@type":"ReadAction","target":["https:\/\/www.shoerepair-online.com\/fr\/boutique\/accessoires\/petite-eponge-de-nettoyage-daim-nubuck\/"]}]},{"@type":"ImageObject","inLanguage":"fr-FR","@id":"https:\/\/www.shoerepair-online.com\/fr\/boutique\/accessoires\/petite-eponge-de-nettoyage-daim-nubuck\/#primaryimage","url":"https:\/\/www.shoerepair-online.com\/wp-content\/uploads\/2022\/02\/10415-kleine-suede-en-nubuck-reinigingsspons.png","contentUrl":"https:\/\/www.shoerepair-online.com\/wp-content\/uploads\/2022\/02\/10415-kleine-suede-en-nubuck-reinigingsspons.png","width":436,"height":415,"caption":"Kleine Suede En Nubuck Reinigingsspons"},{"@type":"BreadcrumbList","@id":"https:\/\/www.shoerepair-online.com\/fr\/boutique\/accessoires\/petite-eponge-de-nettoyage-daim-nubuck\/#breadcrumb","itemListElement":[{"@type":"ListItem","position":1,"name":"Home","item":"https:\/\/www.shoerepair-online.com\/fr\/"},{"@type":"ListItem","position":2,"name":"Boutique","item":"https:\/\/www.shoerepair-online.com\/fr\/boutique\/"},{"@type":"ListItem","position":3,"name":"Accessoires","item":"https:\/\/www.shoerepair-online.com\/fr\/boutique\/accessoires\/"},{"@type":"ListItem","position":4,"name":"Petite \u00e9ponge de nettoyage daim\/nubuck"}]},{"@type":"WebSite","@id":"https:\/\/www.shoerepair-online.com\/fr\/#website","url":"https:\/\/www.shoerepair-online.com\/fr\/","name":"Shoe Repair Online","description":"Powered by Mister Minit","potentialAction":[{"@type":"SearchAction","target":{"@type":"EntryPoint","urlTemplate":"https:\/\/www.shoerepair-online.com\/fr\/?s={search_term_string}"},"query-input":{"@type":"PropertyValueSpecification","valueRequired":true,"valueName":"search_term_string"}}],"inLanguage":"fr-FR"}]}},"_links":{"self":[{"href":"https:\/\/www.shoerepair-online.com\/fr\/wp-json\/wp\/v2\/product\/6357","targetHints":{"allow":["GET"]}}],"collection":[{"href":"https:\/\/www.shoerepair-online.com\/fr\/wp-json\/wp\/v2\/product"}],"about":[{"href":"https:\/\/www.shoerepair-online.com\/fr\/wp-json\/wp\/v2\/types\/product"}],"replies":[{"embeddable":true,"href":"https:\/\/www.shoerepair-online.com\/fr\/wp-json\/wp\/v2\/comments?post=6357"}],"version-history":[{"count":5,"href":"https:\/\/www.shoerepair-online.com\/fr\/wp-json\/wp\/v2\/product\/6357\/revisions"}],"predecessor-version":[{"id":7205,"href":"https:\/\/www.shoerepair-online.com\/fr\/wp-json\/wp\/v2\/product\/6357\/revisions\/7205"}],"wp:featuredmedia":[{"embeddable":true,"href":"https:\/\/www.shoerepair-online.com\/fr\/wp-json\/wp\/v2\/media\/1619"}],"wp:attachment":[{"href":"https:\/\/www.shoerepair-online.com\/fr\/wp-json\/wp\/v2\/media?parent=6357"}],"wp:term":[{"taxonomy":"product_cat","embeddable":true,"href":"https:\/\/www.shoerepair-online.com\/fr\/wp-json\/wp\/v2\/product_cat?post=6357"},{"taxonomy":"product_tag","embeddable":true,"href":"https:\/\/www.shoerepair-online.com\/fr\/wp-json\/wp\/v2\/product_tag?post=6357"},{"taxonomy":"products_material","embeddable":true,"href":"https:\/\/www.shoerepair-online.com\/fr\/wp-json\/wp\/v2\/products_material?post=6357"}],"curies":[{"name":"wp","href":"https:\/\/api.w.org\/{rel}","templated":true}]}}