{"id":6337,"date":"2022-02-21T20:09:07","date_gmt":"2022-02-21T18:09:07","guid":{"rendered":"https:\/\/www.shoerepair-online.com\/product\/schoen-verfrisser\/"},"modified":"2023-02-07T12:27:57","modified_gmt":"2023-02-07T10:27:57","slug":"rafraichisseur-de-chaussures","status":"publish","type":"product","link":"https:\/\/www.shoerepair-online.com\/fr\/boutique\/produits-d-entretien\/rafraichisseur-de-chaussures\/","title":{"rendered":"Rafra\u00eechisseur de chaussures"},"content":{"rendered":"","protected":false},"excerpt":{"rendered":"<p>Deospray pour \u00e9liminer les odeurs d\u00e9sagr\u00e9ables dans les chaussures.<\/p>\n","protected":false},"featured_media":1835,"comment_status":"closed","ping_status":"closed","template":"","meta":{"_acf_changed":false,"inline_featured_image":false,"footnotes":""},"product_cat":[319],"product_tag":[],"products_material":[551,553],"class_list":["post-6337","product","type-product","status-publish","has-post-thumbnail","hentry","product_cat-produits-d-entretien","products_material-leder-fr","products_material-textiel-fr"],"acf":[],"yoast_head":"<!-- This site is optimized with the Yoast SEO plugin v27.0 - https:\/\/yoast.com\/product\/yoast-seo-wordpress\/ -->\n<title>Rafra\u00eechisseur de chaussures - Shoe Repair Online<\/title>\n<meta name=\"description\" content=\"Deospray pour \u00e9liminer les odeurs d\u00e9sagr\u00e9ables dans les chaussures. D\u00e9sinfecte et emp\u00eache le d\u00e9veloppement des bact\u00e9ries.\" \/>\n<meta name=\"robots\" content=\"noindex, follow, max-snippet:-1, max-image-preview:large, max-video-preview:-1\" \/>\n<meta property=\"og:locale\" content=\"fr_FR\" \/>\n<meta property=\"og:type\" content=\"article\" \/>\n<meta property=\"og:title\" content=\"Rafra\u00eechisseur de chaussures - Shoe Repair Online\" \/>\n<meta property=\"og:description\" content=\"Deospray pour \u00e9liminer les odeurs d\u00e9sagr\u00e9ables dans les chaussures. D\u00e9sinfecte et emp\u00eache le d\u00e9veloppement des bact\u00e9ries.\" \/>\n<meta property=\"og:url\" content=\"https:\/\/www.shoerepair-online.com\/fr\/boutique\/produits-d-entretien\/rafraichisseur-de-chaussures\/\" \/>\n<meta property=\"og:site_name\" content=\"Shoe Repair Online\" \/>\n<meta property=\"article:modified_time\" content=\"2023-02-07T10:27:57+00:00\" \/>\n<meta property=\"og:image\" content=\"https:\/\/www.shoerepair-online.com\/wp-content\/uploads\/2022\/02\/12150_Schoen-verfrisser.png\" \/>\n\t<meta property=\"og:image:width\" content=\"436\" \/>\n\t<meta property=\"og:image:height\" content=\"415\" \/>\n\t<meta property=\"og:image:type\" content=\"image\/png\" \/>\n<meta name=\"twitter:card\" content=\"summary_large_image\" \/>\n<script type=\"application\/ld+json\" class=\"yoast-schema-graph\">{\"@context\":\"https:\/\/schema.org\",\"@graph\":[{\"@type\":\"WebPage\",\"@id\":\"https:\/\/www.shoerepair-online.com\/fr\/boutique\/produits-d-entretien\/rafraichisseur-de-chaussures\/\",\"url\":\"https:\/\/www.shoerepair-online.com\/fr\/boutique\/produits-d-entretien\/rafraichisseur-de-chaussures\/\",\"name\":\"Rafra\u00eechisseur de chaussures - Shoe Repair Online\",\"isPartOf\":{\"@id\":\"https:\/\/www.shoerepair-online.com\/fr\/#website\"},\"primaryImageOfPage\":{\"@id\":\"https:\/\/www.shoerepair-online.com\/fr\/boutique\/produits-d-entretien\/rafraichisseur-de-chaussures\/#primaryimage\"},\"image\":{\"@id\":\"https:\/\/www.shoerepair-online.com\/fr\/boutique\/produits-d-entretien\/rafraichisseur-de-chaussures\/#primaryimage\"},\"thumbnailUrl\":\"https:\/\/www.shoerepair-online.com\/wp-content\/uploads\/2022\/02\/12150_Schoen-verfrisser.png\",\"datePublished\":\"2022-02-21T18:09:07+00:00\",\"dateModified\":\"2023-02-07T10:27:57+00:00\",\"description\":\"Deospray pour \u00e9liminer les odeurs d\u00e9sagr\u00e9ables dans les chaussures. D\u00e9sinfecte et emp\u00eache le d\u00e9veloppement des bact\u00e9ries.\",\"breadcrumb\":{\"@id\":\"https:\/\/www.shoerepair-online.com\/fr\/boutique\/produits-d-entretien\/rafraichisseur-de-chaussures\/#breadcrumb\"},\"inLanguage\":\"fr-FR\",\"potentialAction\":[{\"@type\":\"ReadAction\",\"target\":[\"https:\/\/www.shoerepair-online.com\/fr\/boutique\/produits-d-entretien\/rafraichisseur-de-chaussures\/\"]}]},{\"@type\":\"ImageObject\",\"inLanguage\":\"fr-FR\",\"@id\":\"https:\/\/www.shoerepair-online.com\/fr\/boutique\/produits-d-entretien\/rafraichisseur-de-chaussures\/#primaryimage\",\"url\":\"https:\/\/www.shoerepair-online.com\/wp-content\/uploads\/2022\/02\/12150_Schoen-verfrisser.png\",\"contentUrl\":\"https:\/\/www.shoerepair-online.com\/wp-content\/uploads\/2022\/02\/12150_Schoen-verfrisser.png\",\"width\":436,\"height\":415,\"caption\":\"Schoen Verfrisser\"},{\"@type\":\"BreadcrumbList\",\"@id\":\"https:\/\/www.shoerepair-online.com\/fr\/boutique\/produits-d-entretien\/rafraichisseur-de-chaussures\/#breadcrumb\",\"itemListElement\":[{\"@type\":\"ListItem\",\"position\":1,\"name\":\"Home\",\"item\":\"https:\/\/www.shoerepair-online.com\/fr\/\"},{\"@type\":\"ListItem\",\"position\":2,\"name\":\"Boutique\",\"item\":\"https:\/\/www.shoerepair-online.com\/fr\/boutique\/\"},{\"@type\":\"ListItem\",\"position\":3,\"name\":\"Produits d'entretien\",\"item\":\"https:\/\/www.shoerepair-online.com\/fr\/boutique\/produits-d-entretien\/\"},{\"@type\":\"ListItem\",\"position\":4,\"name\":\"Rafra\u00eechisseur de chaussures\"}]},{\"@type\":\"WebSite\",\"@id\":\"https:\/\/www.shoerepair-online.com\/fr\/#website\",\"url\":\"https:\/\/www.shoerepair-online.com\/fr\/\",\"name\":\"Shoe Repair Online\",\"description\":\"Powered by Mister Minit\",\"potentialAction\":[{\"@type\":\"SearchAction\",\"target\":{\"@type\":\"EntryPoint\",\"urlTemplate\":\"https:\/\/www.shoerepair-online.com\/fr\/?s={search_term_string}\"},\"query-input\":{\"@type\":\"PropertyValueSpecification\",\"valueRequired\":true,\"valueName\":\"search_term_string\"}}],\"inLanguage\":\"fr-FR\"}]}<\/script>\n<!-- \/ Yoast SEO plugin. -->","yoast_head_json":{"title":"Rafra\u00eechisseur de chaussures - Shoe Repair Online","description":"Deospray pour \u00e9liminer les odeurs d\u00e9sagr\u00e9ables dans les chaussures. D\u00e9sinfecte et emp\u00eache le d\u00e9veloppement des bact\u00e9ries.","robots":{"index":"noindex","follow":"follow","max-snippet":"max-snippet:-1","max-image-preview":"max-image-preview:large","max-video-preview":"max-video-preview:-1"},"og_locale":"fr_FR","og_type":"article","og_title":"Rafra\u00eechisseur de chaussures - Shoe Repair Online","og_description":"Deospray pour \u00e9liminer les odeurs d\u00e9sagr\u00e9ables dans les chaussures. D\u00e9sinfecte et emp\u00eache le d\u00e9veloppement des bact\u00e9ries.","og_url":"https:\/\/www.shoerepair-online.com\/fr\/boutique\/produits-d-entretien\/rafraichisseur-de-chaussures\/","og_site_name":"Shoe Repair Online","article_modified_time":"2023-02-07T10:27:57+00:00","og_image":[{"width":436,"height":415,"url":"https:\/\/www.shoerepair-online.com\/wp-content\/uploads\/2022\/02\/12150_Schoen-verfrisser.png","type":"image\/png"}],"twitter_card":"summary_large_image","schema":{"@context":"https:\/\/schema.org","@graph":[{"@type":"WebPage","@id":"https:\/\/www.shoerepair-online.com\/fr\/boutique\/produits-d-entretien\/rafraichisseur-de-chaussures\/","url":"https:\/\/www.shoerepair-online.com\/fr\/boutique\/produits-d-entretien\/rafraichisseur-de-chaussures\/","name":"Rafra\u00eechisseur de chaussures - Shoe Repair Online","isPartOf":{"@id":"https:\/\/www.shoerepair-online.com\/fr\/#website"},"primaryImageOfPage":{"@id":"https:\/\/www.shoerepair-online.com\/fr\/boutique\/produits-d-entretien\/rafraichisseur-de-chaussures\/#primaryimage"},"image":{"@id":"https:\/\/www.shoerepair-online.com\/fr\/boutique\/produits-d-entretien\/rafraichisseur-de-chaussures\/#primaryimage"},"thumbnailUrl":"https:\/\/www.shoerepair-online.com\/wp-content\/uploads\/2022\/02\/12150_Schoen-verfrisser.png","datePublished":"2022-02-21T18:09:07+00:00","dateModified":"2023-02-07T10:27:57+00:00","description":"Deospray pour \u00e9liminer les odeurs d\u00e9sagr\u00e9ables dans les chaussures. D\u00e9sinfecte et emp\u00eache le d\u00e9veloppement des bact\u00e9ries.","breadcrumb":{"@id":"https:\/\/www.shoerepair-online.com\/fr\/boutique\/produits-d-entretien\/rafraichisseur-de-chaussures\/#breadcrumb"},"inLanguage":"fr-FR","potentialAction":[{"@type":"ReadAction","target":["https:\/\/www.shoerepair-online.com\/fr\/boutique\/produits-d-entretien\/rafraichisseur-de-chaussures\/"]}]},{"@type":"ImageObject","inLanguage":"fr-FR","@id":"https:\/\/www.shoerepair-online.com\/fr\/boutique\/produits-d-entretien\/rafraichisseur-de-chaussures\/#primaryimage","url":"https:\/\/www.shoerepair-online.com\/wp-content\/uploads\/2022\/02\/12150_Schoen-verfrisser.png","contentUrl":"https:\/\/www.shoerepair-online.com\/wp-content\/uploads\/2022\/02\/12150_Schoen-verfrisser.png","width":436,"height":415,"caption":"Schoen Verfrisser"},{"@type":"BreadcrumbList","@id":"https:\/\/www.shoerepair-online.com\/fr\/boutique\/produits-d-entretien\/rafraichisseur-de-chaussures\/#breadcrumb","itemListElement":[{"@type":"ListItem","position":1,"name":"Home","item":"https:\/\/www.shoerepair-online.com\/fr\/"},{"@type":"ListItem","position":2,"name":"Boutique","item":"https:\/\/www.shoerepair-online.com\/fr\/boutique\/"},{"@type":"ListItem","position":3,"name":"Produits d'entretien","item":"https:\/\/www.shoerepair-online.com\/fr\/boutique\/produits-d-entretien\/"},{"@type":"ListItem","position":4,"name":"Rafra\u00eechisseur de chaussures"}]},{"@type":"WebSite","@id":"https:\/\/www.shoerepair-online.com\/fr\/#website","url":"https:\/\/www.shoerepair-online.com\/fr\/","name":"Shoe Repair Online","description":"Powered by Mister Minit","potentialAction":[{"@type":"SearchAction","target":{"@type":"EntryPoint","urlTemplate":"https:\/\/www.shoerepair-online.com\/fr\/?s={search_term_string}"},"query-input":{"@type":"PropertyValueSpecification","valueRequired":true,"valueName":"search_term_string"}}],"inLanguage":"fr-FR"}]}},"_links":{"self":[{"href":"https:\/\/www.shoerepair-online.com\/fr\/wp-json\/wp\/v2\/product\/6337","targetHints":{"allow":["GET"]}}],"collection":[{"href":"https:\/\/www.shoerepair-online.com\/fr\/wp-json\/wp\/v2\/product"}],"about":[{"href":"https:\/\/www.shoerepair-online.com\/fr\/wp-json\/wp\/v2\/types\/product"}],"replies":[{"embeddable":true,"href":"https:\/\/www.shoerepair-online.com\/fr\/wp-json\/wp\/v2\/comments?post=6337"}],"version-history":[{"count":2,"href":"https:\/\/www.shoerepair-online.com\/fr\/wp-json\/wp\/v2\/product\/6337\/revisions"}],"predecessor-version":[{"id":6339,"href":"https:\/\/www.shoerepair-online.com\/fr\/wp-json\/wp\/v2\/product\/6337\/revisions\/6339"}],"wp:featuredmedia":[{"embeddable":true,"href":"https:\/\/www.shoerepair-online.com\/fr\/wp-json\/wp\/v2\/media\/1835"}],"wp:attachment":[{"href":"https:\/\/www.shoerepair-online.com\/fr\/wp-json\/wp\/v2\/media?parent=6337"}],"wp:term":[{"taxonomy":"product_cat","embeddable":true,"href":"https:\/\/www.shoerepair-online.com\/fr\/wp-json\/wp\/v2\/product_cat?post=6337"},{"taxonomy":"product_tag","embeddable":true,"href":"https:\/\/www.shoerepair-online.com\/fr\/wp-json\/wp\/v2\/product_tag?post=6337"},{"taxonomy":"products_material","embeddable":true,"href":"https:\/\/www.shoerepair-online.com\/fr\/wp-json\/wp\/v2\/products_material?post=6337"}],"curies":[{"name":"wp","href":"https:\/\/api.w.org\/{rel}","templated":true}]}}