{"id":6204,"date":"2022-03-02T17:59:07","date_gmt":"2022-03-02T15:59:07","guid":{"rendered":"https:\/\/www.shoerepair-online.com\/product\/anti-slip-hieltjes-gel\/"},"modified":"2023-03-22T12:03:33","modified_gmt":"2023-03-22T10:03:33","slug":"anti-glissoire-en-gel","status":"publish","type":"product","link":"https:\/\/www.shoerepair-online.com\/fr\/boutique\/semelles-interieures\/anti-glissoire-en-gel\/","title":{"rendered":"Anti-glissoire en gel"},"content":{"rendered":"","protected":false},"excerpt":{"rendered":"<p>Les anti-glissoires en gel auto-adh\u00e9sifs assurent un ajustement parfait et emp\u00eachent le talon de glisser hors de la chaussure. Le gel est id\u00e9al pour r\u00e9duire la pression, il est lavable.<\/p>\n","protected":false},"featured_media":2412,"comment_status":"closed","ping_status":"closed","template":"","meta":{"_acf_changed":false,"inline_featured_image":false,"footnotes":""},"product_cat":[323],"product_tag":[],"products_material":[],"class_list":["post-6204","product","type-product","status-publish","has-post-thumbnail","hentry","product_cat-semelles-interieures"],"acf":[],"yoast_head":"<!-- This site is optimized with the Yoast SEO plugin v27.0 - https:\/\/yoast.com\/product\/yoast-seo-wordpress\/ -->\n<title>Anti-glissoire en gel - Shoe Repair Online<\/title>\n<meta name=\"description\" content=\"Les anti-glissoires en gel auto-adh\u00e9sifs assurent un ajustement parfait et emp\u00eachent le talon de glisser hors de la chaussure.\" \/>\n<meta name=\"robots\" content=\"noindex, follow, max-snippet:-1, max-image-preview:large, max-video-preview:-1\" \/>\n<meta property=\"og:locale\" content=\"fr_FR\" \/>\n<meta property=\"og:type\" content=\"article\" \/>\n<meta property=\"og:title\" content=\"Anti-glissoire en gel - Shoe Repair Online\" \/>\n<meta property=\"og:description\" content=\"Les anti-glissoires en gel auto-adh\u00e9sifs assurent un ajustement parfait et emp\u00eachent le talon de glisser hors de la chaussure.\" \/>\n<meta property=\"og:url\" content=\"https:\/\/www.shoerepair-online.com\/fr\/boutique\/semelles-interieures\/anti-glissoire-en-gel\/\" \/>\n<meta property=\"og:site_name\" content=\"Shoe Repair Online\" \/>\n<meta property=\"article:modified_time\" content=\"2023-03-22T10:03:33+00:00\" \/>\n<meta property=\"og:image\" content=\"https:\/\/www.shoerepair-online.com\/wp-content\/uploads\/2022\/03\/63307-antislip-gel-hieltje.png\" \/>\n\t<meta property=\"og:image:width\" content=\"436\" \/>\n\t<meta property=\"og:image:height\" content=\"415\" \/>\n\t<meta property=\"og:image:type\" content=\"image\/png\" \/>\n<meta name=\"twitter:card\" content=\"summary_large_image\" \/>\n<script type=\"application\/ld+json\" class=\"yoast-schema-graph\">{\"@context\":\"https:\/\/schema.org\",\"@graph\":[{\"@type\":\"WebPage\",\"@id\":\"https:\/\/www.shoerepair-online.com\/fr\/boutique\/semelles-interieures\/anti-glissoire-en-gel\/\",\"url\":\"https:\/\/www.shoerepair-online.com\/fr\/boutique\/semelles-interieures\/anti-glissoire-en-gel\/\",\"name\":\"Anti-glissoire en gel - Shoe Repair Online\",\"isPartOf\":{\"@id\":\"https:\/\/www.shoerepair-online.com\/fr\/#website\"},\"primaryImageOfPage\":{\"@id\":\"https:\/\/www.shoerepair-online.com\/fr\/boutique\/semelles-interieures\/anti-glissoire-en-gel\/#primaryimage\"},\"image\":{\"@id\":\"https:\/\/www.shoerepair-online.com\/fr\/boutique\/semelles-interieures\/anti-glissoire-en-gel\/#primaryimage\"},\"thumbnailUrl\":\"https:\/\/www.shoerepair-online.com\/wp-content\/uploads\/2022\/03\/63307-antislip-gel-hieltje.png\",\"datePublished\":\"2022-03-02T15:59:07+00:00\",\"dateModified\":\"2023-03-22T10:03:33+00:00\",\"description\":\"Les anti-glissoires en gel auto-adh\u00e9sifs assurent un ajustement parfait et emp\u00eachent le talon de glisser hors de la chaussure.\",\"breadcrumb\":{\"@id\":\"https:\/\/www.shoerepair-online.com\/fr\/boutique\/semelles-interieures\/anti-glissoire-en-gel\/#breadcrumb\"},\"inLanguage\":\"fr-FR\",\"potentialAction\":[{\"@type\":\"ReadAction\",\"target\":[\"https:\/\/www.shoerepair-online.com\/fr\/boutique\/semelles-interieures\/anti-glissoire-en-gel\/\"]}]},{\"@type\":\"ImageObject\",\"inLanguage\":\"fr-FR\",\"@id\":\"https:\/\/www.shoerepair-online.com\/fr\/boutique\/semelles-interieures\/anti-glissoire-en-gel\/#primaryimage\",\"url\":\"https:\/\/www.shoerepair-online.com\/wp-content\/uploads\/2022\/03\/63307-antislip-gel-hieltje.png\",\"contentUrl\":\"https:\/\/www.shoerepair-online.com\/wp-content\/uploads\/2022\/03\/63307-antislip-gel-hieltje.png\",\"width\":436,\"height\":415},{\"@type\":\"BreadcrumbList\",\"@id\":\"https:\/\/www.shoerepair-online.com\/fr\/boutique\/semelles-interieures\/anti-glissoire-en-gel\/#breadcrumb\",\"itemListElement\":[{\"@type\":\"ListItem\",\"position\":1,\"name\":\"Home\",\"item\":\"https:\/\/www.shoerepair-online.com\/fr\/\"},{\"@type\":\"ListItem\",\"position\":2,\"name\":\"Boutique\",\"item\":\"https:\/\/www.shoerepair-online.com\/fr\/boutique\/\"},{\"@type\":\"ListItem\",\"position\":3,\"name\":\"Semelles int\u00e9rieures\",\"item\":\"https:\/\/www.shoerepair-online.com\/fr\/shop\/semelles-interieures\/\"},{\"@type\":\"ListItem\",\"position\":4,\"name\":\"Anti-glissoire en gel\"}]},{\"@type\":\"WebSite\",\"@id\":\"https:\/\/www.shoerepair-online.com\/fr\/#website\",\"url\":\"https:\/\/www.shoerepair-online.com\/fr\/\",\"name\":\"Shoe Repair Online\",\"description\":\"Powered by Mister Minit\",\"potentialAction\":[{\"@type\":\"SearchAction\",\"target\":{\"@type\":\"EntryPoint\",\"urlTemplate\":\"https:\/\/www.shoerepair-online.com\/fr\/?s={search_term_string}\"},\"query-input\":{\"@type\":\"PropertyValueSpecification\",\"valueRequired\":true,\"valueName\":\"search_term_string\"}}],\"inLanguage\":\"fr-FR\"}]}<\/script>\n<!-- \/ Yoast SEO plugin. -->","yoast_head_json":{"title":"Anti-glissoire en gel - Shoe Repair Online","description":"Les anti-glissoires en gel auto-adh\u00e9sifs assurent un ajustement parfait et emp\u00eachent le talon de glisser hors de la chaussure.","robots":{"index":"noindex","follow":"follow","max-snippet":"max-snippet:-1","max-image-preview":"max-image-preview:large","max-video-preview":"max-video-preview:-1"},"og_locale":"fr_FR","og_type":"article","og_title":"Anti-glissoire en gel - Shoe Repair Online","og_description":"Les anti-glissoires en gel auto-adh\u00e9sifs assurent un ajustement parfait et emp\u00eachent le talon de glisser hors de la chaussure.","og_url":"https:\/\/www.shoerepair-online.com\/fr\/boutique\/semelles-interieures\/anti-glissoire-en-gel\/","og_site_name":"Shoe Repair Online","article_modified_time":"2023-03-22T10:03:33+00:00","og_image":[{"width":436,"height":415,"url":"https:\/\/www.shoerepair-online.com\/wp-content\/uploads\/2022\/03\/63307-antislip-gel-hieltje.png","type":"image\/png"}],"twitter_card":"summary_large_image","schema":{"@context":"https:\/\/schema.org","@graph":[{"@type":"WebPage","@id":"https:\/\/www.shoerepair-online.com\/fr\/boutique\/semelles-interieures\/anti-glissoire-en-gel\/","url":"https:\/\/www.shoerepair-online.com\/fr\/boutique\/semelles-interieures\/anti-glissoire-en-gel\/","name":"Anti-glissoire en gel - Shoe Repair Online","isPartOf":{"@id":"https:\/\/www.shoerepair-online.com\/fr\/#website"},"primaryImageOfPage":{"@id":"https:\/\/www.shoerepair-online.com\/fr\/boutique\/semelles-interieures\/anti-glissoire-en-gel\/#primaryimage"},"image":{"@id":"https:\/\/www.shoerepair-online.com\/fr\/boutique\/semelles-interieures\/anti-glissoire-en-gel\/#primaryimage"},"thumbnailUrl":"https:\/\/www.shoerepair-online.com\/wp-content\/uploads\/2022\/03\/63307-antislip-gel-hieltje.png","datePublished":"2022-03-02T15:59:07+00:00","dateModified":"2023-03-22T10:03:33+00:00","description":"Les anti-glissoires en gel auto-adh\u00e9sifs assurent un ajustement parfait et emp\u00eachent le talon de glisser hors de la chaussure.","breadcrumb":{"@id":"https:\/\/www.shoerepair-online.com\/fr\/boutique\/semelles-interieures\/anti-glissoire-en-gel\/#breadcrumb"},"inLanguage":"fr-FR","potentialAction":[{"@type":"ReadAction","target":["https:\/\/www.shoerepair-online.com\/fr\/boutique\/semelles-interieures\/anti-glissoire-en-gel\/"]}]},{"@type":"ImageObject","inLanguage":"fr-FR","@id":"https:\/\/www.shoerepair-online.com\/fr\/boutique\/semelles-interieures\/anti-glissoire-en-gel\/#primaryimage","url":"https:\/\/www.shoerepair-online.com\/wp-content\/uploads\/2022\/03\/63307-antislip-gel-hieltje.png","contentUrl":"https:\/\/www.shoerepair-online.com\/wp-content\/uploads\/2022\/03\/63307-antislip-gel-hieltje.png","width":436,"height":415},{"@type":"BreadcrumbList","@id":"https:\/\/www.shoerepair-online.com\/fr\/boutique\/semelles-interieures\/anti-glissoire-en-gel\/#breadcrumb","itemListElement":[{"@type":"ListItem","position":1,"name":"Home","item":"https:\/\/www.shoerepair-online.com\/fr\/"},{"@type":"ListItem","position":2,"name":"Boutique","item":"https:\/\/www.shoerepair-online.com\/fr\/boutique\/"},{"@type":"ListItem","position":3,"name":"Semelles int\u00e9rieures","item":"https:\/\/www.shoerepair-online.com\/fr\/shop\/semelles-interieures\/"},{"@type":"ListItem","position":4,"name":"Anti-glissoire en gel"}]},{"@type":"WebSite","@id":"https:\/\/www.shoerepair-online.com\/fr\/#website","url":"https:\/\/www.shoerepair-online.com\/fr\/","name":"Shoe Repair Online","description":"Powered by Mister Minit","potentialAction":[{"@type":"SearchAction","target":{"@type":"EntryPoint","urlTemplate":"https:\/\/www.shoerepair-online.com\/fr\/?s={search_term_string}"},"query-input":{"@type":"PropertyValueSpecification","valueRequired":true,"valueName":"search_term_string"}}],"inLanguage":"fr-FR"}]}},"_links":{"self":[{"href":"https:\/\/www.shoerepair-online.com\/fr\/wp-json\/wp\/v2\/product\/6204","targetHints":{"allow":["GET"]}}],"collection":[{"href":"https:\/\/www.shoerepair-online.com\/fr\/wp-json\/wp\/v2\/product"}],"about":[{"href":"https:\/\/www.shoerepair-online.com\/fr\/wp-json\/wp\/v2\/types\/product"}],"replies":[{"embeddable":true,"href":"https:\/\/www.shoerepair-online.com\/fr\/wp-json\/wp\/v2\/comments?post=6204"}],"version-history":[{"count":2,"href":"https:\/\/www.shoerepair-online.com\/fr\/wp-json\/wp\/v2\/product\/6204\/revisions"}],"predecessor-version":[{"id":6206,"href":"https:\/\/www.shoerepair-online.com\/fr\/wp-json\/wp\/v2\/product\/6204\/revisions\/6206"}],"wp:featuredmedia":[{"embeddable":true,"href":"https:\/\/www.shoerepair-online.com\/fr\/wp-json\/wp\/v2\/media\/2412"}],"wp:attachment":[{"href":"https:\/\/www.shoerepair-online.com\/fr\/wp-json\/wp\/v2\/media?parent=6204"}],"wp:term":[{"taxonomy":"product_cat","embeddable":true,"href":"https:\/\/www.shoerepair-online.com\/fr\/wp-json\/wp\/v2\/product_cat?post=6204"},{"taxonomy":"product_tag","embeddable":true,"href":"https:\/\/www.shoerepair-online.com\/fr\/wp-json\/wp\/v2\/product_tag?post=6204"},{"taxonomy":"products_material","embeddable":true,"href":"https:\/\/www.shoerepair-online.com\/fr\/wp-json\/wp\/v2\/products_material?post=6204"}],"curies":[{"name":"wp","href":"https:\/\/api.w.org\/{rel}","templated":true}]}}