{"id":6182,"date":"2022-03-02T16:20:09","date_gmt":"2022-03-02T14:20:09","guid":{"rendered":"https:\/\/www.shoerepair-online.com\/product\/anti-slip-voorvoet-leder\/"},"modified":"2023-03-22T12:13:32","modified_gmt":"2023-03-22T10:13:32","slug":"demi-semelle-antiderapante-en-cuir","status":"publish","type":"product","link":"https:\/\/www.shoerepair-online.com\/fr\/boutique\/semelles-interieures\/demi-semelle-antiderapante-en-cuir\/","title":{"rendered":"Demi-semelle antid\u00e9rapante en cuir"},"content":{"rendered":"","protected":false},"excerpt":{"rendered":"<p>La demi-semelle emp\u00eache le pied de glisser vers l&rsquo;avant dans les chaussures \u00e0 talons hauts et les escarpins.<br \/>\nCoussin souple, offrant un soutien suppl\u00e9mentaire.<\/p>\n","protected":false},"featured_media":2466,"comment_status":"closed","ping_status":"closed","template":"","meta":{"_acf_changed":false,"inline_featured_image":false,"footnotes":""},"product_cat":[323],"product_tag":[],"products_material":[],"class_list":["post-6182","product","type-product","status-publish","has-post-thumbnail","hentry","product_cat-semelles-interieures"],"acf":[],"yoast_head":"<!-- This site is optimized with the Yoast SEO plugin v27.0 - https:\/\/yoast.com\/product\/yoast-seo-wordpress\/ -->\n<title>Demi-semelle antid\u00e9rapante en cuir - Shoe Repair Online<\/title>\n<meta name=\"description\" content=\"La demi-semelle emp\u00eache le pied de glisser vers l&#039;avant dans les chaussures \u00e0 talons hauts. Coussin souple, offrant un soutien suppl\u00e9mentaire.\" \/>\n<meta name=\"robots\" content=\"noindex, follow, max-snippet:-1, max-image-preview:large, max-video-preview:-1\" \/>\n<meta property=\"og:locale\" content=\"fr_FR\" \/>\n<meta property=\"og:type\" content=\"article\" \/>\n<meta property=\"og:title\" content=\"Demi-semelle antid\u00e9rapante en cuir - Shoe Repair Online\" \/>\n<meta property=\"og:description\" content=\"La demi-semelle emp\u00eache le pied de glisser vers l&#039;avant dans les chaussures \u00e0 talons hauts. Coussin souple, offrant un soutien suppl\u00e9mentaire.\" \/>\n<meta property=\"og:url\" content=\"https:\/\/www.shoerepair-online.com\/fr\/boutique\/semelles-interieures\/demi-semelle-antiderapante-en-cuir\/\" \/>\n<meta property=\"og:site_name\" content=\"Shoe Repair Online\" \/>\n<meta property=\"article:modified_time\" content=\"2023-03-22T10:13:32+00:00\" \/>\n<meta property=\"og:image\" content=\"https:\/\/www.shoerepair-online.com\/wp-content\/uploads\/2022\/03\/63300-anti-slip-voorvoet-leder.png\" \/>\n\t<meta property=\"og:image:width\" content=\"436\" \/>\n\t<meta property=\"og:image:height\" content=\"415\" \/>\n\t<meta property=\"og:image:type\" content=\"image\/png\" \/>\n<meta name=\"twitter:card\" content=\"summary_large_image\" \/>\n<script type=\"application\/ld+json\" class=\"yoast-schema-graph\">{\"@context\":\"https:\/\/schema.org\",\"@graph\":[{\"@type\":\"WebPage\",\"@id\":\"https:\/\/www.shoerepair-online.com\/fr\/boutique\/semelles-interieures\/demi-semelle-antiderapante-en-cuir\/\",\"url\":\"https:\/\/www.shoerepair-online.com\/fr\/boutique\/semelles-interieures\/demi-semelle-antiderapante-en-cuir\/\",\"name\":\"Demi-semelle antid\u00e9rapante en cuir - Shoe Repair Online\",\"isPartOf\":{\"@id\":\"https:\/\/www.shoerepair-online.com\/fr\/#website\"},\"primaryImageOfPage\":{\"@id\":\"https:\/\/www.shoerepair-online.com\/fr\/boutique\/semelles-interieures\/demi-semelle-antiderapante-en-cuir\/#primaryimage\"},\"image\":{\"@id\":\"https:\/\/www.shoerepair-online.com\/fr\/boutique\/semelles-interieures\/demi-semelle-antiderapante-en-cuir\/#primaryimage\"},\"thumbnailUrl\":\"https:\/\/www.shoerepair-online.com\/wp-content\/uploads\/2022\/03\/63300-anti-slip-voorvoet-leder.png\",\"datePublished\":\"2022-03-02T14:20:09+00:00\",\"dateModified\":\"2023-03-22T10:13:32+00:00\",\"description\":\"La demi-semelle emp\u00eache le pied de glisser vers l'avant dans les chaussures \u00e0 talons hauts. Coussin souple, offrant un soutien suppl\u00e9mentaire.\",\"breadcrumb\":{\"@id\":\"https:\/\/www.shoerepair-online.com\/fr\/boutique\/semelles-interieures\/demi-semelle-antiderapante-en-cuir\/#breadcrumb\"},\"inLanguage\":\"fr-FR\",\"potentialAction\":[{\"@type\":\"ReadAction\",\"target\":[\"https:\/\/www.shoerepair-online.com\/fr\/boutique\/semelles-interieures\/demi-semelle-antiderapante-en-cuir\/\"]}]},{\"@type\":\"ImageObject\",\"inLanguage\":\"fr-FR\",\"@id\":\"https:\/\/www.shoerepair-online.com\/fr\/boutique\/semelles-interieures\/demi-semelle-antiderapante-en-cuir\/#primaryimage\",\"url\":\"https:\/\/www.shoerepair-online.com\/wp-content\/uploads\/2022\/03\/63300-anti-slip-voorvoet-leder.png\",\"contentUrl\":\"https:\/\/www.shoerepair-online.com\/wp-content\/uploads\/2022\/03\/63300-anti-slip-voorvoet-leder.png\",\"width\":436,\"height\":415,\"caption\":\"Anti Slip Voorvoet Leder\"},{\"@type\":\"BreadcrumbList\",\"@id\":\"https:\/\/www.shoerepair-online.com\/fr\/boutique\/semelles-interieures\/demi-semelle-antiderapante-en-cuir\/#breadcrumb\",\"itemListElement\":[{\"@type\":\"ListItem\",\"position\":1,\"name\":\"Home\",\"item\":\"https:\/\/www.shoerepair-online.com\/fr\/\"},{\"@type\":\"ListItem\",\"position\":2,\"name\":\"Boutique\",\"item\":\"https:\/\/www.shoerepair-online.com\/fr\/boutique\/\"},{\"@type\":\"ListItem\",\"position\":3,\"name\":\"Semelles int\u00e9rieures\",\"item\":\"https:\/\/www.shoerepair-online.com\/fr\/shop\/semelles-interieures\/\"},{\"@type\":\"ListItem\",\"position\":4,\"name\":\"Demi-semelle antid\u00e9rapante en cuir\"}]},{\"@type\":\"WebSite\",\"@id\":\"https:\/\/www.shoerepair-online.com\/fr\/#website\",\"url\":\"https:\/\/www.shoerepair-online.com\/fr\/\",\"name\":\"Shoe Repair Online\",\"description\":\"Powered by Mister Minit\",\"potentialAction\":[{\"@type\":\"SearchAction\",\"target\":{\"@type\":\"EntryPoint\",\"urlTemplate\":\"https:\/\/www.shoerepair-online.com\/fr\/?s={search_term_string}\"},\"query-input\":{\"@type\":\"PropertyValueSpecification\",\"valueRequired\":true,\"valueName\":\"search_term_string\"}}],\"inLanguage\":\"fr-FR\"}]}<\/script>\n<!-- \/ Yoast SEO plugin. -->","yoast_head_json":{"title":"Demi-semelle antid\u00e9rapante en cuir - Shoe Repair Online","description":"La demi-semelle emp\u00eache le pied de glisser vers l'avant dans les chaussures \u00e0 talons hauts. Coussin souple, offrant un soutien suppl\u00e9mentaire.","robots":{"index":"noindex","follow":"follow","max-snippet":"max-snippet:-1","max-image-preview":"max-image-preview:large","max-video-preview":"max-video-preview:-1"},"og_locale":"fr_FR","og_type":"article","og_title":"Demi-semelle antid\u00e9rapante en cuir - Shoe Repair Online","og_description":"La demi-semelle emp\u00eache le pied de glisser vers l'avant dans les chaussures \u00e0 talons hauts. Coussin souple, offrant un soutien suppl\u00e9mentaire.","og_url":"https:\/\/www.shoerepair-online.com\/fr\/boutique\/semelles-interieures\/demi-semelle-antiderapante-en-cuir\/","og_site_name":"Shoe Repair Online","article_modified_time":"2023-03-22T10:13:32+00:00","og_image":[{"width":436,"height":415,"url":"https:\/\/www.shoerepair-online.com\/wp-content\/uploads\/2022\/03\/63300-anti-slip-voorvoet-leder.png","type":"image\/png"}],"twitter_card":"summary_large_image","schema":{"@context":"https:\/\/schema.org","@graph":[{"@type":"WebPage","@id":"https:\/\/www.shoerepair-online.com\/fr\/boutique\/semelles-interieures\/demi-semelle-antiderapante-en-cuir\/","url":"https:\/\/www.shoerepair-online.com\/fr\/boutique\/semelles-interieures\/demi-semelle-antiderapante-en-cuir\/","name":"Demi-semelle antid\u00e9rapante en cuir - Shoe Repair Online","isPartOf":{"@id":"https:\/\/www.shoerepair-online.com\/fr\/#website"},"primaryImageOfPage":{"@id":"https:\/\/www.shoerepair-online.com\/fr\/boutique\/semelles-interieures\/demi-semelle-antiderapante-en-cuir\/#primaryimage"},"image":{"@id":"https:\/\/www.shoerepair-online.com\/fr\/boutique\/semelles-interieures\/demi-semelle-antiderapante-en-cuir\/#primaryimage"},"thumbnailUrl":"https:\/\/www.shoerepair-online.com\/wp-content\/uploads\/2022\/03\/63300-anti-slip-voorvoet-leder.png","datePublished":"2022-03-02T14:20:09+00:00","dateModified":"2023-03-22T10:13:32+00:00","description":"La demi-semelle emp\u00eache le pied de glisser vers l'avant dans les chaussures \u00e0 talons hauts. Coussin souple, offrant un soutien suppl\u00e9mentaire.","breadcrumb":{"@id":"https:\/\/www.shoerepair-online.com\/fr\/boutique\/semelles-interieures\/demi-semelle-antiderapante-en-cuir\/#breadcrumb"},"inLanguage":"fr-FR","potentialAction":[{"@type":"ReadAction","target":["https:\/\/www.shoerepair-online.com\/fr\/boutique\/semelles-interieures\/demi-semelle-antiderapante-en-cuir\/"]}]},{"@type":"ImageObject","inLanguage":"fr-FR","@id":"https:\/\/www.shoerepair-online.com\/fr\/boutique\/semelles-interieures\/demi-semelle-antiderapante-en-cuir\/#primaryimage","url":"https:\/\/www.shoerepair-online.com\/wp-content\/uploads\/2022\/03\/63300-anti-slip-voorvoet-leder.png","contentUrl":"https:\/\/www.shoerepair-online.com\/wp-content\/uploads\/2022\/03\/63300-anti-slip-voorvoet-leder.png","width":436,"height":415,"caption":"Anti Slip Voorvoet Leder"},{"@type":"BreadcrumbList","@id":"https:\/\/www.shoerepair-online.com\/fr\/boutique\/semelles-interieures\/demi-semelle-antiderapante-en-cuir\/#breadcrumb","itemListElement":[{"@type":"ListItem","position":1,"name":"Home","item":"https:\/\/www.shoerepair-online.com\/fr\/"},{"@type":"ListItem","position":2,"name":"Boutique","item":"https:\/\/www.shoerepair-online.com\/fr\/boutique\/"},{"@type":"ListItem","position":3,"name":"Semelles int\u00e9rieures","item":"https:\/\/www.shoerepair-online.com\/fr\/shop\/semelles-interieures\/"},{"@type":"ListItem","position":4,"name":"Demi-semelle antid\u00e9rapante en cuir"}]},{"@type":"WebSite","@id":"https:\/\/www.shoerepair-online.com\/fr\/#website","url":"https:\/\/www.shoerepair-online.com\/fr\/","name":"Shoe Repair Online","description":"Powered by Mister Minit","potentialAction":[{"@type":"SearchAction","target":{"@type":"EntryPoint","urlTemplate":"https:\/\/www.shoerepair-online.com\/fr\/?s={search_term_string}"},"query-input":{"@type":"PropertyValueSpecification","valueRequired":true,"valueName":"search_term_string"}}],"inLanguage":"fr-FR"}]}},"_links":{"self":[{"href":"https:\/\/www.shoerepair-online.com\/fr\/wp-json\/wp\/v2\/product\/6182","targetHints":{"allow":["GET"]}}],"collection":[{"href":"https:\/\/www.shoerepair-online.com\/fr\/wp-json\/wp\/v2\/product"}],"about":[{"href":"https:\/\/www.shoerepair-online.com\/fr\/wp-json\/wp\/v2\/types\/product"}],"replies":[{"embeddable":true,"href":"https:\/\/www.shoerepair-online.com\/fr\/wp-json\/wp\/v2\/comments?post=6182"}],"version-history":[{"count":3,"href":"https:\/\/www.shoerepair-online.com\/fr\/wp-json\/wp\/v2\/product\/6182\/revisions"}],"predecessor-version":[{"id":6185,"href":"https:\/\/www.shoerepair-online.com\/fr\/wp-json\/wp\/v2\/product\/6182\/revisions\/6185"}],"wp:featuredmedia":[{"embeddable":true,"href":"https:\/\/www.shoerepair-online.com\/fr\/wp-json\/wp\/v2\/media\/2466"}],"wp:attachment":[{"href":"https:\/\/www.shoerepair-online.com\/fr\/wp-json\/wp\/v2\/media?parent=6182"}],"wp:term":[{"taxonomy":"product_cat","embeddable":true,"href":"https:\/\/www.shoerepair-online.com\/fr\/wp-json\/wp\/v2\/product_cat?post=6182"},{"taxonomy":"product_tag","embeddable":true,"href":"https:\/\/www.shoerepair-online.com\/fr\/wp-json\/wp\/v2\/product_tag?post=6182"},{"taxonomy":"products_material","embeddable":true,"href":"https:\/\/www.shoerepair-online.com\/fr\/wp-json\/wp\/v2\/products_material?post=6182"}],"curies":[{"name":"wp","href":"https:\/\/api.w.org\/{rel}","templated":true}]}}