{"id":6141,"date":"2022-03-02T18:33:20","date_gmt":"2022-03-02T16:33:20","guid":{"rendered":"https:\/\/www.shoerepair-online.com\/product\/lederen-voetbed\/"},"modified":"2023-02-07T14:13:44","modified_gmt":"2023-02-07T12:13:44","slug":"semelles-en-cuir-avec-voute-plantaire","status":"publish","type":"product","link":"https:\/\/www.shoerepair-online.com\/fr\/boutique\/semelles-interieures\/semelles-en-cuir-avec-voute-plantaire\/","title":{"rendered":"Semelle en cuir avec vo\u00fbte plantaire"},"content":{"rendered":"","protected":false},"excerpt":{"rendered":"<p>Les semelles en cuir avec vo\u00fbte plantaire, absorbent la transpiration, assurent le confort et pr\u00e9viennent les troubles physiques.<\/p>\n","protected":false},"featured_media":2433,"comment_status":"closed","ping_status":"closed","template":"","meta":{"_acf_changed":false,"inline_featured_image":false,"footnotes":""},"product_cat":[323],"product_tag":[],"products_material":[],"class_list":["post-6141","product","type-product","status-publish","has-post-thumbnail","hentry","product_cat-semelles-interieures","pa_maat-35-fr","pa_maat-36-fr","pa_maat-37-fr","pa_maat-38-fr","pa_maat-39-fr","pa_maat-40-fr","pa_maat-41-fr","pa_maat-42-fr","pa_maat-43-fr","pa_maat-44-fr","pa_maat-45-fr","pa_maat-46-fr"],"acf":[],"yoast_head":"<!-- This site is optimized with the Yoast SEO plugin v27.0 - https:\/\/yoast.com\/product\/yoast-seo-wordpress\/ -->\n<title>Semelle en cuir avec vo\u00fbte plantaire - Shoe Repair Online<\/title>\n<meta name=\"description\" content=\"Les semelles en cuir avec vo\u00fbte plantaire, absorbent la transpiration, assurent le confort et pr\u00e9viennent les troubles physiques.\" \/>\n<meta name=\"robots\" content=\"noindex, follow, max-snippet:-1, max-image-preview:large, max-video-preview:-1\" \/>\n<meta property=\"og:locale\" content=\"fr_FR\" \/>\n<meta property=\"og:type\" content=\"article\" \/>\n<meta property=\"og:title\" content=\"Semelle en cuir avec vo\u00fbte plantaire - Shoe Repair Online\" \/>\n<meta property=\"og:description\" content=\"Les semelles en cuir avec vo\u00fbte plantaire, absorbent la transpiration, assurent le confort et pr\u00e9viennent les troubles physiques.\" \/>\n<meta property=\"og:url\" content=\"https:\/\/www.shoerepair-online.com\/fr\/boutique\/semelles-interieures\/semelles-en-cuir-avec-voute-plantaire\/\" \/>\n<meta property=\"og:site_name\" content=\"Shoe Repair Online\" \/>\n<meta property=\"article:modified_time\" content=\"2023-02-07T12:13:44+00:00\" \/>\n<meta property=\"og:image\" content=\"https:\/\/www.shoerepair-online.com\/wp-content\/uploads\/2022\/03\/63227-lederen-voetbed.png\" \/>\n\t<meta property=\"og:image:width\" content=\"436\" \/>\n\t<meta property=\"og:image:height\" content=\"415\" \/>\n\t<meta property=\"og:image:type\" content=\"image\/png\" \/>\n<meta name=\"twitter:card\" content=\"summary_large_image\" \/>\n<script type=\"application\/ld+json\" class=\"yoast-schema-graph\">{\"@context\":\"https:\/\/schema.org\",\"@graph\":[{\"@type\":\"WebPage\",\"@id\":\"https:\/\/www.shoerepair-online.com\/fr\/boutique\/semelles-interieures\/semelles-en-cuir-avec-voute-plantaire\/\",\"url\":\"https:\/\/www.shoerepair-online.com\/fr\/boutique\/semelles-interieures\/semelles-en-cuir-avec-voute-plantaire\/\",\"name\":\"Semelle en cuir avec vo\u00fbte plantaire - Shoe Repair Online\",\"isPartOf\":{\"@id\":\"https:\/\/www.shoerepair-online.com\/fr\/#website\"},\"primaryImageOfPage\":{\"@id\":\"https:\/\/www.shoerepair-online.com\/fr\/boutique\/semelles-interieures\/semelles-en-cuir-avec-voute-plantaire\/#primaryimage\"},\"image\":{\"@id\":\"https:\/\/www.shoerepair-online.com\/fr\/boutique\/semelles-interieures\/semelles-en-cuir-avec-voute-plantaire\/#primaryimage\"},\"thumbnailUrl\":\"https:\/\/www.shoerepair-online.com\/wp-content\/uploads\/2022\/03\/63227-lederen-voetbed.png\",\"datePublished\":\"2022-03-02T16:33:20+00:00\",\"dateModified\":\"2023-02-07T12:13:44+00:00\",\"description\":\"Les semelles en cuir avec vo\u00fbte plantaire, absorbent la transpiration, assurent le confort et pr\u00e9viennent les troubles physiques.\",\"breadcrumb\":{\"@id\":\"https:\/\/www.shoerepair-online.com\/fr\/boutique\/semelles-interieures\/semelles-en-cuir-avec-voute-plantaire\/#breadcrumb\"},\"inLanguage\":\"fr-FR\",\"potentialAction\":[{\"@type\":\"ReadAction\",\"target\":[\"https:\/\/www.shoerepair-online.com\/fr\/boutique\/semelles-interieures\/semelles-en-cuir-avec-voute-plantaire\/\"]}]},{\"@type\":\"ImageObject\",\"inLanguage\":\"fr-FR\",\"@id\":\"https:\/\/www.shoerepair-online.com\/fr\/boutique\/semelles-interieures\/semelles-en-cuir-avec-voute-plantaire\/#primaryimage\",\"url\":\"https:\/\/www.shoerepair-online.com\/wp-content\/uploads\/2022\/03\/63227-lederen-voetbed.png\",\"contentUrl\":\"https:\/\/www.shoerepair-online.com\/wp-content\/uploads\/2022\/03\/63227-lederen-voetbed.png\",\"width\":436,\"height\":415,\"caption\":\"Lederen Voetbed\"},{\"@type\":\"BreadcrumbList\",\"@id\":\"https:\/\/www.shoerepair-online.com\/fr\/boutique\/semelles-interieures\/semelles-en-cuir-avec-voute-plantaire\/#breadcrumb\",\"itemListElement\":[{\"@type\":\"ListItem\",\"position\":1,\"name\":\"Home\",\"item\":\"https:\/\/www.shoerepair-online.com\/fr\/\"},{\"@type\":\"ListItem\",\"position\":2,\"name\":\"Boutique\",\"item\":\"https:\/\/www.shoerepair-online.com\/fr\/boutique\/\"},{\"@type\":\"ListItem\",\"position\":3,\"name\":\"Semelles int\u00e9rieures\",\"item\":\"https:\/\/www.shoerepair-online.com\/fr\/shop\/semelles-interieures\/\"},{\"@type\":\"ListItem\",\"position\":4,\"name\":\"Semelle en cuir avec vo\u00fbte plantaire\"}]},{\"@type\":\"WebSite\",\"@id\":\"https:\/\/www.shoerepair-online.com\/fr\/#website\",\"url\":\"https:\/\/www.shoerepair-online.com\/fr\/\",\"name\":\"Shoe Repair Online\",\"description\":\"Powered by Mister Minit\",\"potentialAction\":[{\"@type\":\"SearchAction\",\"target\":{\"@type\":\"EntryPoint\",\"urlTemplate\":\"https:\/\/www.shoerepair-online.com\/fr\/?s={search_term_string}\"},\"query-input\":{\"@type\":\"PropertyValueSpecification\",\"valueRequired\":true,\"valueName\":\"search_term_string\"}}],\"inLanguage\":\"fr-FR\"}]}<\/script>\n<!-- \/ Yoast SEO plugin. -->","yoast_head_json":{"title":"Semelle en cuir avec vo\u00fbte plantaire - Shoe Repair Online","description":"Les semelles en cuir avec vo\u00fbte plantaire, absorbent la transpiration, assurent le confort et pr\u00e9viennent les troubles physiques.","robots":{"index":"noindex","follow":"follow","max-snippet":"max-snippet:-1","max-image-preview":"max-image-preview:large","max-video-preview":"max-video-preview:-1"},"og_locale":"fr_FR","og_type":"article","og_title":"Semelle en cuir avec vo\u00fbte plantaire - Shoe Repair Online","og_description":"Les semelles en cuir avec vo\u00fbte plantaire, absorbent la transpiration, assurent le confort et pr\u00e9viennent les troubles physiques.","og_url":"https:\/\/www.shoerepair-online.com\/fr\/boutique\/semelles-interieures\/semelles-en-cuir-avec-voute-plantaire\/","og_site_name":"Shoe Repair Online","article_modified_time":"2023-02-07T12:13:44+00:00","og_image":[{"width":436,"height":415,"url":"https:\/\/www.shoerepair-online.com\/wp-content\/uploads\/2022\/03\/63227-lederen-voetbed.png","type":"image\/png"}],"twitter_card":"summary_large_image","schema":{"@context":"https:\/\/schema.org","@graph":[{"@type":"WebPage","@id":"https:\/\/www.shoerepair-online.com\/fr\/boutique\/semelles-interieures\/semelles-en-cuir-avec-voute-plantaire\/","url":"https:\/\/www.shoerepair-online.com\/fr\/boutique\/semelles-interieures\/semelles-en-cuir-avec-voute-plantaire\/","name":"Semelle en cuir avec vo\u00fbte plantaire - Shoe Repair Online","isPartOf":{"@id":"https:\/\/www.shoerepair-online.com\/fr\/#website"},"primaryImageOfPage":{"@id":"https:\/\/www.shoerepair-online.com\/fr\/boutique\/semelles-interieures\/semelles-en-cuir-avec-voute-plantaire\/#primaryimage"},"image":{"@id":"https:\/\/www.shoerepair-online.com\/fr\/boutique\/semelles-interieures\/semelles-en-cuir-avec-voute-plantaire\/#primaryimage"},"thumbnailUrl":"https:\/\/www.shoerepair-online.com\/wp-content\/uploads\/2022\/03\/63227-lederen-voetbed.png","datePublished":"2022-03-02T16:33:20+00:00","dateModified":"2023-02-07T12:13:44+00:00","description":"Les semelles en cuir avec vo\u00fbte plantaire, absorbent la transpiration, assurent le confort et pr\u00e9viennent les troubles physiques.","breadcrumb":{"@id":"https:\/\/www.shoerepair-online.com\/fr\/boutique\/semelles-interieures\/semelles-en-cuir-avec-voute-plantaire\/#breadcrumb"},"inLanguage":"fr-FR","potentialAction":[{"@type":"ReadAction","target":["https:\/\/www.shoerepair-online.com\/fr\/boutique\/semelles-interieures\/semelles-en-cuir-avec-voute-plantaire\/"]}]},{"@type":"ImageObject","inLanguage":"fr-FR","@id":"https:\/\/www.shoerepair-online.com\/fr\/boutique\/semelles-interieures\/semelles-en-cuir-avec-voute-plantaire\/#primaryimage","url":"https:\/\/www.shoerepair-online.com\/wp-content\/uploads\/2022\/03\/63227-lederen-voetbed.png","contentUrl":"https:\/\/www.shoerepair-online.com\/wp-content\/uploads\/2022\/03\/63227-lederen-voetbed.png","width":436,"height":415,"caption":"Lederen Voetbed"},{"@type":"BreadcrumbList","@id":"https:\/\/www.shoerepair-online.com\/fr\/boutique\/semelles-interieures\/semelles-en-cuir-avec-voute-plantaire\/#breadcrumb","itemListElement":[{"@type":"ListItem","position":1,"name":"Home","item":"https:\/\/www.shoerepair-online.com\/fr\/"},{"@type":"ListItem","position":2,"name":"Boutique","item":"https:\/\/www.shoerepair-online.com\/fr\/boutique\/"},{"@type":"ListItem","position":3,"name":"Semelles int\u00e9rieures","item":"https:\/\/www.shoerepair-online.com\/fr\/shop\/semelles-interieures\/"},{"@type":"ListItem","position":4,"name":"Semelle en cuir avec vo\u00fbte plantaire"}]},{"@type":"WebSite","@id":"https:\/\/www.shoerepair-online.com\/fr\/#website","url":"https:\/\/www.shoerepair-online.com\/fr\/","name":"Shoe Repair Online","description":"Powered by Mister Minit","potentialAction":[{"@type":"SearchAction","target":{"@type":"EntryPoint","urlTemplate":"https:\/\/www.shoerepair-online.com\/fr\/?s={search_term_string}"},"query-input":{"@type":"PropertyValueSpecification","valueRequired":true,"valueName":"search_term_string"}}],"inLanguage":"fr-FR"}]}},"_links":{"self":[{"href":"https:\/\/www.shoerepair-online.com\/fr\/wp-json\/wp\/v2\/product\/6141","targetHints":{"allow":["GET"]}}],"collection":[{"href":"https:\/\/www.shoerepair-online.com\/fr\/wp-json\/wp\/v2\/product"}],"about":[{"href":"https:\/\/www.shoerepair-online.com\/fr\/wp-json\/wp\/v2\/types\/product"}],"replies":[{"embeddable":true,"href":"https:\/\/www.shoerepair-online.com\/fr\/wp-json\/wp\/v2\/comments?post=6141"}],"version-history":[{"count":3,"href":"https:\/\/www.shoerepair-online.com\/fr\/wp-json\/wp\/v2\/product\/6141\/revisions"}],"predecessor-version":[{"id":7038,"href":"https:\/\/www.shoerepair-online.com\/fr\/wp-json\/wp\/v2\/product\/6141\/revisions\/7038"}],"wp:featuredmedia":[{"embeddable":true,"href":"https:\/\/www.shoerepair-online.com\/fr\/wp-json\/wp\/v2\/media\/2433"}],"wp:attachment":[{"href":"https:\/\/www.shoerepair-online.com\/fr\/wp-json\/wp\/v2\/media?parent=6141"}],"wp:term":[{"taxonomy":"product_cat","embeddable":true,"href":"https:\/\/www.shoerepair-online.com\/fr\/wp-json\/wp\/v2\/product_cat?post=6141"},{"taxonomy":"product_tag","embeddable":true,"href":"https:\/\/www.shoerepair-online.com\/fr\/wp-json\/wp\/v2\/product_tag?post=6141"},{"taxonomy":"products_material","embeddable":true,"href":"https:\/\/www.shoerepair-online.com\/fr\/wp-json\/wp\/v2\/products_material?post=6141"}],"curies":[{"name":"wp","href":"https:\/\/api.w.org\/{rel}","templated":true}]}}