{"id":6132,"date":"2022-03-02T18:24:50","date_gmt":"2022-03-02T16:24:50","guid":{"rendered":"https:\/\/www.shoerepair-online.com\/product\/lederen-inlegzool\/"},"modified":"2023-02-07T14:10:56","modified_gmt":"2023-02-07T12:10:56","slug":"semelle-interieure-en-cuir","status":"publish","type":"product","link":"https:\/\/www.shoerepair-online.com\/fr\/boutique\/semelles-interieures\/semelle-interieure-en-cuir\/","title":{"rendered":"Semelle int\u00e9rieure en cuir"},"content":{"rendered":"","protected":false},"excerpt":{"rendered":"<p>Une semelle int\u00e9rieure plate en cuir \u00e9limine les odeurs et assure le confort.<\/p>\n","protected":false},"featured_media":2427,"comment_status":"closed","ping_status":"closed","template":"","meta":{"_acf_changed":false,"inline_featured_image":false,"footnotes":""},"product_cat":[323],"product_tag":[],"products_material":[],"class_list":["post-6132","product","type-product","status-publish","has-post-thumbnail","hentry","product_cat-semelles-interieures","pa_maat-35-36-fr","pa_maat-37-38-fr","pa_maat-39-40-fr","pa_maat-41-42-fr","pa_maat-43-44-fr","pa_maat-45-46-fr"],"acf":[],"yoast_head":"<!-- This site is optimized with the Yoast SEO plugin v27.0 - https:\/\/yoast.com\/product\/yoast-seo-wordpress\/ -->\n<title>Semelle int\u00e9rieure en cuir - Shoe Repair Online<\/title>\n<meta name=\"description\" content=\"Avez-vous rapidement chaud aux pieds et souffrez-vous de mauvaises odeurs dans vos chaussures ? Une semelle int\u00e9rieure plate en cuir \u00e9limine les odeurs et assure le confort.\" \/>\n<meta name=\"robots\" content=\"noindex, follow, max-snippet:-1, max-image-preview:large, max-video-preview:-1\" \/>\n<meta property=\"og:locale\" content=\"fr_FR\" \/>\n<meta property=\"og:type\" content=\"article\" \/>\n<meta property=\"og:title\" content=\"Semelle int\u00e9rieure en cuir - Shoe Repair Online\" \/>\n<meta property=\"og:description\" content=\"Avez-vous rapidement chaud aux pieds et souffrez-vous de mauvaises odeurs dans vos chaussures ? Une semelle int\u00e9rieure plate en cuir \u00e9limine les odeurs et assure le confort.\" \/>\n<meta property=\"og:url\" content=\"https:\/\/www.shoerepair-online.com\/fr\/boutique\/semelles-interieures\/semelle-interieure-en-cuir\/\" \/>\n<meta property=\"og:site_name\" content=\"Shoe Repair Online\" \/>\n<meta property=\"article:modified_time\" content=\"2023-02-07T12:10:56+00:00\" \/>\n<meta property=\"og:image\" content=\"https:\/\/www.shoerepair-online.com\/wp-content\/uploads\/2022\/03\/63221-Lederen-inlegzool.png\" \/>\n\t<meta property=\"og:image:width\" content=\"436\" \/>\n\t<meta property=\"og:image:height\" content=\"415\" \/>\n\t<meta property=\"og:image:type\" content=\"image\/png\" \/>\n<meta name=\"twitter:card\" content=\"summary_large_image\" \/>\n<script type=\"application\/ld+json\" class=\"yoast-schema-graph\">{\"@context\":\"https:\/\/schema.org\",\"@graph\":[{\"@type\":\"WebPage\",\"@id\":\"https:\/\/www.shoerepair-online.com\/fr\/boutique\/semelles-interieures\/semelle-interieure-en-cuir\/\",\"url\":\"https:\/\/www.shoerepair-online.com\/fr\/boutique\/semelles-interieures\/semelle-interieure-en-cuir\/\",\"name\":\"Semelle int\u00e9rieure en cuir - Shoe Repair Online\",\"isPartOf\":{\"@id\":\"https:\/\/www.shoerepair-online.com\/fr\/#website\"},\"primaryImageOfPage\":{\"@id\":\"https:\/\/www.shoerepair-online.com\/fr\/boutique\/semelles-interieures\/semelle-interieure-en-cuir\/#primaryimage\"},\"image\":{\"@id\":\"https:\/\/www.shoerepair-online.com\/fr\/boutique\/semelles-interieures\/semelle-interieure-en-cuir\/#primaryimage\"},\"thumbnailUrl\":\"https:\/\/www.shoerepair-online.com\/wp-content\/uploads\/2022\/03\/63221-Lederen-inlegzool.png\",\"datePublished\":\"2022-03-02T16:24:50+00:00\",\"dateModified\":\"2023-02-07T12:10:56+00:00\",\"description\":\"Avez-vous rapidement chaud aux pieds et souffrez-vous de mauvaises odeurs dans vos chaussures ? Une semelle int\u00e9rieure plate en cuir \u00e9limine les odeurs et assure le confort.\",\"breadcrumb\":{\"@id\":\"https:\/\/www.shoerepair-online.com\/fr\/boutique\/semelles-interieures\/semelle-interieure-en-cuir\/#breadcrumb\"},\"inLanguage\":\"fr-FR\",\"potentialAction\":[{\"@type\":\"ReadAction\",\"target\":[\"https:\/\/www.shoerepair-online.com\/fr\/boutique\/semelles-interieures\/semelle-interieure-en-cuir\/\"]}]},{\"@type\":\"ImageObject\",\"inLanguage\":\"fr-FR\",\"@id\":\"https:\/\/www.shoerepair-online.com\/fr\/boutique\/semelles-interieures\/semelle-interieure-en-cuir\/#primaryimage\",\"url\":\"https:\/\/www.shoerepair-online.com\/wp-content\/uploads\/2022\/03\/63221-Lederen-inlegzool.png\",\"contentUrl\":\"https:\/\/www.shoerepair-online.com\/wp-content\/uploads\/2022\/03\/63221-Lederen-inlegzool.png\",\"width\":436,\"height\":415,\"caption\":\"Lederen Inlegzool\"},{\"@type\":\"BreadcrumbList\",\"@id\":\"https:\/\/www.shoerepair-online.com\/fr\/boutique\/semelles-interieures\/semelle-interieure-en-cuir\/#breadcrumb\",\"itemListElement\":[{\"@type\":\"ListItem\",\"position\":1,\"name\":\"Home\",\"item\":\"https:\/\/www.shoerepair-online.com\/fr\/\"},{\"@type\":\"ListItem\",\"position\":2,\"name\":\"Boutique\",\"item\":\"https:\/\/www.shoerepair-online.com\/fr\/boutique\/\"},{\"@type\":\"ListItem\",\"position\":3,\"name\":\"Semelles int\u00e9rieures\",\"item\":\"https:\/\/www.shoerepair-online.com\/fr\/shop\/semelles-interieures\/\"},{\"@type\":\"ListItem\",\"position\":4,\"name\":\"Semelle int\u00e9rieure en cuir\"}]},{\"@type\":\"WebSite\",\"@id\":\"https:\/\/www.shoerepair-online.com\/fr\/#website\",\"url\":\"https:\/\/www.shoerepair-online.com\/fr\/\",\"name\":\"Shoe Repair Online\",\"description\":\"Powered by Mister Minit\",\"potentialAction\":[{\"@type\":\"SearchAction\",\"target\":{\"@type\":\"EntryPoint\",\"urlTemplate\":\"https:\/\/www.shoerepair-online.com\/fr\/?s={search_term_string}\"},\"query-input\":{\"@type\":\"PropertyValueSpecification\",\"valueRequired\":true,\"valueName\":\"search_term_string\"}}],\"inLanguage\":\"fr-FR\"}]}<\/script>\n<!-- \/ Yoast SEO plugin. -->","yoast_head_json":{"title":"Semelle int\u00e9rieure en cuir - Shoe Repair Online","description":"Avez-vous rapidement chaud aux pieds et souffrez-vous de mauvaises odeurs dans vos chaussures ? Une semelle int\u00e9rieure plate en cuir \u00e9limine les odeurs et assure le confort.","robots":{"index":"noindex","follow":"follow","max-snippet":"max-snippet:-1","max-image-preview":"max-image-preview:large","max-video-preview":"max-video-preview:-1"},"og_locale":"fr_FR","og_type":"article","og_title":"Semelle int\u00e9rieure en cuir - Shoe Repair Online","og_description":"Avez-vous rapidement chaud aux pieds et souffrez-vous de mauvaises odeurs dans vos chaussures ? Une semelle int\u00e9rieure plate en cuir \u00e9limine les odeurs et assure le confort.","og_url":"https:\/\/www.shoerepair-online.com\/fr\/boutique\/semelles-interieures\/semelle-interieure-en-cuir\/","og_site_name":"Shoe Repair Online","article_modified_time":"2023-02-07T12:10:56+00:00","og_image":[{"width":436,"height":415,"url":"https:\/\/www.shoerepair-online.com\/wp-content\/uploads\/2022\/03\/63221-Lederen-inlegzool.png","type":"image\/png"}],"twitter_card":"summary_large_image","schema":{"@context":"https:\/\/schema.org","@graph":[{"@type":"WebPage","@id":"https:\/\/www.shoerepair-online.com\/fr\/boutique\/semelles-interieures\/semelle-interieure-en-cuir\/","url":"https:\/\/www.shoerepair-online.com\/fr\/boutique\/semelles-interieures\/semelle-interieure-en-cuir\/","name":"Semelle int\u00e9rieure en cuir - Shoe Repair Online","isPartOf":{"@id":"https:\/\/www.shoerepair-online.com\/fr\/#website"},"primaryImageOfPage":{"@id":"https:\/\/www.shoerepair-online.com\/fr\/boutique\/semelles-interieures\/semelle-interieure-en-cuir\/#primaryimage"},"image":{"@id":"https:\/\/www.shoerepair-online.com\/fr\/boutique\/semelles-interieures\/semelle-interieure-en-cuir\/#primaryimage"},"thumbnailUrl":"https:\/\/www.shoerepair-online.com\/wp-content\/uploads\/2022\/03\/63221-Lederen-inlegzool.png","datePublished":"2022-03-02T16:24:50+00:00","dateModified":"2023-02-07T12:10:56+00:00","description":"Avez-vous rapidement chaud aux pieds et souffrez-vous de mauvaises odeurs dans vos chaussures ? Une semelle int\u00e9rieure plate en cuir \u00e9limine les odeurs et assure le confort.","breadcrumb":{"@id":"https:\/\/www.shoerepair-online.com\/fr\/boutique\/semelles-interieures\/semelle-interieure-en-cuir\/#breadcrumb"},"inLanguage":"fr-FR","potentialAction":[{"@type":"ReadAction","target":["https:\/\/www.shoerepair-online.com\/fr\/boutique\/semelles-interieures\/semelle-interieure-en-cuir\/"]}]},{"@type":"ImageObject","inLanguage":"fr-FR","@id":"https:\/\/www.shoerepair-online.com\/fr\/boutique\/semelles-interieures\/semelle-interieure-en-cuir\/#primaryimage","url":"https:\/\/www.shoerepair-online.com\/wp-content\/uploads\/2022\/03\/63221-Lederen-inlegzool.png","contentUrl":"https:\/\/www.shoerepair-online.com\/wp-content\/uploads\/2022\/03\/63221-Lederen-inlegzool.png","width":436,"height":415,"caption":"Lederen Inlegzool"},{"@type":"BreadcrumbList","@id":"https:\/\/www.shoerepair-online.com\/fr\/boutique\/semelles-interieures\/semelle-interieure-en-cuir\/#breadcrumb","itemListElement":[{"@type":"ListItem","position":1,"name":"Home","item":"https:\/\/www.shoerepair-online.com\/fr\/"},{"@type":"ListItem","position":2,"name":"Boutique","item":"https:\/\/www.shoerepair-online.com\/fr\/boutique\/"},{"@type":"ListItem","position":3,"name":"Semelles int\u00e9rieures","item":"https:\/\/www.shoerepair-online.com\/fr\/shop\/semelles-interieures\/"},{"@type":"ListItem","position":4,"name":"Semelle int\u00e9rieure en cuir"}]},{"@type":"WebSite","@id":"https:\/\/www.shoerepair-online.com\/fr\/#website","url":"https:\/\/www.shoerepair-online.com\/fr\/","name":"Shoe Repair Online","description":"Powered by Mister Minit","potentialAction":[{"@type":"SearchAction","target":{"@type":"EntryPoint","urlTemplate":"https:\/\/www.shoerepair-online.com\/fr\/?s={search_term_string}"},"query-input":{"@type":"PropertyValueSpecification","valueRequired":true,"valueName":"search_term_string"}}],"inLanguage":"fr-FR"}]}},"_links":{"self":[{"href":"https:\/\/www.shoerepair-online.com\/fr\/wp-json\/wp\/v2\/product\/6132","targetHints":{"allow":["GET"]}}],"collection":[{"href":"https:\/\/www.shoerepair-online.com\/fr\/wp-json\/wp\/v2\/product"}],"about":[{"href":"https:\/\/www.shoerepair-online.com\/fr\/wp-json\/wp\/v2\/types\/product"}],"replies":[{"embeddable":true,"href":"https:\/\/www.shoerepair-online.com\/fr\/wp-json\/wp\/v2\/comments?post=6132"}],"version-history":[{"count":3,"href":"https:\/\/www.shoerepair-online.com\/fr\/wp-json\/wp\/v2\/product\/6132\/revisions"}],"predecessor-version":[{"id":7036,"href":"https:\/\/www.shoerepair-online.com\/fr\/wp-json\/wp\/v2\/product\/6132\/revisions\/7036"}],"wp:featuredmedia":[{"embeddable":true,"href":"https:\/\/www.shoerepair-online.com\/fr\/wp-json\/wp\/v2\/media\/2427"}],"wp:attachment":[{"href":"https:\/\/www.shoerepair-online.com\/fr\/wp-json\/wp\/v2\/media?parent=6132"}],"wp:term":[{"taxonomy":"product_cat","embeddable":true,"href":"https:\/\/www.shoerepair-online.com\/fr\/wp-json\/wp\/v2\/product_cat?post=6132"},{"taxonomy":"product_tag","embeddable":true,"href":"https:\/\/www.shoerepair-online.com\/fr\/wp-json\/wp\/v2\/product_tag?post=6132"},{"taxonomy":"products_material","embeddable":true,"href":"https:\/\/www.shoerepair-online.com\/fr\/wp-json\/wp\/v2\/products_material?post=6132"}],"curies":[{"name":"wp","href":"https:\/\/api.w.org\/{rel}","templated":true}]}}