{"id":6017,"date":"2022-03-01T18:02:20","date_gmt":"2022-03-01T16:02:20","guid":{"rendered":"https:\/\/www.shoerepair-online.com\/product\/dikke-ronde-veters\/"},"modified":"2023-02-07T12:18:12","modified_gmt":"2023-02-07T10:18:12","slug":"lacets-epais-ronds","status":"publish","type":"product","link":"https:\/\/www.shoerepair-online.com\/fr\/boutique\/lacets\/lacets-epais-ronds\/","title":{"rendered":"Lacets ronds et \u00e9pais"},"content":{"rendered":"","protected":false},"excerpt":{"rendered":"<p>Les lacets ronds et \u00e9pais, 100% coton, sont disponibles en diff\u00e9rentes longueurs et couleurs. Ils sont destin\u00e9s aux chaussures robustes telles que les bottes, les bottines, les chaussures de marche.<\/p>\n","protected":false},"featured_media":4535,"comment_status":"closed","ping_status":"closed","template":"","meta":{"_acf_changed":false,"inline_featured_image":false,"footnotes":""},"product_cat":[357],"product_tag":[],"products_material":[],"class_list":["post-6017","product","type-product","status-publish","has-post-thumbnail","hentry","product_cat-lacets","pa_maat-120-cm-fr","pa_maat-150-cm-fr","pa_maat-180-cm-fr","pa_maat-60-cm-fr","pa_maat-75-cm-fr","pa_maat-90-cm-fr"],"acf":[],"yoast_head":"<!-- This site is optimized with the Yoast SEO plugin v27.0 - https:\/\/yoast.com\/product\/yoast-seo-wordpress\/ -->\n<title>Lacets ronds et \u00e9pais - Shoe Repair Online<\/title>\n<meta name=\"description\" content=\"Les lacets ronds et \u00e9pais sont disponibles en diff\u00e9rentes longueurs et couleurs. Ils sont destin\u00e9s aux chaussures robustes telles que les bottes, les bottines, les chaussures de marche.\" \/>\n<meta name=\"robots\" content=\"noindex, follow, max-snippet:-1, max-image-preview:large, max-video-preview:-1\" \/>\n<meta property=\"og:locale\" content=\"fr_FR\" \/>\n<meta property=\"og:type\" content=\"article\" \/>\n<meta property=\"og:title\" content=\"Lacets ronds et \u00e9pais - Shoe Repair Online\" \/>\n<meta property=\"og:description\" content=\"Les lacets ronds et \u00e9pais sont disponibles en diff\u00e9rentes longueurs et couleurs. Ils sont destin\u00e9s aux chaussures robustes telles que les bottes, les bottines, les chaussures de marche.\" \/>\n<meta property=\"og:url\" content=\"https:\/\/www.shoerepair-online.com\/fr\/boutique\/lacets\/lacets-epais-ronds\/\" \/>\n<meta property=\"og:site_name\" content=\"Shoe Repair Online\" \/>\n<meta property=\"article:modified_time\" content=\"2023-02-07T10:18:12+00:00\" \/>\n<meta property=\"og:image\" content=\"https:\/\/www.shoerepair-online.com\/wp-content\/uploads\/2022\/05\/Dikke-ronde-veters-transparant.png\" \/>\n\t<meta property=\"og:image:width\" content=\"436\" \/>\n\t<meta property=\"og:image:height\" content=\"415\" \/>\n\t<meta property=\"og:image:type\" content=\"image\/png\" \/>\n<meta name=\"twitter:card\" content=\"summary_large_image\" \/>\n<script type=\"application\/ld+json\" class=\"yoast-schema-graph\">{\"@context\":\"https:\/\/schema.org\",\"@graph\":[{\"@type\":\"WebPage\",\"@id\":\"https:\/\/www.shoerepair-online.com\/fr\/boutique\/lacets\/lacets-epais-ronds\/\",\"url\":\"https:\/\/www.shoerepair-online.com\/fr\/boutique\/lacets\/lacets-epais-ronds\/\",\"name\":\"Lacets ronds et \u00e9pais - Shoe Repair Online\",\"isPartOf\":{\"@id\":\"https:\/\/www.shoerepair-online.com\/fr\/#website\"},\"primaryImageOfPage\":{\"@id\":\"https:\/\/www.shoerepair-online.com\/fr\/boutique\/lacets\/lacets-epais-ronds\/#primaryimage\"},\"image\":{\"@id\":\"https:\/\/www.shoerepair-online.com\/fr\/boutique\/lacets\/lacets-epais-ronds\/#primaryimage\"},\"thumbnailUrl\":\"https:\/\/www.shoerepair-online.com\/wp-content\/uploads\/2022\/05\/Dikke-ronde-veters-transparant.png\",\"datePublished\":\"2022-03-01T16:02:20+00:00\",\"dateModified\":\"2023-02-07T10:18:12+00:00\",\"description\":\"Les lacets ronds et \u00e9pais sont disponibles en diff\u00e9rentes longueurs et couleurs. Ils sont destin\u00e9s aux chaussures robustes telles que les bottes, les bottines, les chaussures de marche.\",\"breadcrumb\":{\"@id\":\"https:\/\/www.shoerepair-online.com\/fr\/boutique\/lacets\/lacets-epais-ronds\/#breadcrumb\"},\"inLanguage\":\"fr-FR\",\"potentialAction\":[{\"@type\":\"ReadAction\",\"target\":[\"https:\/\/www.shoerepair-online.com\/fr\/boutique\/lacets\/lacets-epais-ronds\/\"]}]},{\"@type\":\"ImageObject\",\"inLanguage\":\"fr-FR\",\"@id\":\"https:\/\/www.shoerepair-online.com\/fr\/boutique\/lacets\/lacets-epais-ronds\/#primaryimage\",\"url\":\"https:\/\/www.shoerepair-online.com\/wp-content\/uploads\/2022\/05\/Dikke-ronde-veters-transparant.png\",\"contentUrl\":\"https:\/\/www.shoerepair-online.com\/wp-content\/uploads\/2022\/05\/Dikke-ronde-veters-transparant.png\",\"width\":436,\"height\":415,\"caption\":\"Dikke ronde veters\"},{\"@type\":\"BreadcrumbList\",\"@id\":\"https:\/\/www.shoerepair-online.com\/fr\/boutique\/lacets\/lacets-epais-ronds\/#breadcrumb\",\"itemListElement\":[{\"@type\":\"ListItem\",\"position\":1,\"name\":\"Home\",\"item\":\"https:\/\/www.shoerepair-online.com\/fr\/\"},{\"@type\":\"ListItem\",\"position\":2,\"name\":\"Boutique\",\"item\":\"https:\/\/www.shoerepair-online.com\/fr\/boutique\/\"},{\"@type\":\"ListItem\",\"position\":3,\"name\":\"Lacets\",\"item\":\"https:\/\/www.shoerepair-online.com\/fr\/boutique\/lacets\/\"},{\"@type\":\"ListItem\",\"position\":4,\"name\":\"Lacets ronds et \u00e9pais\"}]},{\"@type\":\"WebSite\",\"@id\":\"https:\/\/www.shoerepair-online.com\/fr\/#website\",\"url\":\"https:\/\/www.shoerepair-online.com\/fr\/\",\"name\":\"Shoe Repair Online\",\"description\":\"Powered by Mister Minit\",\"potentialAction\":[{\"@type\":\"SearchAction\",\"target\":{\"@type\":\"EntryPoint\",\"urlTemplate\":\"https:\/\/www.shoerepair-online.com\/fr\/?s={search_term_string}\"},\"query-input\":{\"@type\":\"PropertyValueSpecification\",\"valueRequired\":true,\"valueName\":\"search_term_string\"}}],\"inLanguage\":\"fr-FR\"}]}<\/script>\n<!-- \/ Yoast SEO plugin. -->","yoast_head_json":{"title":"Lacets ronds et \u00e9pais - Shoe Repair Online","description":"Les lacets ronds et \u00e9pais sont disponibles en diff\u00e9rentes longueurs et couleurs. Ils sont destin\u00e9s aux chaussures robustes telles que les bottes, les bottines, les chaussures de marche.","robots":{"index":"noindex","follow":"follow","max-snippet":"max-snippet:-1","max-image-preview":"max-image-preview:large","max-video-preview":"max-video-preview:-1"},"og_locale":"fr_FR","og_type":"article","og_title":"Lacets ronds et \u00e9pais - Shoe Repair Online","og_description":"Les lacets ronds et \u00e9pais sont disponibles en diff\u00e9rentes longueurs et couleurs. Ils sont destin\u00e9s aux chaussures robustes telles que les bottes, les bottines, les chaussures de marche.","og_url":"https:\/\/www.shoerepair-online.com\/fr\/boutique\/lacets\/lacets-epais-ronds\/","og_site_name":"Shoe Repair Online","article_modified_time":"2023-02-07T10:18:12+00:00","og_image":[{"width":436,"height":415,"url":"https:\/\/www.shoerepair-online.com\/wp-content\/uploads\/2022\/05\/Dikke-ronde-veters-transparant.png","type":"image\/png"}],"twitter_card":"summary_large_image","schema":{"@context":"https:\/\/schema.org","@graph":[{"@type":"WebPage","@id":"https:\/\/www.shoerepair-online.com\/fr\/boutique\/lacets\/lacets-epais-ronds\/","url":"https:\/\/www.shoerepair-online.com\/fr\/boutique\/lacets\/lacets-epais-ronds\/","name":"Lacets ronds et \u00e9pais - Shoe Repair Online","isPartOf":{"@id":"https:\/\/www.shoerepair-online.com\/fr\/#website"},"primaryImageOfPage":{"@id":"https:\/\/www.shoerepair-online.com\/fr\/boutique\/lacets\/lacets-epais-ronds\/#primaryimage"},"image":{"@id":"https:\/\/www.shoerepair-online.com\/fr\/boutique\/lacets\/lacets-epais-ronds\/#primaryimage"},"thumbnailUrl":"https:\/\/www.shoerepair-online.com\/wp-content\/uploads\/2022\/05\/Dikke-ronde-veters-transparant.png","datePublished":"2022-03-01T16:02:20+00:00","dateModified":"2023-02-07T10:18:12+00:00","description":"Les lacets ronds et \u00e9pais sont disponibles en diff\u00e9rentes longueurs et couleurs. Ils sont destin\u00e9s aux chaussures robustes telles que les bottes, les bottines, les chaussures de marche.","breadcrumb":{"@id":"https:\/\/www.shoerepair-online.com\/fr\/boutique\/lacets\/lacets-epais-ronds\/#breadcrumb"},"inLanguage":"fr-FR","potentialAction":[{"@type":"ReadAction","target":["https:\/\/www.shoerepair-online.com\/fr\/boutique\/lacets\/lacets-epais-ronds\/"]}]},{"@type":"ImageObject","inLanguage":"fr-FR","@id":"https:\/\/www.shoerepair-online.com\/fr\/boutique\/lacets\/lacets-epais-ronds\/#primaryimage","url":"https:\/\/www.shoerepair-online.com\/wp-content\/uploads\/2022\/05\/Dikke-ronde-veters-transparant.png","contentUrl":"https:\/\/www.shoerepair-online.com\/wp-content\/uploads\/2022\/05\/Dikke-ronde-veters-transparant.png","width":436,"height":415,"caption":"Dikke ronde veters"},{"@type":"BreadcrumbList","@id":"https:\/\/www.shoerepair-online.com\/fr\/boutique\/lacets\/lacets-epais-ronds\/#breadcrumb","itemListElement":[{"@type":"ListItem","position":1,"name":"Home","item":"https:\/\/www.shoerepair-online.com\/fr\/"},{"@type":"ListItem","position":2,"name":"Boutique","item":"https:\/\/www.shoerepair-online.com\/fr\/boutique\/"},{"@type":"ListItem","position":3,"name":"Lacets","item":"https:\/\/www.shoerepair-online.com\/fr\/boutique\/lacets\/"},{"@type":"ListItem","position":4,"name":"Lacets ronds et \u00e9pais"}]},{"@type":"WebSite","@id":"https:\/\/www.shoerepair-online.com\/fr\/#website","url":"https:\/\/www.shoerepair-online.com\/fr\/","name":"Shoe Repair Online","description":"Powered by Mister Minit","potentialAction":[{"@type":"SearchAction","target":{"@type":"EntryPoint","urlTemplate":"https:\/\/www.shoerepair-online.com\/fr\/?s={search_term_string}"},"query-input":{"@type":"PropertyValueSpecification","valueRequired":true,"valueName":"search_term_string"}}],"inLanguage":"fr-FR"}]}},"_links":{"self":[{"href":"https:\/\/www.shoerepair-online.com\/fr\/wp-json\/wp\/v2\/product\/6017","targetHints":{"allow":["GET"]}}],"collection":[{"href":"https:\/\/www.shoerepair-online.com\/fr\/wp-json\/wp\/v2\/product"}],"about":[{"href":"https:\/\/www.shoerepair-online.com\/fr\/wp-json\/wp\/v2\/types\/product"}],"replies":[{"embeddable":true,"href":"https:\/\/www.shoerepair-online.com\/fr\/wp-json\/wp\/v2\/comments?post=6017"}],"version-history":[{"count":3,"href":"https:\/\/www.shoerepair-online.com\/fr\/wp-json\/wp\/v2\/product\/6017\/revisions"}],"predecessor-version":[{"id":7006,"href":"https:\/\/www.shoerepair-online.com\/fr\/wp-json\/wp\/v2\/product\/6017\/revisions\/7006"}],"wp:featuredmedia":[{"embeddable":true,"href":"https:\/\/www.shoerepair-online.com\/fr\/wp-json\/wp\/v2\/media\/4535"}],"wp:attachment":[{"href":"https:\/\/www.shoerepair-online.com\/fr\/wp-json\/wp\/v2\/media?parent=6017"}],"wp:term":[{"taxonomy":"product_cat","embeddable":true,"href":"https:\/\/www.shoerepair-online.com\/fr\/wp-json\/wp\/v2\/product_cat?post=6017"},{"taxonomy":"product_tag","embeddable":true,"href":"https:\/\/www.shoerepair-online.com\/fr\/wp-json\/wp\/v2\/product_tag?post=6017"},{"taxonomy":"products_material","embeddable":true,"href":"https:\/\/www.shoerepair-online.com\/fr\/wp-json\/wp\/v2\/products_material?post=6017"}],"curies":[{"name":"wp","href":"https:\/\/api.w.org\/{rel}","templated":true}]}}