{"id":6882,"date":"2022-02-04T12:57:37","date_gmt":"2022-02-04T10:57:37","guid":{"rendered":"https:\/\/www.shoerepair-online.com\/register\/"},"modified":"2023-01-31T13:08:11","modified_gmt":"2023-01-31T11:08:11","slug":"registrer","status":"publish","type":"page","link":"https:\/\/www.shoerepair-online.com\/fr\/registrer\/","title":{"rendered":"Registrer"},"content":{"rendered":"    <div class=\"woocommerce\">\n         <div class=\"woocommerce-login-wrapper\">\n            <div class=\"woocommerce-login-wrapper-left\">\n            <form class=\"woocommerce-form woocommerce-form-login login\" method=\"post\">\n                                <h2>Connectez-vous \u00e0 Shoe Repair Online<\/h2>\n                <p class=\"login-welcom\"><p>Saisissez votre adresse mail ici si vous n&rsquo;avez pas encore de compte. Si vous le souhaitez, vous pouvez cr\u00e9er un compte dans l&rsquo;\u00e9tape suivante.<\/p>\n<\/p>\n                \n                <p class=\"woocommerce-form-row woocommerce-form-row--wide form-row form-row-first\">\n                    <label for=\"username\">Identifiant ou e-mail&nbsp;<span class=\"required\">*<\/span><\/label>\n                    <input type=\"text\" class=\"woocommerce-Input woocommerce-Input--text input-text\" name=\"username\" id=\"username\" autocomplete=\"username\" value=\"\" \/>                <\/p>\n                <p class=\"woocommerce-form-row woocommerce-form-row--wide form-row form-row-last\">\n                    <label for=\"password\">Mot de passe&nbsp;<span class=\"required\">*<\/span><\/label>\n                    \n                    <input class=\"woocommerce-Input woocommerce-Input--text input-text\" type=\"password\" name=\"password\" id=\"password\" autocomplete=\"current-password\" \/>\n                <\/p>\n\n                \n                <p class=\"form-row form-row-wide hide\">\n                    <label class=\"woocommerce-form__label woocommerce-form__label-for-checkbox woocommerce-form-login__rememberme\">\n                        <input class=\"woocommerce-form__input woocommerce-form__input-checkbox\" name=\"rememberme\" type=\"checkbox\" id=\"rememberme\" value=\"forever\" \/> <span>Se souvenir de moi<\/span>\n                    <\/label>\n                    \n                <\/p>\n                <div class=\"form-row form-row-wide form-row-login\">\n                    <div class=\"form-links\">\n                                                \n                        <a href=\"https:\/\/www.shoerepair-online.com\/nl\/my-account\/lost-password\/\">Mot de passe oubli\u00e9?<\/a>\n                    <\/div>\n\n                    <input type=\"hidden\" id=\"woocommerce-login-nonce\" name=\"woocommerce-login-nonce\" value=\"2f0a35b51b\" \/><input type=\"hidden\" name=\"_wp_http_referer\" value=\"\/fr\/wp-json\/wp\/v2\/pages\/6882\" \/>                    <button type=\"submit\" class=\"woocommerce-button button woocommerce-form-login__submit\" name=\"login\" value=\"Connexion\"><span class=\"button__text\">Connexion<\/span><\/button>\n\n                    \n                <\/div>\n\n                \n            <\/form>\n            <\/div>\n            <div class=\"woocommerce-login-wrapper-right\">\n            <div class=\"woocommerce-registration-intro\">\n                                <h2>Cr\u00e9er un compte<\/h2>\n                <div class=\"woocommerce-registration-intro__text\">\n                    <p>Cr\u00e9ez un compte et :<\/p>\n<ul>\n<li>Commandez d&rsquo;une mani\u00e8re plus facile et rapide<\/li>\n<\/ul>\n<ul>\n<li>Facilitez le paiement<\/li>\n<\/ul>\n                <\/div>\n\n\n                <div class=\"u-column2 col-2\">\n\n\n                    <form method=\"post\" class=\"woocommerce-form woocommerce-form-register register\" >\n                                                <p class=\"woocommerce-form-row woocommerce-form-row--wide form-row form-row-wide\">\n                            <label for=\"reg_email\">E-mail&nbsp;<span class=\"required\">*<\/span><\/label>\n                            <input type=\"email\" class=\"woocommerce-Input woocommerce-Input--text input-text\" name=\"newuser_email\" id=\"reg_email\" autocomplete=\"email\" value=\"\" \/>                        <\/p>\n\n                        <p class=\"woocommerce-FormRow form-row\">\n                            <button type=\"submit\" class=\"woocommerce-Button woocommerce-button button woocommerce-form-register__submit\" name=\"register\" value=\"S&rsquo;enregistrer\">Cr\u00e9er un compte<\/button>\n                        <\/p>\n\n                    <\/form>\n\n                <\/div>\n\n            <\/div>\n\n             <div class=\"woocommerce-guest-intro\">\n                                <h2>Commander sans compte<\/h2>\n                <div class=\"woocommerce-registration-intro__text\">\n                    <p>Vous pouvez terminer la commande sans cr\u00e9er de compte. Vous pouvez toujours cr\u00e9er un compte \u00e0 la fin de la commande.<\/p>\n                <\/div>\n\n\n                <div class=\"u-column2 col-2\">\n\n\n                    <form method=\"post\" class=\"woocommerce-form woocommerce-form-register register\" >\n                        <p class=\"woocommerce-form-row woocommerce-form-row--wide form-row form-row-wide\">\n                            <label for=\"reg_email\">E-mail&nbsp;<span class=\"required\">*<\/span><\/label>\n                            <input type=\"email\" class=\"woocommerce-Input woocommerce-Input--text input-text\" name=\"guest_email\" id=\"guest_email\" autocomplete=\"email\" value=\"\" \/>                        <\/p>\n\n                        <p class=\"woocommerce-FormRow form-row\">\n                            <button type=\"submit\" class=\"woocommerce-Button woocommerce-button button woocommerce-form-register__submit\" name=\"register\" value=\"S&rsquo;enregistrer\">Cr\u00e9er un compte<\/button>\n                        <\/p>\n\n                    <\/form>\n\n                <\/div>\n\n            <\/div>\n            <\/div>\n\n\n            \n        <\/div>\n    <\/div>\n \n   \n","protected":false},"excerpt":{"rendered":"","protected":false},"author":1,"featured_media":0,"parent":0,"menu_order":0,"comment_status":"closed","ping_status":"closed","template":"","meta":{"_acf_changed":false,"inline_featured_image":false,"footnotes":""},"tags":[],"class_list":["post-6882","page","type-page","status-publish","hentry"],"acf":[],"yoast_head":"<!-- This site is optimized with the Yoast SEO plugin v27.0 - https:\/\/yoast.com\/product\/yoast-seo-wordpress\/ -->\n<title>Registrer - Shoe Repair Online<\/title>\n<meta name=\"robots\" content=\"noindex, follow, max-snippet:-1, max-image-preview:large, max-video-preview:-1\" \/>\n<meta property=\"og:locale\" content=\"fr_FR\" \/>\n<meta property=\"og:type\" content=\"article\" \/>\n<meta property=\"og:title\" content=\"Registrer - Shoe Repair Online\" \/>\n<meta property=\"og:url\" content=\"https:\/\/www.shoerepair-online.com\/fr\/registrer\/\" \/>\n<meta property=\"og:site_name\" content=\"Shoe Repair Online\" \/>\n<meta property=\"article:modified_time\" content=\"2023-01-31T11:08:11+00:00\" \/>\n<meta name=\"twitter:card\" content=\"summary_large_image\" \/>\n<script type=\"application\/ld+json\" class=\"yoast-schema-graph\">{\"@context\":\"https:\/\/schema.org\",\"@graph\":[{\"@type\":\"WebPage\",\"@id\":\"https:\/\/www.shoerepair-online.com\/fr\/registrer\/\",\"url\":\"https:\/\/www.shoerepair-online.com\/fr\/registrer\/\",\"name\":\"Registrer - Shoe Repair Online\",\"isPartOf\":{\"@id\":\"https:\/\/www.shoerepair-online.com\/fr\/#website\"},\"datePublished\":\"2022-02-04T10:57:37+00:00\",\"dateModified\":\"2023-01-31T11:08:11+00:00\",\"breadcrumb\":{\"@id\":\"https:\/\/www.shoerepair-online.com\/fr\/registrer\/#breadcrumb\"},\"inLanguage\":\"fr-FR\",\"potentialAction\":[{\"@type\":\"ReadAction\",\"target\":[\"https:\/\/www.shoerepair-online.com\/fr\/registrer\/\"]}]},{\"@type\":\"BreadcrumbList\",\"@id\":\"https:\/\/www.shoerepair-online.com\/fr\/registrer\/#breadcrumb\",\"itemListElement\":[{\"@type\":\"ListItem\",\"position\":1,\"name\":\"Home\",\"item\":\"https:\/\/www.shoerepair-online.com\/fr\/\"},{\"@type\":\"ListItem\",\"position\":2,\"name\":\"Registrer\"}]},{\"@type\":\"WebSite\",\"@id\":\"https:\/\/www.shoerepair-online.com\/fr\/#website\",\"url\":\"https:\/\/www.shoerepair-online.com\/fr\/\",\"name\":\"Shoe Repair Online\",\"description\":\"Powered by Mister Minit\",\"potentialAction\":[{\"@type\":\"SearchAction\",\"target\":{\"@type\":\"EntryPoint\",\"urlTemplate\":\"https:\/\/www.shoerepair-online.com\/fr\/?s={search_term_string}\"},\"query-input\":{\"@type\":\"PropertyValueSpecification\",\"valueRequired\":true,\"valueName\":\"search_term_string\"}}],\"inLanguage\":\"fr-FR\"}]}<\/script>\n<!-- \/ Yoast SEO plugin. -->","yoast_head_json":{"title":"Registrer - Shoe Repair Online","robots":{"index":"noindex","follow":"follow","max-snippet":"max-snippet:-1","max-image-preview":"max-image-preview:large","max-video-preview":"max-video-preview:-1"},"og_locale":"fr_FR","og_type":"article","og_title":"Registrer - Shoe Repair Online","og_url":"https:\/\/www.shoerepair-online.com\/fr\/registrer\/","og_site_name":"Shoe Repair Online","article_modified_time":"2023-01-31T11:08:11+00:00","twitter_card":"summary_large_image","schema":{"@context":"https:\/\/schema.org","@graph":[{"@type":"WebPage","@id":"https:\/\/www.shoerepair-online.com\/fr\/registrer\/","url":"https:\/\/www.shoerepair-online.com\/fr\/registrer\/","name":"Registrer - Shoe Repair Online","isPartOf":{"@id":"https:\/\/www.shoerepair-online.com\/fr\/#website"},"datePublished":"2022-02-04T10:57:37+00:00","dateModified":"2023-01-31T11:08:11+00:00","breadcrumb":{"@id":"https:\/\/www.shoerepair-online.com\/fr\/registrer\/#breadcrumb"},"inLanguage":"fr-FR","potentialAction":[{"@type":"ReadAction","target":["https:\/\/www.shoerepair-online.com\/fr\/registrer\/"]}]},{"@type":"BreadcrumbList","@id":"https:\/\/www.shoerepair-online.com\/fr\/registrer\/#breadcrumb","itemListElement":[{"@type":"ListItem","position":1,"name":"Home","item":"https:\/\/www.shoerepair-online.com\/fr\/"},{"@type":"ListItem","position":2,"name":"Registrer"}]},{"@type":"WebSite","@id":"https:\/\/www.shoerepair-online.com\/fr\/#website","url":"https:\/\/www.shoerepair-online.com\/fr\/","name":"Shoe Repair Online","description":"Powered by Mister Minit","potentialAction":[{"@type":"SearchAction","target":{"@type":"EntryPoint","urlTemplate":"https:\/\/www.shoerepair-online.com\/fr\/?s={search_term_string}"},"query-input":{"@type":"PropertyValueSpecification","valueRequired":true,"valueName":"search_term_string"}}],"inLanguage":"fr-FR"}]}},"_links":{"self":[{"href":"https:\/\/www.shoerepair-online.com\/fr\/wp-json\/wp\/v2\/pages\/6882","targetHints":{"allow":["GET"]}}],"collection":[{"href":"https:\/\/www.shoerepair-online.com\/fr\/wp-json\/wp\/v2\/pages"}],"about":[{"href":"https:\/\/www.shoerepair-online.com\/fr\/wp-json\/wp\/v2\/types\/page"}],"author":[{"embeddable":true,"href":"https:\/\/www.shoerepair-online.com\/fr\/wp-json\/wp\/v2\/users\/1"}],"replies":[{"embeddable":true,"href":"https:\/\/www.shoerepair-online.com\/fr\/wp-json\/wp\/v2\/comments?post=6882"}],"version-history":[{"count":2,"href":"https:\/\/www.shoerepair-online.com\/fr\/wp-json\/wp\/v2\/pages\/6882\/revisions"}],"predecessor-version":[{"id":6884,"href":"https:\/\/www.shoerepair-online.com\/fr\/wp-json\/wp\/v2\/pages\/6882\/revisions\/6884"}],"wp:attachment":[{"href":"https:\/\/www.shoerepair-online.com\/fr\/wp-json\/wp\/v2\/media?parent=6882"}],"wp:term":[{"taxonomy":"post_tag","embeddable":true,"href":"https:\/\/www.shoerepair-online.com\/fr\/wp-json\/wp\/v2\/tags?post=6882"}],"curies":[{"name":"wp","href":"https:\/\/api.w.org\/{rel}","templated":true}]}}