{"id":5589,"date":"2021-12-29T17:05:00","date_gmt":"2021-12-29T15:05:00","guid":{"rendered":"https:\/\/www.shoerepair-online.com\/algemene-voorwaarden\/"},"modified":"2022-09-05T17:36:55","modified_gmt":"2022-09-05T15:36:55","slug":"conditions-generales","status":"publish","type":"page","link":"https:\/\/www.shoerepair-online.com\/fr\/conditions-generales\/","title":{"rendered":"Conditions g\u00e9n\u00e9rales"},"content":{"rendered":"<h1>Conditions g\u00e9n\u00e9rales<\/h1>\n<h4>Cliquez <a href=\"https:\/\/www.shoerepair-online.com\/wp-content\/uploads\/2022\/05\/ShoeRepair-Online-Conditions-generales-service.pdf\" target=\"\" rel=\"noopener\">ici<\/a> pour t\u00e9l\u00e9charger nos <a href=\"https:\/\/www.shoerepair-online.com\/wp-content\/uploads\/2022\/05\/ShoeRepair-Online-Conditions-generales-service.pdf\" target=\"\" rel=\"noopener\">conditions g\u00e9n\u00e9rales<\/a> comme PDF.<\/h4>\n<p><strong>Preface for English and German-speaking customers<\/strong><br \/>\n<strong>Vorwort f\u00fcr deutsch- und englischsprachige Kunden<\/strong><\/p>\n<ol>\n<li>This document in Dutch sets out the general conditions that will govern the contractual relationship.Dieses niederl\u00e4ndischsprachige Dokument enth\u00e4lt die allgemeinen Bedingungen, die das Vertragsverh\u00e4ltnis regeln werden.<\/li>\n<li>To the extent that the customer does not understand Dutch, he is explicitly invited to provide a translation into a language he understands before accepting the general conditions.Sofern der Kunde der niederl\u00e4ndischen Sprache nicht m\u00e4chtig ist, wird er ausdr\u00fccklich aufgefordert, eine \u00dcbersetzung in eine ihm verst\u00e4ndliche Sprache vorzulegen, bevor er die allgemeinen Gesch\u00e4ftsbedingungen akzeptiert.<\/li>\n<li>The acceptance of these general conditions implies that the customer renounces any right to invoke an alleged lack of knowledge of the Dutch language to contest the opposability of the general conditions.Die Annahme dieser Allgemeinen Gesch\u00e4ftsbedingungen bedeutet, dass der Kunde auf das Recht verzichtet, sich auf eine angebliche Unkenntnis der niederl\u00e4ndischen Sprache zu berufen, um die Anfechtbarkeit der Allgemeinen Gesch\u00e4ftsbedingungen zu bestreiten.<\/li>\n<\/ol>\n<h2><strong>1. G\u00e9n\u00e9ral<\/strong><\/h2>\n<p>Les pr\u00e9sentes conditions de vente r\u00e9gissent l&rsquo;utilisation du site web de MINIT Benelux NV, dont le num\u00e9ro d&rsquo;entreprise est BE 0414.907.404 et dont le si\u00e8ge social est situ\u00e9 Industrielaan 25 &#8211; Zuid 3, 9320 Erembodegem, Belgique (d\u00e9nomm\u00e9 \u00a0\u00bb le vendeur \u00ab\u00a0). La NV MINIT Benelux a comme num\u00e9ro de TVA BE 0414.907.404 et l&rsquo;IBAN BE42 2100 1391 0054. Les conditions de vente s&rsquo;appliquent \u00e9galement lorsqu&rsquo;un ordre de r\u00e9paration ou une commande est pass\u00e9e par la boutique en ligne de MINIT Benelux NV via <a href=\"http:\/\/online-shoerepair.com\/\">shoerepair-online.com<\/a><\/p>\n<p>Le site web de MINIT Benelux NV a \u00e9t\u00e9 cr\u00e9\u00e9 sur commande du vendeur et est g\u00e9r\u00e9 par celui-ci. Les utilisateurs peuvent consulter et imprimer gratuitement les informations contenues dans le site pour leur usage personnel, mais pas \u00e0 des fins commerciales. Toute personne qui passe une commande sur le site web (d\u00e9nomm\u00e9e \u00ab\u00a0le client\u00a0\u00bb) confirme par cette commande \u00eatre une personne physique et avoir la capacit\u00e9 d&rsquo;agir.<\/p>\n<p>Les personnes incapables d&rsquo;agir sont repr\u00e9sent\u00e9es par leur repr\u00e9sentant l\u00e9gal, qui est \u00e9galement li\u00e9 par les pr\u00e9sentes conditions de vente et doit soit remplir lui-m\u00eame le bon de commande, soit donner \u00e0 la personne incapable d&rsquo;agir l&rsquo;autorisation expresse de le faire. Les dispositions de l&rsquo;article suivant sur la protection de la vie priv\u00e9e en relation avec le traitement des donn\u00e9es \u00e0 caract\u00e8re personnel ne sont pas affect\u00e9es.<\/p>\n<p>Le fait de passer une commande entra\u00eene une obligation de paiement. Effectuer une commande sur le site Internet signifie l\u2019acceptation expresse des pr\u00e9sentes conditions g\u00e9n\u00e9rales de vente publi\u00e9es sur le site Internet. L&rsquo;acceptation des conditions g\u00e9n\u00e9rales est une condition pr\u00e9alable \u00e0 la prise d&rsquo;une commande.<\/p>\n<p>Toute personne passant une commande d\u00e9clare conna\u00eetre et accepter les conditions g\u00e9n\u00e9rales du vendeur. Les conditions g\u00e9n\u00e9rales sont toujours disponibles et peuvent \u00eatre consult\u00e9es sur le site web. Pour chaque commande, les conditions g\u00e9n\u00e9rales figurant sur le site web et dans la confirmation de la commande \u00e0 ce moment-l\u00e0 s&rsquo;appliquent, \u00e0 l&rsquo;exclusion de toute disposition plus ancienne ou plus r\u00e9cente. Si l&rsquo;une de ces conditions ne devait pas \u00eatre juridiquement valable pour quelque raison que ce soit, les autres conditions continueraient \u00e0 s&rsquo;appliquer dans leur int\u00e9gralit\u00e9.<\/p>\n<p>Tout ce qui n&rsquo;est pas express\u00e9ment pr\u00e9vu dans les pr\u00e9sentes conditions de vente est r\u00e9gi par les dispositions du droit belge. La langue des accords conclus est le N\u00e9erlandais ou le Fran\u00e7ais. Le service client\u00e8le peut \u00eatre contact\u00e9 \u00e0 tout moment pour toute question. Le service client\u00e8le en ligne peut \u00eatre joint via le formulaire de contact dans la rubrique \u00ab\u00a0contact\u00a0\u00bb ou par e-mail \u00e0 l&rsquo;adresse klantenservice@shoerepair-online.com ou par t\u00e9l\u00e9phone au +32 (0)53 85 15 26. Nous r\u00e9pondrons \u00e0 toutes les questions aussi rapidement que possible.<\/p>\n<p>Les informations qui ne figurent pas dans les pr\u00e9sentes conditions g\u00e9n\u00e9rales peuvent \u00eatre consult\u00e9es sur le site web sous la rubrique \u00ab\u00a0questions fr\u00e9quemment pos\u00e9es\u00a0\u00bb (FAQ).<\/p>\n<p>Les modifications du contrat conclu entre MINIT Benelux NV et le client ou des pr\u00e9sentes conditions g\u00e9n\u00e9rales ne peuvent \u00eatre effectu\u00e9es que par le biais d&rsquo;un document \u00e9crit pr\u00e9alable sign\u00e9 par les deux parties.<\/p>\n<p>En cas de conflit entre les pr\u00e9sentes conditions g\u00e9n\u00e9rales et toute condition contractuelle sp\u00e9ciale ou additionnelle, les conditions contractuelles sp\u00e9ciales ou additionnelles pr\u00e9vaudront.<\/p>\n<h2><strong>2. Offre et commande<\/strong><\/h2>\n<p>Une commande ne peut \u00eatre pass\u00e9e que via <a href=\"http:\/\/online-shoerepair.com\/\">shoerepair-online.com<\/a><\/p>\n<p>Le vendeur s&rsquo;engage \u00e0 traiter les commandes pass\u00e9es sur le site dans la limite des stocks disponibles et dans les limites pr\u00e9cis\u00e9es dans les pr\u00e9sentes conditions. La commande en ligne ne peut \u00eatre trait\u00e9e que si le client s&rsquo;est clairement identifi\u00e9 conform\u00e9ment \u00e0 l&rsquo;article 6 \u00ab\u00a0signature et preuve\u00a0\u00bb.<\/p>\n<p>Le vendeur se r\u00e9serve le droit de refuser des commandes en cas de suspicion grave d&rsquo;abus de droit ou de mauvaise foi, de suspicion grave d&rsquo;utilisation commerciale inacceptable pour le vendeur ou en cas d&rsquo;\u00e9puisement des stocks d&rsquo;un article particulier.<\/p>\n<p>Une commande n&rsquo;est d\u00e9finitive qu&rsquo;apr\u00e8s acceptation des pr\u00e9sentes conditions g\u00e9n\u00e9rales de vente, des prix et de la description de l&rsquo;offre vendeur.<\/p>\n<h2><strong>3. Paiement<\/strong><\/h2>\n<p>Les prix sont ceux indiqu\u00e9s sur le site web au moment o\u00f9 la commande est pass\u00e9e. Tous les prix indiqu\u00e9s incluent la TVA. Un client professionnel est responsable de l&rsquo;exactitude du num\u00e9ro de TVA fourni.<\/p>\n<p>Pour les livraisons en Belgique et aux Pays-Bas, les prix ne comprennent pas les frais de livraison. Une distinction est faite pour les commandes inf\u00e9rieures et sup\u00e9rieures \u00e0 30,00\u20ac. Pour les commandes inf\u00e9rieures \u00e0 30,00\u20ac, les frais d&rsquo;exp\u00e9dition vers et depuis notre atelier de r\u00e9paration sont \u00e0 la charge du client. Pour les commandes sup\u00e9rieures \u00e0 30,00\u20ac, seuls les frais d&rsquo;exp\u00e9dition \u00e0 notre atelier de r\u00e9paration sont \u00e0 la charge du client et le retour des marchandises r\u00e9par\u00e9es est \u00e0 la charge du vendeur, sauf s&rsquo;il s&rsquo;agit d&rsquo;une commande incorrecte.<\/p>\n<p>Le paiement doit pr\u00e9c\u00e9der la livraison et s&rsquo;effectue via l&rsquo;un des modes de paiement suivants : Bancontact (Belgique), Maestro, Visa, MasterCard, iDEAL et Eco-ch\u00e8ques (Belgique). Le prix est payable au moment de la passation de la commande par le client.<\/p>\n<p>MINIT Benelux accepte les paiements par VISA et MASTERCARD. Si vous choisissez de payer par carte de cr\u00e9dit, le montant sera d\u00e9bit\u00e9 de votre carte imm\u00e9diatement apr\u00e8s votre confirmation de paiement.<\/p>\n<h2><strong>4. Confirmation de la commande<\/strong><\/h2>\n<p>Apr\u00e8s acceptation du paiement mentionn\u00e9 ci-dessus par le syst\u00e8me, le vendeur confirme la commande par e-mail.<\/p>\n<h2><strong>5. Garantie<\/strong><\/h2>\n<p>Tout probl\u00e8me ou d\u00e9faut concernant la livraison d&rsquo;un article, tout dommage ou toute d\u00e9ficience qualitative doit \u00eatre signal\u00e9 sous sept jours par t\u00e9l\u00e9phone au +32 (0)53 85 15 26 ou par \u00e9crit par lettre recommand\u00e9e \u00e0 MINIT Benelux NV, Industrielaan 25 &#8211; Zuid 3, 9320 Erembodegem, ou par message sur la page de contact du webshop, ou par e-mail \u00e0 klantenservice@shoerepair-online.com. Le client peut esp\u00e9rer une r\u00e9ponse dans les 48 heures.<br \/>\nUne solution sera alors recherch\u00e9e ensemble. Le vendeur offre les garanties pr\u00e9vues par la loi. Si nous ne parvenons toujours pas \u00e0 trouver une solution par l&rsquo;interm\u00e9diaire de notre service de r\u00e9clamation personnel \u00e0 l&rsquo;adresse klantenservice@shoerepair-online.com, vous pouvez, en tant que consommateur, contacter le service du m\u00e9diateur des consommateurs et la Commission europ\u00e9enne des litiges pour le r\u00e8glement d&rsquo;un litige.<\/p>\n<p>Le vendeur n&rsquo;est pas responsable en cas de force majeure, d&rsquo;accident, de mauvaise utilisation ou de manipulation incorrecte d&rsquo;un article r\u00e9par\u00e9 par le client. Un article pr\u00e9sentant un d\u00e9faut accept\u00e9 est r\u00e9par\u00e9 gratuitement.<\/p>\n<p>Sauf en cas de fraude, de faute intentionnelle ou de n\u00e9gligence grave, la responsabilit\u00e9 contractuelle et extracontractuelle de MINIT Benelux NV envers le client est \u00e0 tout moment limit\u00e9e \u00e0 un montant de \u20ac 250,00. Le client doit toujours pr\u00e9senter une preuve d&rsquo;achat, qui doit indiquer le prix (facture, ticket de caisse).<\/p>\n<h2><strong>6. Signature et preuve<\/strong><\/h2>\n<p class=\"question-cardtext\"><span lang=\"FR\" style=\"font-family: 'Arial',sans-serif\">Le client est seul responsable de l&rsquo;exactitude de toutes les donn\u00e9es qu&rsquo;il fournit.<\/span><\/p>\n<p class=\"question-cardtext\"><span lang=\"FR\" style=\"font-family: 'Arial',sans-serif\">Lorsque vous commandez en ligne pour la premi\u00e8re fois, il est conseill\u00e9 de cr\u00e9er un profil de compte. Vous pourrez alors suivre l&rsquo;ensemble du processus de r\u00e9paration. Par la suite, il vous suffira de vous reconnecter pour passer une nouvelle commande. Vous pouvez \u00e9galement vous connecter en tant qu&rsquo;invit\u00e9 et passer une commande, mais vous ne pourrez alors pas suivre l&rsquo;\u00e9volution de votre commande et vous recevrez uniquement des informations sur la livraison par Mondial Relay. <\/span><\/p>\n<p class=\"question-cardtext\"><span lang=\"FR\" style=\"font-family: 'Arial',sans-serif\">La confirmation d\u00e9finitive de la commande par le client vaut acceptation de la r\u00e9paration au prix fix\u00e9. La confirmation du client constitue la signature et l&rsquo;acceptation explicite de toutes les transactions effectu\u00e9es via le site web.<\/span><\/p>\n<h2><strong>7. Responsabilit\u00e9 pour l&rsquo;utilisation du site web<\/strong><\/h2>\n<p class=\"question-cardtext\"><span lang=\"FR\" style=\"font-family: 'Arial',sans-serif\">Le site web du vendeur est destin\u00e9 \u00e0 fournir au client des informations g\u00e9n\u00e9rales sur les activit\u00e9s de r\u00e9paration et les produits du vendeur. Le vendeur a une obligation de moyens en ce qui concerne l&rsquo;acc\u00e8s, le processus de commande, la livraison ou d&rsquo;autres services.<\/span><\/p>\n<p class=\"question-cardtext\"><span lang=\"FR\" style=\"font-family: 'Arial',sans-serif\">Le Vendeur a le droit de suspendre ou de fermer le site, en tout ou en partie, \u00e0 tout moment pour des raisons de maintenance, de mise \u00e0 jour ou pour toute autre raison, sans pr\u00e9avis.<\/span><\/p>\n<p class=\"question-cardtext\"><span lang=\"FR\" style=\"font-family: 'Arial',sans-serif\">La responsabilit\u00e9 du Vendeur ne saurait \u00eatre engag\u00e9e pour tous les inconv\u00e9nients ou dommages inh\u00e9rents \u00e0 l&rsquo;utilisation du r\u00e9seau Internet, \u00e0 une d\u00e9faillance du syst\u00e8me, \u00e0 une intrusion ext\u00e9rieure ou \u00e0 un virus, ni pour toute information diffus\u00e9e ou trait\u00e9e par des tiers ou pour tout \u00e9v\u00e9nement pouvant \u00eatre consid\u00e9r\u00e9 comme un cas de force majeure.<\/span><\/p>\n<h2><strong>8. Protection de la vie priv\u00e9e<\/strong><\/h2>\n<p>En passant une commande, le client d\u00e9clare avoir pris connaissance de la politique de confidentialit\u00e9 du vendeur. La politique de confidentialit\u00e9 du vendeur contient les informations n\u00e9cessaires sur la mani\u00e8re et la finalit\u00e9 du traitement des donn\u00e9es personnelles et sur les cookies utilis\u00e9s.<\/p>\n<p>Par le biais de la pr\u00e9sente Politique de confidentialit\u00e9, le Vendeur se conforme \u00e0 la \u00a0\u00bb Loi du 8 d\u00e9cembre 1992 relative \u00e0 la protection de la vie priv\u00e9e \u00e0 l&rsquo;\u00e9gard des traitements de donn\u00e9es \u00e0 caract\u00e8re personnel \u00ab\u00a0, telle que modifi\u00e9e par la Loi du 11 d\u00e9cembre 1998, ainsi qu&rsquo;aux dispositions anti-spam du Livre XII du Code \u00e9conomique belge relatif au \u00a0\u00bb droit de l&rsquo;\u00e9conomie \u00e9lectronique \u00ab\u00a0. A travers la pr\u00e9sente Politique de confidentialit\u00e9, le Vendeur se conforme \u00e9galement au R\u00e8glement europ\u00e9en 2016\/679 du 27 avril 2016 relatif \u00e0 la protection des donn\u00e9es personnelles.<\/p>\n<p>Pour exercer les droits d&rsquo;acc\u00e8s, de modification ou de suppression des donn\u00e9es personnelles, le client peut contacter le service client\u00e8le, en suivant la proc\u00e9dure d\u00e9crite dans <u>la politique de confidentialit\u00e9<\/u> du vendeur. Le client peut modifier lui-m\u00eame ses donn\u00e9es via le <u>profil de son compte<\/u>.<\/p>\n<h2><strong>9. Propri\u00e9t\u00e9 intellectuelle<\/strong><\/h2>\n<p><span lang=\"FR\" style=\"font-family: 'Arial',sans-serif\">Tous les \u00e9l\u00e9ments du site web du vendeur, y compris la technologie utilis\u00e9e, sont la propri\u00e9t\u00e9 exclusive du vendeur et sont prot\u00e9g\u00e9s par le droit d&rsquo;auteur. L&rsquo;utilisateur qui dispose d&rsquo;un site Internet et qui d\u00e9sire, m\u00eame \u00e0 titre personnel, \u00e9tablir un lien automatique entre son propre site et la page d&rsquo;accueil du site du Vendeur, doit demander l&rsquo;autorisation expresse du Vendeur.<\/span><\/p>\n<h2><strong>10. Comp\u00e9tence et droit applicable<\/strong><\/h2>\n<p>Tous les contrats auxquels s&rsquo;appliquent les pr\u00e9sentes conditions g\u00e9n\u00e9rales sont soumis aux dispositions du droit belge. L&rsquo;application de la Convention de Vienne sur les ventes du 11 avril 1980 est express\u00e9ment exclue. \u00a0En cas de litige, seuls les tribunaux de l&rsquo;arrondissement de Dendermonde et, le cas \u00e9ch\u00e9ant, la Cour d&rsquo;appel de Gand sont comp\u00e9tents.<\/p>\n","protected":false},"excerpt":{"rendered":"<p>Conditions g\u00e9n\u00e9rales Cliquez ici pour t\u00e9l\u00e9charger nos conditions g\u00e9n\u00e9rales comme PDF. Preface for English and German-speaking customers Vorwort f\u00fcr deutsch- und englischsprachige Kunden This document in Dutch sets out the general conditions that will govern the contractual relationship.Dieses niederl\u00e4ndischsprachige Dokument enth\u00e4lt die allgemeinen Bedingungen, die das Vertragsverh\u00e4ltnis regeln werden. To the extent that the customer [&hellip;]<\/p>\n","protected":false},"author":1,"featured_media":0,"parent":0,"menu_order":0,"comment_status":"closed","ping_status":"closed","template":"","meta":{"_acf_changed":false,"inline_featured_image":false,"footnotes":""},"tags":[],"class_list":["post-5589","page","type-page","status-publish","hentry"],"acf":[],"yoast_head":"<!-- This site is optimized with the Yoast SEO plugin v27.0 - https:\/\/yoast.com\/product\/yoast-seo-wordpress\/ -->\n<title>Conditions g\u00e9n\u00e9rales - Shoe Repair Online<\/title>\n<meta name=\"description\" content=\"Lisez ici les conditions g\u00e9n\u00e9rales de Shoe Repair Online. N&#039;h\u00e9sitez pas \u00e0 contacter notre service client\u00e8le si vous avez d&#039;autres questions.\" \/>\n<meta name=\"robots\" content=\"noindex, follow, max-snippet:-1, max-image-preview:large, max-video-preview:-1\" \/>\n<meta property=\"og:locale\" content=\"fr_FR\" \/>\n<meta property=\"og:type\" content=\"article\" \/>\n<meta property=\"og:title\" content=\"Conditions g\u00e9n\u00e9rales - Shoe Repair Online\" \/>\n<meta property=\"og:description\" content=\"Lisez ici les conditions g\u00e9n\u00e9rales de Shoe Repair Online. N&#039;h\u00e9sitez pas \u00e0 contacter notre service client\u00e8le si vous avez d&#039;autres questions.\" \/>\n<meta property=\"og:url\" content=\"https:\/\/www.shoerepair-online.com\/fr\/conditions-generales\/\" \/>\n<meta property=\"og:site_name\" content=\"Shoe Repair Online\" \/>\n<meta property=\"article:modified_time\" content=\"2022-09-05T15:36:55+00:00\" \/>\n<meta name=\"twitter:card\" content=\"summary_large_image\" \/>\n<script type=\"application\/ld+json\" class=\"yoast-schema-graph\">{\"@context\":\"https:\/\/schema.org\",\"@graph\":[{\"@type\":\"WebPage\",\"@id\":\"https:\/\/www.shoerepair-online.com\/fr\/conditions-generales\/\",\"url\":\"https:\/\/www.shoerepair-online.com\/fr\/conditions-generales\/\",\"name\":\"Conditions g\u00e9n\u00e9rales - Shoe Repair Online\",\"isPartOf\":{\"@id\":\"https:\/\/www.shoerepair-online.com\/fr\/#website\"},\"datePublished\":\"2021-12-29T15:05:00+00:00\",\"dateModified\":\"2022-09-05T15:36:55+00:00\",\"description\":\"Lisez ici les conditions g\u00e9n\u00e9rales de Shoe Repair Online. N'h\u00e9sitez pas \u00e0 contacter notre service client\u00e8le si vous avez d'autres questions.\",\"breadcrumb\":{\"@id\":\"https:\/\/www.shoerepair-online.com\/fr\/conditions-generales\/#breadcrumb\"},\"inLanguage\":\"fr-FR\",\"potentialAction\":[{\"@type\":\"ReadAction\",\"target\":[\"https:\/\/www.shoerepair-online.com\/fr\/conditions-generales\/\"]}]},{\"@type\":\"BreadcrumbList\",\"@id\":\"https:\/\/www.shoerepair-online.com\/fr\/conditions-generales\/#breadcrumb\",\"itemListElement\":[{\"@type\":\"ListItem\",\"position\":1,\"name\":\"Home\",\"item\":\"https:\/\/www.shoerepair-online.com\/fr\/\"},{\"@type\":\"ListItem\",\"position\":2,\"name\":\"Conditions g\u00e9n\u00e9rales\"}]},{\"@type\":\"WebSite\",\"@id\":\"https:\/\/www.shoerepair-online.com\/fr\/#website\",\"url\":\"https:\/\/www.shoerepair-online.com\/fr\/\",\"name\":\"Shoe Repair Online\",\"description\":\"Powered by Mister Minit\",\"potentialAction\":[{\"@type\":\"SearchAction\",\"target\":{\"@type\":\"EntryPoint\",\"urlTemplate\":\"https:\/\/www.shoerepair-online.com\/fr\/?s={search_term_string}\"},\"query-input\":{\"@type\":\"PropertyValueSpecification\",\"valueRequired\":true,\"valueName\":\"search_term_string\"}}],\"inLanguage\":\"fr-FR\"}]}<\/script>\n<!-- \/ Yoast SEO plugin. -->","yoast_head_json":{"title":"Conditions g\u00e9n\u00e9rales - Shoe Repair Online","description":"Lisez ici les conditions g\u00e9n\u00e9rales de Shoe Repair Online. N'h\u00e9sitez pas \u00e0 contacter notre service client\u00e8le si vous avez d'autres questions.","robots":{"index":"noindex","follow":"follow","max-snippet":"max-snippet:-1","max-image-preview":"max-image-preview:large","max-video-preview":"max-video-preview:-1"},"og_locale":"fr_FR","og_type":"article","og_title":"Conditions g\u00e9n\u00e9rales - Shoe Repair Online","og_description":"Lisez ici les conditions g\u00e9n\u00e9rales de Shoe Repair Online. N'h\u00e9sitez pas \u00e0 contacter notre service client\u00e8le si vous avez d'autres questions.","og_url":"https:\/\/www.shoerepair-online.com\/fr\/conditions-generales\/","og_site_name":"Shoe Repair Online","article_modified_time":"2022-09-05T15:36:55+00:00","twitter_card":"summary_large_image","schema":{"@context":"https:\/\/schema.org","@graph":[{"@type":"WebPage","@id":"https:\/\/www.shoerepair-online.com\/fr\/conditions-generales\/","url":"https:\/\/www.shoerepair-online.com\/fr\/conditions-generales\/","name":"Conditions g\u00e9n\u00e9rales - Shoe Repair Online","isPartOf":{"@id":"https:\/\/www.shoerepair-online.com\/fr\/#website"},"datePublished":"2021-12-29T15:05:00+00:00","dateModified":"2022-09-05T15:36:55+00:00","description":"Lisez ici les conditions g\u00e9n\u00e9rales de Shoe Repair Online. N'h\u00e9sitez pas \u00e0 contacter notre service client\u00e8le si vous avez d'autres questions.","breadcrumb":{"@id":"https:\/\/www.shoerepair-online.com\/fr\/conditions-generales\/#breadcrumb"},"inLanguage":"fr-FR","potentialAction":[{"@type":"ReadAction","target":["https:\/\/www.shoerepair-online.com\/fr\/conditions-generales\/"]}]},{"@type":"BreadcrumbList","@id":"https:\/\/www.shoerepair-online.com\/fr\/conditions-generales\/#breadcrumb","itemListElement":[{"@type":"ListItem","position":1,"name":"Home","item":"https:\/\/www.shoerepair-online.com\/fr\/"},{"@type":"ListItem","position":2,"name":"Conditions g\u00e9n\u00e9rales"}]},{"@type":"WebSite","@id":"https:\/\/www.shoerepair-online.com\/fr\/#website","url":"https:\/\/www.shoerepair-online.com\/fr\/","name":"Shoe Repair Online","description":"Powered by Mister Minit","potentialAction":[{"@type":"SearchAction","target":{"@type":"EntryPoint","urlTemplate":"https:\/\/www.shoerepair-online.com\/fr\/?s={search_term_string}"},"query-input":{"@type":"PropertyValueSpecification","valueRequired":true,"valueName":"search_term_string"}}],"inLanguage":"fr-FR"}]}},"_links":{"self":[{"href":"https:\/\/www.shoerepair-online.com\/fr\/wp-json\/wp\/v2\/pages\/5589","targetHints":{"allow":["GET"]}}],"collection":[{"href":"https:\/\/www.shoerepair-online.com\/fr\/wp-json\/wp\/v2\/pages"}],"about":[{"href":"https:\/\/www.shoerepair-online.com\/fr\/wp-json\/wp\/v2\/types\/page"}],"author":[{"embeddable":true,"href":"https:\/\/www.shoerepair-online.com\/fr\/wp-json\/wp\/v2\/users\/1"}],"replies":[{"embeddable":true,"href":"https:\/\/www.shoerepair-online.com\/fr\/wp-json\/wp\/v2\/comments?post=5589"}],"version-history":[{"count":4,"href":"https:\/\/www.shoerepair-online.com\/fr\/wp-json\/wp\/v2\/pages\/5589\/revisions"}],"predecessor-version":[{"id":5594,"href":"https:\/\/www.shoerepair-online.com\/fr\/wp-json\/wp\/v2\/pages\/5589\/revisions\/5594"}],"wp:attachment":[{"href":"https:\/\/www.shoerepair-online.com\/fr\/wp-json\/wp\/v2\/media?parent=5589"}],"wp:term":[{"taxonomy":"post_tag","embeddable":true,"href":"https:\/\/www.shoerepair-online.com\/fr\/wp-json\/wp\/v2\/tags?post=5589"}],"curies":[{"name":"wp","href":"https:\/\/api.w.org\/{rel}","templated":true}]}}