{"id":5571,"date":"2021-12-29T16:20:45","date_gmt":"2021-12-29T14:20:45","guid":{"rendered":"https:\/\/www.shoerepair-online.com\/promoties\/"},"modified":"2022-09-05T13:55:52","modified_gmt":"2022-09-05T11:55:52","slug":"promotions","status":"publish","type":"page","link":"https:\/\/www.shoerepair-online.com\/fr\/promotions\/","title":{"rendered":"Promotions"},"content":{"rendered":"<p>Souhaitez-vous \u00eatre tenu inform\u00e9 des actions ou promotions futures ? Alors n&rsquo;oubliez pas de vous inscrire \u00e0 notre newsletter ci-dessous !<\/p>\n","protected":false},"excerpt":{"rendered":"<p>Souhaitez-vous \u00eatre tenu inform\u00e9 des actions ou promotions futures ? Alors n&rsquo;oubliez pas de vous inscrire \u00e0 notre newsletter ci-dessous !<\/p>\n","protected":false},"author":1,"featured_media":0,"parent":0,"menu_order":0,"comment_status":"closed","ping_status":"closed","template":"","meta":{"_acf_changed":false,"inline_featured_image":false,"footnotes":""},"tags":[],"class_list":["post-5571","page","type-page","status-publish","hentry"],"acf":[],"yoast_head":"<!-- This site is optimized with the Yoast SEO plugin v27.0 - https:\/\/yoast.com\/product\/yoast-seo-wordpress\/ -->\n<title>Promotions - Shoe Repair Online<\/title>\n<meta name=\"description\" content=\"D\u00e9couvrez ici toutes les promotions ou actions temporaires en cours, pour vos r\u00e9parations de chaussures en ligne ou produits d&#039;entretien.\" \/>\n<meta name=\"robots\" content=\"noindex, follow, max-snippet:-1, max-image-preview:large, max-video-preview:-1\" \/>\n<meta property=\"og:locale\" content=\"fr_FR\" \/>\n<meta property=\"og:type\" content=\"article\" \/>\n<meta property=\"og:title\" content=\"Promotions - Shoe Repair Online\" \/>\n<meta property=\"og:description\" content=\"D\u00e9couvrez ici toutes les promotions ou actions temporaires en cours, pour vos r\u00e9parations de chaussures en ligne ou produits d&#039;entretien.\" \/>\n<meta property=\"og:url\" content=\"https:\/\/www.shoerepair-online.com\/fr\/promotions\/\" \/>\n<meta property=\"og:site_name\" content=\"Shoe Repair Online\" \/>\n<meta property=\"article:modified_time\" content=\"2022-09-05T11:55:52+00:00\" \/>\n<meta name=\"twitter:card\" content=\"summary_large_image\" \/>\n<script type=\"application\/ld+json\" class=\"yoast-schema-graph\">{\"@context\":\"https:\/\/schema.org\",\"@graph\":[{\"@type\":\"WebPage\",\"@id\":\"https:\/\/www.shoerepair-online.com\/fr\/promotions\/\",\"url\":\"https:\/\/www.shoerepair-online.com\/fr\/promotions\/\",\"name\":\"Promotions - Shoe Repair Online\",\"isPartOf\":{\"@id\":\"https:\/\/www.shoerepair-online.com\/fr\/#website\"},\"datePublished\":\"2021-12-29T14:20:45+00:00\",\"dateModified\":\"2022-09-05T11:55:52+00:00\",\"description\":\"D\u00e9couvrez ici toutes les promotions ou actions temporaires en cours, pour vos r\u00e9parations de chaussures en ligne ou produits d'entretien.\",\"breadcrumb\":{\"@id\":\"https:\/\/www.shoerepair-online.com\/fr\/promotions\/#breadcrumb\"},\"inLanguage\":\"fr-FR\",\"potentialAction\":[{\"@type\":\"ReadAction\",\"target\":[\"https:\/\/www.shoerepair-online.com\/fr\/promotions\/\"]}]},{\"@type\":\"BreadcrumbList\",\"@id\":\"https:\/\/www.shoerepair-online.com\/fr\/promotions\/#breadcrumb\",\"itemListElement\":[{\"@type\":\"ListItem\",\"position\":1,\"name\":\"Home\",\"item\":\"https:\/\/www.shoerepair-online.com\/fr\/\"},{\"@type\":\"ListItem\",\"position\":2,\"name\":\"Promotions\"}]},{\"@type\":\"WebSite\",\"@id\":\"https:\/\/www.shoerepair-online.com\/fr\/#website\",\"url\":\"https:\/\/www.shoerepair-online.com\/fr\/\",\"name\":\"Shoe Repair Online\",\"description\":\"Powered by Mister Minit\",\"potentialAction\":[{\"@type\":\"SearchAction\",\"target\":{\"@type\":\"EntryPoint\",\"urlTemplate\":\"https:\/\/www.shoerepair-online.com\/fr\/?s={search_term_string}\"},\"query-input\":{\"@type\":\"PropertyValueSpecification\",\"valueRequired\":true,\"valueName\":\"search_term_string\"}}],\"inLanguage\":\"fr-FR\"}]}<\/script>\n<!-- \/ Yoast SEO plugin. -->","yoast_head_json":{"title":"Promotions - Shoe Repair Online","description":"D\u00e9couvrez ici toutes les promotions ou actions temporaires en cours, pour vos r\u00e9parations de chaussures en ligne ou produits d'entretien.","robots":{"index":"noindex","follow":"follow","max-snippet":"max-snippet:-1","max-image-preview":"max-image-preview:large","max-video-preview":"max-video-preview:-1"},"og_locale":"fr_FR","og_type":"article","og_title":"Promotions - Shoe Repair Online","og_description":"D\u00e9couvrez ici toutes les promotions ou actions temporaires en cours, pour vos r\u00e9parations de chaussures en ligne ou produits d'entretien.","og_url":"https:\/\/www.shoerepair-online.com\/fr\/promotions\/","og_site_name":"Shoe Repair Online","article_modified_time":"2022-09-05T11:55:52+00:00","twitter_card":"summary_large_image","schema":{"@context":"https:\/\/schema.org","@graph":[{"@type":"WebPage","@id":"https:\/\/www.shoerepair-online.com\/fr\/promotions\/","url":"https:\/\/www.shoerepair-online.com\/fr\/promotions\/","name":"Promotions - Shoe Repair Online","isPartOf":{"@id":"https:\/\/www.shoerepair-online.com\/fr\/#website"},"datePublished":"2021-12-29T14:20:45+00:00","dateModified":"2022-09-05T11:55:52+00:00","description":"D\u00e9couvrez ici toutes les promotions ou actions temporaires en cours, pour vos r\u00e9parations de chaussures en ligne ou produits d'entretien.","breadcrumb":{"@id":"https:\/\/www.shoerepair-online.com\/fr\/promotions\/#breadcrumb"},"inLanguage":"fr-FR","potentialAction":[{"@type":"ReadAction","target":["https:\/\/www.shoerepair-online.com\/fr\/promotions\/"]}]},{"@type":"BreadcrumbList","@id":"https:\/\/www.shoerepair-online.com\/fr\/promotions\/#breadcrumb","itemListElement":[{"@type":"ListItem","position":1,"name":"Home","item":"https:\/\/www.shoerepair-online.com\/fr\/"},{"@type":"ListItem","position":2,"name":"Promotions"}]},{"@type":"WebSite","@id":"https:\/\/www.shoerepair-online.com\/fr\/#website","url":"https:\/\/www.shoerepair-online.com\/fr\/","name":"Shoe Repair Online","description":"Powered by Mister Minit","potentialAction":[{"@type":"SearchAction","target":{"@type":"EntryPoint","urlTemplate":"https:\/\/www.shoerepair-online.com\/fr\/?s={search_term_string}"},"query-input":{"@type":"PropertyValueSpecification","valueRequired":true,"valueName":"search_term_string"}}],"inLanguage":"fr-FR"}]}},"_links":{"self":[{"href":"https:\/\/www.shoerepair-online.com\/fr\/wp-json\/wp\/v2\/pages\/5571","targetHints":{"allow":["GET"]}}],"collection":[{"href":"https:\/\/www.shoerepair-online.com\/fr\/wp-json\/wp\/v2\/pages"}],"about":[{"href":"https:\/\/www.shoerepair-online.com\/fr\/wp-json\/wp\/v2\/types\/page"}],"author":[{"embeddable":true,"href":"https:\/\/www.shoerepair-online.com\/fr\/wp-json\/wp\/v2\/users\/1"}],"replies":[{"embeddable":true,"href":"https:\/\/www.shoerepair-online.com\/fr\/wp-json\/wp\/v2\/comments?post=5571"}],"version-history":[{"count":2,"href":"https:\/\/www.shoerepair-online.com\/fr\/wp-json\/wp\/v2\/pages\/5571\/revisions"}],"predecessor-version":[{"id":5573,"href":"https:\/\/www.shoerepair-online.com\/fr\/wp-json\/wp\/v2\/pages\/5571\/revisions\/5573"}],"wp:attachment":[{"href":"https:\/\/www.shoerepair-online.com\/fr\/wp-json\/wp\/v2\/media?parent=5571"}],"wp:term":[{"taxonomy":"post_tag","embeddable":true,"href":"https:\/\/www.shoerepair-online.com\/fr\/wp-json\/wp\/v2\/tags?post=5571"}],"curies":[{"name":"wp","href":"https:\/\/api.w.org\/{rel}","templated":true}]}}