{"id":5535,"date":"2022-08-31T13:52:34","date_gmt":"2022-08-31T11:52:34","guid":{"rendered":"https:\/\/www.shoerepair-online.com\/?page_id=5535"},"modified":"2022-09-08T08:46:44","modified_gmt":"2022-09-08T06:46:44","slug":"service-clientele","status":"publish","type":"page","link":"https:\/\/www.shoerepair-online.com\/fr\/service-clientele\/","title":{"rendered":"Service client\u00e8le"},"content":{"rendered":"<p>Avez-vous une question ou un commentaire pour notre service client\u00e8le ?<\/p>\n<p><a href=\"https:\/\/www.shoerepair-online.com\/fr\/contact\/\" target=\"_blank\" rel=\"noopener\">Envoyez-nous un message!<\/a><\/p>\n<p>Notre service client\u00e8le est disponible tous les jours ouvrables de 8 h 30 \u00e0 12 h 30 et de 13 h 30 \u00e0 17 h (vendredi : 16 h).<\/p>\n","protected":false},"excerpt":{"rendered":"<p>Avez-vous une question ou un commentaire pour notre service client\u00e8le ? Envoyez-nous un message! Notre service client\u00e8le est disponible tous les jours ouvrables de 8 h 30 \u00e0 12 h 30 et de 13 h 30 \u00e0 17 h (vendredi : 16 h).<\/p>\n","protected":false},"author":4,"featured_media":0,"parent":0,"menu_order":0,"comment_status":"closed","ping_status":"closed","template":"","meta":{"_acf_changed":false,"inline_featured_image":false,"footnotes":""},"tags":[],"class_list":["post-5535","page","type-page","status-publish","hentry"],"acf":[],"yoast_head":"<!-- This site is optimized with the Yoast SEO plugin v27.0 - https:\/\/yoast.com\/product\/yoast-seo-wordpress\/ -->\n<title>Service client\u00e8le - Shoe Repair Online<\/title>\n<meta name=\"robots\" content=\"noindex, follow, max-snippet:-1, max-image-preview:large, max-video-preview:-1\" \/>\n<meta property=\"og:locale\" content=\"fr_FR\" \/>\n<meta property=\"og:type\" content=\"article\" \/>\n<meta property=\"og:title\" content=\"Service client\u00e8le - Shoe Repair Online\" \/>\n<meta property=\"og:description\" content=\"Avez-vous une question ou un commentaire pour notre service client\u00e8le ? Envoyez-nous un message! Notre service client\u00e8le est disponible tous les jours ouvrables de 8 h 30 \u00e0 12 h 30 et de 13 h 30 \u00e0 17 h (vendredi : 16 h).\" \/>\n<meta property=\"og:url\" content=\"https:\/\/www.shoerepair-online.com\/fr\/service-clientele\/\" \/>\n<meta property=\"og:site_name\" content=\"Shoe Repair Online\" \/>\n<meta property=\"article:modified_time\" content=\"2022-09-08T06:46:44+00:00\" \/>\n<meta name=\"twitter:card\" content=\"summary_large_image\" \/>\n<script type=\"application\/ld+json\" class=\"yoast-schema-graph\">{\"@context\":\"https:\/\/schema.org\",\"@graph\":[{\"@type\":\"WebPage\",\"@id\":\"https:\/\/www.shoerepair-online.com\/fr\/service-clientele\/\",\"url\":\"https:\/\/www.shoerepair-online.com\/fr\/service-clientele\/\",\"name\":\"Service client\u00e8le - Shoe Repair Online\",\"isPartOf\":{\"@id\":\"https:\/\/www.shoerepair-online.com\/fr\/#website\"},\"datePublished\":\"2022-08-31T11:52:34+00:00\",\"dateModified\":\"2022-09-08T06:46:44+00:00\",\"breadcrumb\":{\"@id\":\"https:\/\/www.shoerepair-online.com\/fr\/service-clientele\/#breadcrumb\"},\"inLanguage\":\"fr-FR\",\"potentialAction\":[{\"@type\":\"ReadAction\",\"target\":[\"https:\/\/www.shoerepair-online.com\/fr\/service-clientele\/\"]}]},{\"@type\":\"BreadcrumbList\",\"@id\":\"https:\/\/www.shoerepair-online.com\/fr\/service-clientele\/#breadcrumb\",\"itemListElement\":[{\"@type\":\"ListItem\",\"position\":1,\"name\":\"Home\",\"item\":\"https:\/\/www.shoerepair-online.com\/fr\/\"},{\"@type\":\"ListItem\",\"position\":2,\"name\":\"Service client\u00e8le\"}]},{\"@type\":\"WebSite\",\"@id\":\"https:\/\/www.shoerepair-online.com\/fr\/#website\",\"url\":\"https:\/\/www.shoerepair-online.com\/fr\/\",\"name\":\"Shoe Repair Online\",\"description\":\"Powered by Mister Minit\",\"potentialAction\":[{\"@type\":\"SearchAction\",\"target\":{\"@type\":\"EntryPoint\",\"urlTemplate\":\"https:\/\/www.shoerepair-online.com\/fr\/?s={search_term_string}\"},\"query-input\":{\"@type\":\"PropertyValueSpecification\",\"valueRequired\":true,\"valueName\":\"search_term_string\"}}],\"inLanguage\":\"fr-FR\"}]}<\/script>\n<!-- \/ Yoast SEO plugin. -->","yoast_head_json":{"title":"Service client\u00e8le - Shoe Repair Online","robots":{"index":"noindex","follow":"follow","max-snippet":"max-snippet:-1","max-image-preview":"max-image-preview:large","max-video-preview":"max-video-preview:-1"},"og_locale":"fr_FR","og_type":"article","og_title":"Service client\u00e8le - Shoe Repair Online","og_description":"Avez-vous une question ou un commentaire pour notre service client\u00e8le ? Envoyez-nous un message! Notre service client\u00e8le est disponible tous les jours ouvrables de 8 h 30 \u00e0 12 h 30 et de 13 h 30 \u00e0 17 h (vendredi : 16 h).","og_url":"https:\/\/www.shoerepair-online.com\/fr\/service-clientele\/","og_site_name":"Shoe Repair Online","article_modified_time":"2022-09-08T06:46:44+00:00","twitter_card":"summary_large_image","schema":{"@context":"https:\/\/schema.org","@graph":[{"@type":"WebPage","@id":"https:\/\/www.shoerepair-online.com\/fr\/service-clientele\/","url":"https:\/\/www.shoerepair-online.com\/fr\/service-clientele\/","name":"Service client\u00e8le - Shoe Repair Online","isPartOf":{"@id":"https:\/\/www.shoerepair-online.com\/fr\/#website"},"datePublished":"2022-08-31T11:52:34+00:00","dateModified":"2022-09-08T06:46:44+00:00","breadcrumb":{"@id":"https:\/\/www.shoerepair-online.com\/fr\/service-clientele\/#breadcrumb"},"inLanguage":"fr-FR","potentialAction":[{"@type":"ReadAction","target":["https:\/\/www.shoerepair-online.com\/fr\/service-clientele\/"]}]},{"@type":"BreadcrumbList","@id":"https:\/\/www.shoerepair-online.com\/fr\/service-clientele\/#breadcrumb","itemListElement":[{"@type":"ListItem","position":1,"name":"Home","item":"https:\/\/www.shoerepair-online.com\/fr\/"},{"@type":"ListItem","position":2,"name":"Service client\u00e8le"}]},{"@type":"WebSite","@id":"https:\/\/www.shoerepair-online.com\/fr\/#website","url":"https:\/\/www.shoerepair-online.com\/fr\/","name":"Shoe Repair Online","description":"Powered by Mister Minit","potentialAction":[{"@type":"SearchAction","target":{"@type":"EntryPoint","urlTemplate":"https:\/\/www.shoerepair-online.com\/fr\/?s={search_term_string}"},"query-input":{"@type":"PropertyValueSpecification","valueRequired":true,"valueName":"search_term_string"}}],"inLanguage":"fr-FR"}]}},"_links":{"self":[{"href":"https:\/\/www.shoerepair-online.com\/fr\/wp-json\/wp\/v2\/pages\/5535","targetHints":{"allow":["GET"]}}],"collection":[{"href":"https:\/\/www.shoerepair-online.com\/fr\/wp-json\/wp\/v2\/pages"}],"about":[{"href":"https:\/\/www.shoerepair-online.com\/fr\/wp-json\/wp\/v2\/types\/page"}],"author":[{"embeddable":true,"href":"https:\/\/www.shoerepair-online.com\/fr\/wp-json\/wp\/v2\/users\/4"}],"replies":[{"embeddable":true,"href":"https:\/\/www.shoerepair-online.com\/fr\/wp-json\/wp\/v2\/comments?post=5535"}],"version-history":[{"count":5,"href":"https:\/\/www.shoerepair-online.com\/fr\/wp-json\/wp\/v2\/pages\/5535\/revisions"}],"predecessor-version":[{"id":5779,"href":"https:\/\/www.shoerepair-online.com\/fr\/wp-json\/wp\/v2\/pages\/5535\/revisions\/5779"}],"wp:attachment":[{"href":"https:\/\/www.shoerepair-online.com\/fr\/wp-json\/wp\/v2\/media?parent=5535"}],"wp:term":[{"taxonomy":"post_tag","embeddable":true,"href":"https:\/\/www.shoerepair-online.com\/fr\/wp-json\/wp\/v2\/tags?post=5535"}],"curies":[{"name":"wp","href":"https:\/\/api.w.org\/{rel}","templated":true}]}}