{"id":5060,"date":"2021-12-29T16:19:28","date_gmt":"2021-12-29T14:19:28","guid":{"rendered":"https:\/\/www.shoerepair-online.com\/?page_id=5060"},"modified":"2022-09-06T07:58:14","modified_gmt":"2022-09-06T05:58:14","slug":"comment-cela-fonctionne-t-il","status":"publish","type":"page","link":"https:\/\/www.shoerepair-online.com\/fr\/comment-cela-fonctionne-t-il\/","title":{"rendered":"Comment cela fonctionne-t-il?"},"content":{"rendered":"<p>Professionele herstelling\/reiniging<\/p>\n","protected":false},"excerpt":{"rendered":"<p>Professionele herstelling\/reiniging<\/p>\n","protected":false},"author":1,"featured_media":0,"parent":0,"menu_order":0,"comment_status":"closed","ping_status":"closed","template":"template-innerpage.php","meta":{"_acf_changed":false,"inline_featured_image":false,"footnotes":""},"tags":[],"class_list":["post-5060","page","type-page","status-publish","hentry"],"acf":[],"yoast_head":"<!-- This site is optimized with the Yoast SEO plugin v27.0 - https:\/\/yoast.com\/product\/yoast-seo-wordpress\/ -->\n<title>Comment cela fonctionne-t-il? - Shoe Repair Online<\/title>\n<meta name=\"description\" content=\"Faire r\u00e9parer ou nettoyer ses chaussures en ligne n&#039;a jamais \u00e9t\u00e9 aussi facile ! En 4 \u00e9tapes seulement, vous pouvez redonner \u00e0 vos chaussures l&#039;aspect du neuf.\" \/>\n<meta name=\"robots\" content=\"noindex, follow, max-snippet:-1, max-image-preview:large, max-video-preview:-1\" \/>\n<meta property=\"og:locale\" content=\"fr_FR\" \/>\n<meta property=\"og:type\" content=\"article\" \/>\n<meta property=\"og:title\" content=\"Comment cela fonctionne-t-il? - Shoe Repair Online\" \/>\n<meta property=\"og:description\" content=\"Faire r\u00e9parer ou nettoyer ses chaussures en ligne n&#039;a jamais \u00e9t\u00e9 aussi facile ! En 4 \u00e9tapes seulement, vous pouvez redonner \u00e0 vos chaussures l&#039;aspect du neuf.\" \/>\n<meta property=\"og:url\" content=\"https:\/\/www.shoerepair-online.com\/fr\/comment-cela-fonctionne-t-il\/\" \/>\n<meta property=\"og:site_name\" content=\"Shoe Repair Online\" \/>\n<meta property=\"article:modified_time\" content=\"2022-09-06T05:58:14+00:00\" \/>\n<meta name=\"twitter:card\" content=\"summary_large_image\" \/>\n<script type=\"application\/ld+json\" class=\"yoast-schema-graph\">{\"@context\":\"https:\/\/schema.org\",\"@graph\":[{\"@type\":\"WebPage\",\"@id\":\"https:\/\/www.shoerepair-online.com\/fr\/comment-cela-fonctionne-t-il\/\",\"url\":\"https:\/\/www.shoerepair-online.com\/fr\/comment-cela-fonctionne-t-il\/\",\"name\":\"Comment cela fonctionne-t-il? - Shoe Repair Online\",\"isPartOf\":{\"@id\":\"https:\/\/www.shoerepair-online.com\/fr\/#website\"},\"datePublished\":\"2021-12-29T14:19:28+00:00\",\"dateModified\":\"2022-09-06T05:58:14+00:00\",\"description\":\"Faire r\u00e9parer ou nettoyer ses chaussures en ligne n'a jamais \u00e9t\u00e9 aussi facile ! En 4 \u00e9tapes seulement, vous pouvez redonner \u00e0 vos chaussures l'aspect du neuf.\",\"breadcrumb\":{\"@id\":\"https:\/\/www.shoerepair-online.com\/fr\/comment-cela-fonctionne-t-il\/#breadcrumb\"},\"inLanguage\":\"fr-FR\",\"potentialAction\":[{\"@type\":\"ReadAction\",\"target\":[\"https:\/\/www.shoerepair-online.com\/fr\/comment-cela-fonctionne-t-il\/\"]}]},{\"@type\":\"BreadcrumbList\",\"@id\":\"https:\/\/www.shoerepair-online.com\/fr\/comment-cela-fonctionne-t-il\/#breadcrumb\",\"itemListElement\":[{\"@type\":\"ListItem\",\"position\":1,\"name\":\"Home\",\"item\":\"https:\/\/www.shoerepair-online.com\/fr\/\"},{\"@type\":\"ListItem\",\"position\":2,\"name\":\"Comment cela fonctionne-t-il?\"}]},{\"@type\":\"WebSite\",\"@id\":\"https:\/\/www.shoerepair-online.com\/fr\/#website\",\"url\":\"https:\/\/www.shoerepair-online.com\/fr\/\",\"name\":\"Shoe Repair Online\",\"description\":\"Powered by Mister Minit\",\"potentialAction\":[{\"@type\":\"SearchAction\",\"target\":{\"@type\":\"EntryPoint\",\"urlTemplate\":\"https:\/\/www.shoerepair-online.com\/fr\/?s={search_term_string}\"},\"query-input\":{\"@type\":\"PropertyValueSpecification\",\"valueRequired\":true,\"valueName\":\"search_term_string\"}}],\"inLanguage\":\"fr-FR\"}]}<\/script>\n<!-- \/ Yoast SEO plugin. -->","yoast_head_json":{"title":"Comment cela fonctionne-t-il? - Shoe Repair Online","description":"Faire r\u00e9parer ou nettoyer ses chaussures en ligne n'a jamais \u00e9t\u00e9 aussi facile ! En 4 \u00e9tapes seulement, vous pouvez redonner \u00e0 vos chaussures l'aspect du neuf.","robots":{"index":"noindex","follow":"follow","max-snippet":"max-snippet:-1","max-image-preview":"max-image-preview:large","max-video-preview":"max-video-preview:-1"},"og_locale":"fr_FR","og_type":"article","og_title":"Comment cela fonctionne-t-il? - Shoe Repair Online","og_description":"Faire r\u00e9parer ou nettoyer ses chaussures en ligne n'a jamais \u00e9t\u00e9 aussi facile ! En 4 \u00e9tapes seulement, vous pouvez redonner \u00e0 vos chaussures l'aspect du neuf.","og_url":"https:\/\/www.shoerepair-online.com\/fr\/comment-cela-fonctionne-t-il\/","og_site_name":"Shoe Repair Online","article_modified_time":"2022-09-06T05:58:14+00:00","twitter_card":"summary_large_image","schema":{"@context":"https:\/\/schema.org","@graph":[{"@type":"WebPage","@id":"https:\/\/www.shoerepair-online.com\/fr\/comment-cela-fonctionne-t-il\/","url":"https:\/\/www.shoerepair-online.com\/fr\/comment-cela-fonctionne-t-il\/","name":"Comment cela fonctionne-t-il? - Shoe Repair Online","isPartOf":{"@id":"https:\/\/www.shoerepair-online.com\/fr\/#website"},"datePublished":"2021-12-29T14:19:28+00:00","dateModified":"2022-09-06T05:58:14+00:00","description":"Faire r\u00e9parer ou nettoyer ses chaussures en ligne n'a jamais \u00e9t\u00e9 aussi facile ! En 4 \u00e9tapes seulement, vous pouvez redonner \u00e0 vos chaussures l'aspect du neuf.","breadcrumb":{"@id":"https:\/\/www.shoerepair-online.com\/fr\/comment-cela-fonctionne-t-il\/#breadcrumb"},"inLanguage":"fr-FR","potentialAction":[{"@type":"ReadAction","target":["https:\/\/www.shoerepair-online.com\/fr\/comment-cela-fonctionne-t-il\/"]}]},{"@type":"BreadcrumbList","@id":"https:\/\/www.shoerepair-online.com\/fr\/comment-cela-fonctionne-t-il\/#breadcrumb","itemListElement":[{"@type":"ListItem","position":1,"name":"Home","item":"https:\/\/www.shoerepair-online.com\/fr\/"},{"@type":"ListItem","position":2,"name":"Comment cela fonctionne-t-il?"}]},{"@type":"WebSite","@id":"https:\/\/www.shoerepair-online.com\/fr\/#website","url":"https:\/\/www.shoerepair-online.com\/fr\/","name":"Shoe Repair Online","description":"Powered by Mister Minit","potentialAction":[{"@type":"SearchAction","target":{"@type":"EntryPoint","urlTemplate":"https:\/\/www.shoerepair-online.com\/fr\/?s={search_term_string}"},"query-input":{"@type":"PropertyValueSpecification","valueRequired":true,"valueName":"search_term_string"}}],"inLanguage":"fr-FR"}]}},"_links":{"self":[{"href":"https:\/\/www.shoerepair-online.com\/fr\/wp-json\/wp\/v2\/pages\/5060","targetHints":{"allow":["GET"]}}],"collection":[{"href":"https:\/\/www.shoerepair-online.com\/fr\/wp-json\/wp\/v2\/pages"}],"about":[{"href":"https:\/\/www.shoerepair-online.com\/fr\/wp-json\/wp\/v2\/types\/page"}],"author":[{"embeddable":true,"href":"https:\/\/www.shoerepair-online.com\/fr\/wp-json\/wp\/v2\/users\/1"}],"replies":[{"embeddable":true,"href":"https:\/\/www.shoerepair-online.com\/fr\/wp-json\/wp\/v2\/comments?post=5060"}],"version-history":[{"count":11,"href":"https:\/\/www.shoerepair-online.com\/fr\/wp-json\/wp\/v2\/pages\/5060\/revisions"}],"predecessor-version":[{"id":5597,"href":"https:\/\/www.shoerepair-online.com\/fr\/wp-json\/wp\/v2\/pages\/5060\/revisions\/5597"}],"wp:attachment":[{"href":"https:\/\/www.shoerepair-online.com\/fr\/wp-json\/wp\/v2\/media?parent=5060"}],"wp:term":[{"taxonomy":"post_tag","embeddable":true,"href":"https:\/\/www.shoerepair-online.com\/fr\/wp-json\/wp\/v2\/tags?post=5060"}],"curies":[{"name":"wp","href":"https:\/\/api.w.org\/{rel}","templated":true}]}}