{"id":5045,"date":"2022-01-10T23:41:55","date_gmt":"2022-01-10T21:41:55","guid":{"rendered":"https:\/\/www.shoerepair-online.com\/home\/"},"modified":"2023-02-07T17:10:23","modified_gmt":"2023-02-07T15:10:23","slug":"home","status":"publish","type":"page","link":"https:\/\/www.shoerepair-online.com\/fr\/","title":{"rendered":"Home"},"content":{"rendered":"","protected":false},"excerpt":{"rendered":"","protected":false},"author":1,"featured_media":0,"parent":0,"menu_order":0,"comment_status":"closed","ping_status":"closed","template":"template-homepage.php","meta":{"_acf_changed":false,"inline_featured_image":false,"footnotes":""},"tags":[],"class_list":["post-5045","page","type-page","status-publish","hentry"],"acf":[],"yoast_head":"<!-- This site is optimized with the Yoast SEO plugin v27.0 - https:\/\/yoast.com\/product\/yoast-seo-wordpress\/ -->\n<title>Shoe Repair Online - R\u00e9paration de chaussures ou nettoyage<\/title>\n<meta name=\"description\" content=\"R\u00e9paration de chaussures ou nettoyage sur mesure. Gr\u00e2ce \u00e0 Shoe Repair Online, maintenant aussi depuis votre domicile ! D\u00e9j\u00e0 65 ans d&#039;exp\u00e9rience dans la r\u00e9paration de chaussures !\" \/>\n<meta name=\"robots\" content=\"noindex, follow, max-snippet:-1, max-image-preview:large, max-video-preview:-1\" \/>\n<meta property=\"og:locale\" content=\"fr_FR\" \/>\n<meta property=\"og:type\" content=\"article\" \/>\n<meta property=\"og:title\" content=\"Shoe Repair Online - R\u00e9paration de chaussures ou nettoyage\" \/>\n<meta property=\"og:description\" content=\"R\u00e9paration de chaussures ou nettoyage sur mesure. Gr\u00e2ce \u00e0 Shoe Repair Online, maintenant aussi depuis votre domicile ! D\u00e9j\u00e0 65 ans d&#039;exp\u00e9rience dans la r\u00e9paration de chaussures !\" \/>\n<meta property=\"og:url\" content=\"https:\/\/www.shoerepair-online.com\/fr\/\" \/>\n<meta property=\"og:site_name\" content=\"Shoe Repair Online\" \/>\n<meta property=\"article:modified_time\" content=\"2023-02-07T15:10:23+00:00\" \/>\n<meta name=\"twitter:card\" content=\"summary_large_image\" \/>\n<script type=\"application\/ld+json\" class=\"yoast-schema-graph\">{\"@context\":\"https:\/\/schema.org\",\"@graph\":[{\"@type\":\"WebPage\",\"@id\":\"https:\/\/www.shoerepair-online.com\/fr\/\",\"url\":\"https:\/\/www.shoerepair-online.com\/fr\/\",\"name\":\"Shoe Repair Online - R\u00e9paration de chaussures ou nettoyage\",\"isPartOf\":{\"@id\":\"https:\/\/www.shoerepair-online.com\/fr\/#website\"},\"datePublished\":\"2022-01-10T21:41:55+00:00\",\"dateModified\":\"2023-02-07T15:10:23+00:00\",\"description\":\"R\u00e9paration de chaussures ou nettoyage sur mesure. Gr\u00e2ce \u00e0 Shoe Repair Online, maintenant aussi depuis votre domicile ! D\u00e9j\u00e0 65 ans d'exp\u00e9rience dans la r\u00e9paration de chaussures !\",\"breadcrumb\":{\"@id\":\"https:\/\/www.shoerepair-online.com\/fr\/#breadcrumb\"},\"inLanguage\":\"fr-FR\",\"potentialAction\":[{\"@type\":\"ReadAction\",\"target\":[\"https:\/\/www.shoerepair-online.com\/fr\/\"]}]},{\"@type\":\"BreadcrumbList\",\"@id\":\"https:\/\/www.shoerepair-online.com\/fr\/#breadcrumb\",\"itemListElement\":[{\"@type\":\"ListItem\",\"position\":1,\"name\":\"Home\",\"item\":\"https:\/\/www.shoerepair-online.com\/fr\/\"},{\"@type\":\"ListItem\",\"position\":2,\"name\":\"Home\"}]},{\"@type\":\"WebSite\",\"@id\":\"https:\/\/www.shoerepair-online.com\/fr\/#website\",\"url\":\"https:\/\/www.shoerepair-online.com\/fr\/\",\"name\":\"Shoe Repair Online\",\"description\":\"Powered by Mister Minit\",\"potentialAction\":[{\"@type\":\"SearchAction\",\"target\":{\"@type\":\"EntryPoint\",\"urlTemplate\":\"https:\/\/www.shoerepair-online.com\/fr\/?s={search_term_string}\"},\"query-input\":{\"@type\":\"PropertyValueSpecification\",\"valueRequired\":true,\"valueName\":\"search_term_string\"}}],\"inLanguage\":\"fr-FR\"}]}<\/script>\n<!-- \/ Yoast SEO plugin. -->","yoast_head_json":{"title":"Shoe Repair Online - R\u00e9paration de chaussures ou nettoyage","description":"R\u00e9paration de chaussures ou nettoyage sur mesure. Gr\u00e2ce \u00e0 Shoe Repair Online, maintenant aussi depuis votre domicile ! D\u00e9j\u00e0 65 ans d'exp\u00e9rience dans la r\u00e9paration de chaussures !","robots":{"index":"noindex","follow":"follow","max-snippet":"max-snippet:-1","max-image-preview":"max-image-preview:large","max-video-preview":"max-video-preview:-1"},"og_locale":"fr_FR","og_type":"article","og_title":"Shoe Repair Online - R\u00e9paration de chaussures ou nettoyage","og_description":"R\u00e9paration de chaussures ou nettoyage sur mesure. Gr\u00e2ce \u00e0 Shoe Repair Online, maintenant aussi depuis votre domicile ! D\u00e9j\u00e0 65 ans d'exp\u00e9rience dans la r\u00e9paration de chaussures !","og_url":"https:\/\/www.shoerepair-online.com\/fr\/","og_site_name":"Shoe Repair Online","article_modified_time":"2023-02-07T15:10:23+00:00","twitter_card":"summary_large_image","schema":{"@context":"https:\/\/schema.org","@graph":[{"@type":"WebPage","@id":"https:\/\/www.shoerepair-online.com\/fr\/","url":"https:\/\/www.shoerepair-online.com\/fr\/","name":"Shoe Repair Online - R\u00e9paration de chaussures ou nettoyage","isPartOf":{"@id":"https:\/\/www.shoerepair-online.com\/fr\/#website"},"datePublished":"2022-01-10T21:41:55+00:00","dateModified":"2023-02-07T15:10:23+00:00","description":"R\u00e9paration de chaussures ou nettoyage sur mesure. Gr\u00e2ce \u00e0 Shoe Repair Online, maintenant aussi depuis votre domicile ! D\u00e9j\u00e0 65 ans d'exp\u00e9rience dans la r\u00e9paration de chaussures !","breadcrumb":{"@id":"https:\/\/www.shoerepair-online.com\/fr\/#breadcrumb"},"inLanguage":"fr-FR","potentialAction":[{"@type":"ReadAction","target":["https:\/\/www.shoerepair-online.com\/fr\/"]}]},{"@type":"BreadcrumbList","@id":"https:\/\/www.shoerepair-online.com\/fr\/#breadcrumb","itemListElement":[{"@type":"ListItem","position":1,"name":"Home","item":"https:\/\/www.shoerepair-online.com\/fr\/"},{"@type":"ListItem","position":2,"name":"Home"}]},{"@type":"WebSite","@id":"https:\/\/www.shoerepair-online.com\/fr\/#website","url":"https:\/\/www.shoerepair-online.com\/fr\/","name":"Shoe Repair Online","description":"Powered by Mister Minit","potentialAction":[{"@type":"SearchAction","target":{"@type":"EntryPoint","urlTemplate":"https:\/\/www.shoerepair-online.com\/fr\/?s={search_term_string}"},"query-input":{"@type":"PropertyValueSpecification","valueRequired":true,"valueName":"search_term_string"}}],"inLanguage":"fr-FR"}]}},"_links":{"self":[{"href":"https:\/\/www.shoerepair-online.com\/fr\/wp-json\/wp\/v2\/pages\/5045","targetHints":{"allow":["GET"]}}],"collection":[{"href":"https:\/\/www.shoerepair-online.com\/fr\/wp-json\/wp\/v2\/pages"}],"about":[{"href":"https:\/\/www.shoerepair-online.com\/fr\/wp-json\/wp\/v2\/types\/page"}],"author":[{"embeddable":true,"href":"https:\/\/www.shoerepair-online.com\/fr\/wp-json\/wp\/v2\/users\/1"}],"replies":[{"embeddable":true,"href":"https:\/\/www.shoerepair-online.com\/fr\/wp-json\/wp\/v2\/comments?post=5045"}],"version-history":[{"count":25,"href":"https:\/\/www.shoerepair-online.com\/fr\/wp-json\/wp\/v2\/pages\/5045\/revisions"}],"predecessor-version":[{"id":7071,"href":"https:\/\/www.shoerepair-online.com\/fr\/wp-json\/wp\/v2\/pages\/5045\/revisions\/7071"}],"wp:attachment":[{"href":"https:\/\/www.shoerepair-online.com\/fr\/wp-json\/wp\/v2\/media?parent=5045"}],"wp:term":[{"taxonomy":"post_tag","embeddable":true,"href":"https:\/\/www.shoerepair-online.com\/fr\/wp-json\/wp\/v2\/tags?post=5045"}],"curies":[{"name":"wp","href":"https:\/\/api.w.org\/{rel}","templated":true}]}}